{"id":1846,"date":"2018-02-16T16:54:35","date_gmt":"2018-02-16T22:54:35","guid":{"rendered":"https:\/\/midwesthis.com\/mes\/?page_id=1846"},"modified":"2024-10-25T16:11:50","modified_gmt":"2024-10-25T21:11:50","slug":"contacto","status":"publish","type":"page","link":"https:\/\/midwesthis.com\/es\/contacto\/","title":{"rendered":"Contacto"},"content":{"rendered":"<div  data-label=\"Call our agents\" data-id=\"cta--1\" data-export-id=\"cta-centered-section-grid\" data-category=\"cta\" class=\"cta-centered-section-grid content-section content-section-spacing-medium bg-color1 white-text\" id=\"call-our-agents\" style=\"background-image: none; background-color: rgb(0, 148, 82);\"><div  class=\"\"> <div  class=\"row text-center\"><div  class=\"col-xs-12 col-sm-10 col-sm-offset-1 col-md-8 col-md-offset-2\" data-type=\"column\"> <h2  class=\"\" data-lt-tmp-id=\"lt-570481\" data-gramm=\"false\"><span  style=\"font-family: Lora, arial, helvetica, sans-serif; font-weight: 400;\">Nuestros agentes experimentados<\/span><br ><span  style=\"font-weight: 400; font-family: Lora, arial, helvetica, sans-serif;\">\r\nde Midwest Health Insurance Solutions<\/span><br ><span  style=\"font-weight: 400; font-family: Lora, arial, helvetica, sans-serif;\">quieren conocerlo. Llame al <a data-mce-href=\"tel:4029720820\" href=\"tel:4029720820\" target=\"_self\" data-mce-selected=\"inline-boundary\" data-cp-link=\"1\" rel=\"noopener\">(402) 972-0820<\/a>,<\/span><br ><span  style=\"font-weight: 400; font-family: Lora, arial, helvetica, sans-serif;\">responderemos sus preguntas en ingl\u00e9s o espa\u00f1ol<\/span>.<\/h2>  <\/div> <\/div><\/div> <\/div><div  data-label=\"Contact  text\" data-id=\"cta--2\" data-export-id=\"cta-centered-section-grid\" data-category=\"cta\" class=\"cta-centered-section-grid content-section content-section-spacing-medium bg-color1 dark-text\" id=\"contact-text\" style=\"background-image: none; background-color: rgb(255, 255, 255);\"><div  class=\"\"> <div  class=\"row text-center\"><div  class=\"col-xs-12 col-sm-10 col-sm-offset-1 col-md-8 col-md-offset-2\" data-type=\"column\"> <h2  class=\"\" style=\"text-align: left;\" data-lt-tmp-id=\"lt-19999\" data-gramm=\"false\"><span  style=\"font-weight: 400;\">Cont\u00e1ctenos<\/span><\/h2>  <p  class=\"lead\" style=\"text-align: left;\" data-lt-tmp-id=\"lt-89424\" data-gramm=\"false\"><span  style=\"font-weight: 400;\">Estamos para ayudarle y facilitarle el proceso. Nuestros agentes expertos en Midwest Health Insurance Solutions desean conocerle.\r\n<br ><br >\r\n\r\n<\/span><span  style=\"font-weight: 400;\">Podemos reunirnos en persona (siguiendo los lineamentos del CDC), o por tel\u00e9fono o Zoom. Responderemos a sus preguntas y le ayudaremos a inscribirse f\u00e1cilmente para obtener los beneficios a los que tiene derecho. Somos especialistas que entienden cu\u00e1les son los beneficios m\u00e1s apropiados para usted y su situaci\u00f3n, as\u00ed como coberturas para veteranos, jubilados y discapacitados.\r\n<br ><\/span><span  style=\"font-weight: 400;\">\r\n<br >Las reglas son complicadas. Afortunadamente, no es necesario que usted conozca todas las reglas y los diversos planes. Podemos explicarle todo ello muy bien en ingl\u00e9s y en espa\u00f1ol. Queremos que usted est\u00e9 debidamente asegurado, sin preocuparse de omitir algo ni de pagar sanciones.\r\n\r\n<br ><br >\r\n<\/span><span  style=\"font-weight: 400;\">Hable con nuestros agentes biling\u00fces y con licencia al<span  style=\"font-weight: 700; color: rgb(0, 148, 82);\"> <a data-mce-href=\"tel:4029720820\" href=\"tel:4029720820\" target=\"_self\" data-mce-selected=\"inline-boundary\" data-cp-link=\"1\" rel=\"noopener\">(402) 972-0820<\/a> <\/span>para inscribirse en un plan de seguro m\u00e9dico hoy mismo.\r\n<br ><br >\r\n<\/span><span  style=\"font-weight: 400;\">Si prefiere, llene este formulario y pronto le responderemos:<\/span><\/p><\/div> <\/div><\/div> <\/div><div  data-label=\"Contact form\" data-id=\"contact-1\" data-export-id=\"contact-1\" data-category=\"contact\" class=\"contact-1 content-section content-section-spacing section-title-col-dark-text\" data-parallax-depth=\"20\" id=\"contact-form\" style=\"background-color: rgb(255, 255, 255); background-size: cover; background-position: center top; background-image: url(&quot;https:\/\/midwesthis.com\/wp-content\/uploads\/2024\/04\/contact_our_Spanish_Speaking_agents-1.jpg&quot;);\" data-section-ov=\"1\"> <div  class=\"gridContainer\"> <div  class=\"row text-center\"> <div  class=\"section-title-col\" data-type=\"column\">   <\/div> <\/div> <div  class=\"row text-center\"> <div  class=\"col-xs-12 col-sm-8 col-sm-offset-2 contact-form-wrapper inline-info\"> <div  class=\"card large-padding\"> <div  class=\"\" data-content-shortcode=\"mesmerize_contact_form shortcode=&quot;wpforms id=&amp;amp;quot;120&amp;amp;quot;&quot;\" data-editable=\"true\"><div class=\"wpforms-container wpforms-container-full\" id=\"wpforms-120\"><form id=\"wpforms-form-120\" class=\"wpforms-validate wpforms-form\" data-formid=\"120\" method=\"post\" enctype=\"multipart\/form-data\" action=\"\/es\/wp-json\/wp\/v2\/pages\/1846\" data-token=\"3014d44f707a29503df074932bc2d722\" data-token-time=\"1776891223\"><noscript class=\"wpforms-error-noscript\">Por favor, activa JavaScript en tu navegador para completar este formulario.<\/noscript><div class=\"wpforms-field-container\"><div id=\"wpforms-120-field_0-container\" class=\"wpforms-field wpforms-field-name\" data-field-id=\"0\"><label class=\"wpforms-field-label\">Name\/Nombre <span class=\"wpforms-required-label\">*<\/span><\/label><div class=\"wpforms-field-row wpforms-field-medium\"><div class=\"wpforms-field-row-block wpforms-first wpforms-one-half\"><input type=\"text\" id=\"wpforms-120-field_0\" class=\"wpforms-field-name-first wpforms-field-required\" name=\"wpforms[fields][0][first]\" required><label for=\"wpforms-120-field_0\" class=\"wpforms-field-sublabel after\">First<\/label><\/div><div class=\"wpforms-field-row-block wpforms-one-half\"><input type=\"text\" id=\"wpforms-120-field_0-last\" class=\"wpforms-field-name-last wpforms-field-required\" name=\"wpforms[fields][0][last]\" required><label for=\"wpforms-120-field_0-last\" class=\"wpforms-field-sublabel after\">Last<\/label><\/div><\/div><\/div><div id=\"wpforms-120-field_3-container\" class=\"wpforms-field wpforms-field-text\" data-field-id=\"3\"><label class=\"wpforms-field-label\" for=\"wpforms-120-field_3\">Address\/Direcci\u00f3n <span class=\"wpforms-required-label\">*<\/span><\/label><input type=\"text\" id=\"wpforms-120-field_3\" class=\"wpforms-field-medium wpforms-field-required\" name=\"wpforms[fields][3]\" required><\/div><div id=\"wpforms-120-field_4-container\" class=\"wpforms-field wpforms-field-text\" data-field-id=\"4\"><label class=\"wpforms-field-label\" for=\"wpforms-120-field_4\">City, State, Zip Code\/Ciudad, Estado, C\u00f3digo Postal <span class=\"wpforms-required-label\">*<\/span><\/label><input type=\"text\" id=\"wpforms-120-field_4\" class=\"wpforms-field-medium wpforms-field-required\" name=\"wpforms[fields][4]\" required><\/div><div id=\"wpforms-120-field_5-container\" class=\"wpforms-field wpforms-field-text\" data-field-id=\"5\"><label class=\"wpforms-field-label\" for=\"wpforms-120-field_5\">Phone\/Tel\u00e9fono <span class=\"wpforms-required-label\">*<\/span><\/label><input type=\"text\" id=\"wpforms-120-field_5\" class=\"wpforms-field-medium wpforms-field-required\" name=\"wpforms[fields][5]\" required><\/div><div id=\"wpforms-120-field_1-container\" class=\"wpforms-field wpforms-field-email\" data-field-id=\"1\"><label class=\"wpforms-field-label\" for=\"wpforms-120-field_1\">Email\/Correo electr\u00f3nico <span class=\"wpforms-required-label\">*<\/span><\/label><input type=\"email\" id=\"wpforms-120-field_1\" class=\"wpforms-field-medium wpforms-field-required\" name=\"wpforms[fields][1]\" spellcheck=\"false\" required><\/div><div id=\"wpforms-120-field_6-container\" class=\"wpforms-field wpforms-field-checkbox\" data-field-id=\"6\"><label class=\"wpforms-field-label\">What is the best way to contact you to set up a meeting?\/\u00bfCu\u00e1l es la mejor manera de comunicarme con usted para concretar una reuni\u00f3n? <span class=\"wpforms-required-label\">*<\/span><\/label><ul id=\"wpforms-120-field_6\" class=\"wpforms-field-required\"><li class=\"choice-1 depth-1\"><input type=\"checkbox\" id=\"wpforms-120-field_6_1\" name=\"wpforms[fields][6][]\" value=\"Phone\/Tel\u00e9fono\" required ><label class=\"wpforms-field-label-inline\" for=\"wpforms-120-field_6_1\">Phone\/Tel\u00e9fono<\/label><\/li><li class=\"choice-2 depth-1\"><input type=\"checkbox\" id=\"wpforms-120-field_6_2\" name=\"wpforms[fields][6][]\" value=\"Email\/Correo electr\u00f3nico\" required ><label class=\"wpforms-field-label-inline\" for=\"wpforms-120-field_6_2\">Email\/Correo electr\u00f3nico<\/label><\/li><\/ul><\/div><div id=\"wpforms-120-field_7-container\" class=\"wpforms-field wpforms-field-checkbox\" data-field-id=\"7\"><label class=\"wpforms-field-label\">When is the best time to call you?\/\u00bfCuando es el mejor momento para llamarte? <span class=\"wpforms-required-label\">*<\/span><\/label><ul id=\"wpforms-120-field_7\" class=\"wpforms-field-required\"><li class=\"choice-1 depth-1\"><input type=\"checkbox\" id=\"wpforms-120-field_7_1\" name=\"wpforms[fields][7][]\" value=\"Morning\/Ma\u00f1ana\" required ><label class=\"wpforms-field-label-inline\" for=\"wpforms-120-field_7_1\">Morning\/Ma\u00f1ana<\/label><\/li><li class=\"choice-2 depth-1\"><input type=\"checkbox\" id=\"wpforms-120-field_7_2\" name=\"wpforms[fields][7][]\" value=\"Afternoon\/Tarde\" required ><label class=\"wpforms-field-label-inline\" for=\"wpforms-120-field_7_2\">Afternoon\/Tarde<\/label><\/li><li class=\"choice-4 depth-1\"><input type=\"checkbox\" id=\"wpforms-120-field_7_4\" name=\"wpforms[fields][7][]\" value=\"Evening\/Noche\" required ><label class=\"wpforms-field-label-inline\" for=\"wpforms-120-field_7_4\">Evening\/Noche<\/label><\/li><li class=\"choice-5 depth-1\"><input type=\"checkbox\" id=\"wpforms-120-field_7_5\" name=\"wpforms[fields][7][]\" value=\"Weekend\/Fines de semana\" required ><label class=\"wpforms-field-label-inline\" for=\"wpforms-120-field_7_5\">Weekend\/Fines de semana<\/label><\/li><\/ul><\/div><\/div><!-- .wpforms-field-container --><div class=\"wpforms-recaptcha-container wpforms-is-recaptcha wpforms-is-recaptcha-type-v3\" ><input type=\"hidden\" name=\"wpforms[recaptcha]\" value=\"\"><\/div><div class=\"wpforms-submit-container\" ><input type=\"hidden\" name=\"wpforms[id]\" value=\"120\"><input type=\"hidden\" name=\"page_title\" value=\"\"><input type=\"hidden\" name=\"page_url\" value=\"https:\/\/midwesthis.com\/es\/wp-json\/wp\/v2\/pages\/1846\"><input type=\"hidden\" name=\"url_referer\" value=\"\"><button type=\"submit\" name=\"wpforms[submit]\" id=\"wpforms-submit-120\" class=\"wpforms-submit\" data-alt-text=\"Sending...\" data-submit-text=\"Send Request\/Enviar solicitud\" aria-live=\"assertive\" value=\"wpforms-submit\">Send Request\/Enviar solicitud<\/button><\/div><\/form><\/div>  <!-- .wpforms-container --><\/div> <\/div> <\/div> <\/div> <\/div> <\/div>","protected":false},"excerpt":{"rendered":"<p>Nuestros agentes experimentados de Midwest Health Insurance Solutionsquieren conocerlo. Llame al (402) 972-0820,responderemos sus preguntas en ingl\u00e9s o espa\u00f1ol. Cont\u00e1ctenos Estamos para ayudarle y facilitarle el proceso. Nuestros agentes expertos en Midwest Health Insurance Solutions desean conocerle. Podemos reunirnos en persona (siguiendo los lineamentos del CDC), o por tel\u00e9fono o Zoom. Responderemos a sus preguntas&hellip; <br \/> <a class=\"read-more\" href=\"https:\/\/midwesthis.com\/es\/contacto\/\">Leer m\u00e1s<\/a><\/p>\n","protected":false},"author":4,"featured_media":876,"parent":0,"menu_order":0,"comment_status":"closed","ping_status":"closed","template":"pro\/page-templates\/full-width-page.php","meta":{"footnotes":""},"class_list":["post-1846","page","type-page","status-publish","has-post-thumbnail","hentry"],"yoast_head":"<!-- This site is optimized with the Yoast SEO plugin v27.3 - https:\/\/yoast.com\/product\/yoast-seo-wordpress\/ -->\n<title>Contacto - Midwest Health Insurance Solutions<\/title>\n<meta name=\"description\" content=\"Estamos aqu\u00ed para ayudarle. Comun\u00edquese con nuestros agentes biling\u00fces autorizados al (402) 972-0820 o complete un formulario aqu\u00ed.\" \/>\n<meta name=\"robots\" content=\"index, follow, max-snippet:-1, max-image-preview:large, max-video-preview:-1\" \/>\n<link rel=\"canonical\" href=\"https:\/\/midwesthis.com\/es\/contacto\/\" \/>\n<meta property=\"og:locale\" content=\"es_ES\" \/>\n<meta property=\"og:type\" content=\"article\" \/>\n<meta property=\"og:title\" content=\"Contacto - Midwest Health Insurance Solutions\" \/>\n<meta property=\"og:description\" content=\"Estamos aqu\u00ed para ayudarle. Comun\u00edquese con nuestros agentes biling\u00fces autorizados al (402) 972-0820 o complete un formulario aqu\u00ed.\" \/>\n<meta property=\"og:url\" content=\"https:\/\/midwesthis.com\/es\/contacto\/\" \/>\n<meta property=\"og:site_name\" content=\"Omaha Medicare Advantage Obamacare Obama Care Midwest Health Insurance Omaha Obamacare Affordable Care Act (ACA) Obamacare Omaha Medicaid Medicare Insurance\" \/>\n<meta property=\"article:modified_time\" content=\"2024-10-25T21:11:50+00:00\" \/>\n<meta property=\"og:image\" content=\"https:\/\/midwesthis.com\/wp-content\/uploads\/2024\/04\/contact_our_Spanish_Speaking_agents-2.jpg\" \/>\n\t<meta property=\"og:image:width\" content=\"2490\" \/>\n\t<meta property=\"og:image:height\" content=\"1180\" \/>\n\t<meta property=\"og:image:type\" content=\"image\/jpeg\" \/>\n<meta name=\"twitter:card\" content=\"summary_large_image\" \/>\n<meta name=\"twitter:label1\" content=\"Tiempo de lectura\" \/>\n\t<meta name=\"twitter:data1\" content=\"1 minuto\" \/>\n<script type=\"application\/ld+json\" class=\"yoast-schema-graph\">{\"@context\":\"https:\\\/\\\/schema.org\",\"@graph\":[{\"@type\":\"WebPage\",\"@id\":\"https:\\\/\\\/midwesthis.com\\\/es\\\/contacto\\\/\",\"url\":\"https:\\\/\\\/midwesthis.com\\\/es\\\/contacto\\\/\",\"name\":\"Contacto - Midwest Health Insurance Solutions\",\"isPartOf\":{\"@id\":\"https:\\\/\\\/midwesthis.com\\\/es\\\/#website\"},\"primaryImageOfPage\":{\"@id\":\"https:\\\/\\\/midwesthis.com\\\/es\\\/contacto\\\/#primaryimage\"},\"image\":{\"@id\":\"https:\\\/\\\/midwesthis.com\\\/es\\\/contacto\\\/#primaryimage\"},\"thumbnailUrl\":\"https:\\\/\\\/midwesthis.com\\\/wp-content\\\/uploads\\\/2024\\\/04\\\/contact_our_Spanish_Speaking_agents-2.jpg\",\"datePublished\":\"2018-02-16T22:54:35+00:00\",\"dateModified\":\"2024-10-25T21:11:50+00:00\",\"description\":\"Estamos aqu\u00ed para ayudarle. Comun\u00edquese con nuestros agentes biling\u00fces autorizados al (402) 972-0820 o complete un formulario aqu\u00ed.\",\"breadcrumb\":{\"@id\":\"https:\\\/\\\/midwesthis.com\\\/es\\\/contacto\\\/#breadcrumb\"},\"inLanguage\":\"es\",\"potentialAction\":[{\"@type\":\"ReadAction\",\"target\":[\"https:\\\/\\\/midwesthis.com\\\/es\\\/contacto\\\/\"]}]},{\"@type\":\"ImageObject\",\"inLanguage\":\"es\",\"@id\":\"https:\\\/\\\/midwesthis.com\\\/es\\\/contacto\\\/#primaryimage\",\"url\":\"https:\\\/\\\/midwesthis.com\\\/wp-content\\\/uploads\\\/2024\\\/04\\\/contact_our_Spanish_Speaking_agents-2.jpg\",\"contentUrl\":\"https:\\\/\\\/midwesthis.com\\\/wp-content\\\/uploads\\\/2024\\\/04\\\/contact_our_Spanish_Speaking_agents-2.jpg\",\"width\":2490,\"height\":1180,\"caption\":\"SSUCv3H4sIAAAAAAAACpxSS27DIBTcV+odItaNZBtjJ71K1QWGlxgFGwtwqyjK3QvYOC\\\/KrjszM+83ntv7225HOu6UIJ+7W3yFt9J6dt5yr8wY4OJjxS2MEixGfixtCgyAVN5YxTUGO+5FP\\\/IBAjjOWkf4nkjiPPezA4emu372HqzzRlwCXG5d1DlhU2+8wQTXfLhi4GQBJvVULC3wwXmVdnhUStPBy6CyovYUAbSn4B7O4bCnTbNvX8t7l4lEhopAEbJ2XU6bu4RlaGn+r8rl43u75AyjiCbc7mhrCxr44u7XIiWX3+DtkK5YRXyWyqCrfozgOgoo6jRZJdR4RmXG9ykLuUyYefT2ijcn2piJdzp6fgo9IeM9dy7IZcax0SF5ZkBzRuPTAWtXIsOfiM+S0qKoygOtK0ZZ2R4KgiPVq9AnrZMXnCdtuIQ4dHP7JWwNYy1t6\\\/a4mf+au1VzpA\\\/NFsHMsQeH0phZ1P05mIuAFTmLLxldBWX9EGxxXTlWLRQOQqpXEv92FY0grezY4Xhs9kUDfF\\\/XRbvvJIP9gVVNc2pKCkyE0N3\\\/AAAA\\\/\\\/8DAASY86cpBAAA\"},{\"@type\":\"BreadcrumbList\",\"@id\":\"https:\\\/\\\/midwesthis.com\\\/es\\\/contacto\\\/#breadcrumb\",\"itemListElement\":[{\"@type\":\"ListItem\",\"position\":1,\"name\":\"Home\",\"item\":\"https:\\\/\\\/midwesthis.com\\\/es\\\/\"},{\"@type\":\"ListItem\",\"position\":2,\"name\":\"Contacto\"}]},{\"@type\":\"WebSite\",\"@id\":\"https:\\\/\\\/midwesthis.com\\\/es\\\/#website\",\"url\":\"https:\\\/\\\/midwesthis.com\\\/es\\\/\",\"name\":\"Omaha Medicare Advantage Obamacare Obama Care Midwest Health Insurance Omaha Obamacare Affordable Care Act (ACA) Obamacare Omaha Medicaid Medicare Insurance\",\"description\":\"Medicare Advantage enrollment - Personal Health ObamaCare Insurance Plans\",\"publisher\":{\"@id\":\"https:\\\/\\\/midwesthis.com\\\/es\\\/#organization\"},\"potentialAction\":[{\"@type\":\"SearchAction\",\"target\":{\"@type\":\"EntryPoint\",\"urlTemplate\":\"https:\\\/\\\/midwesthis.com\\\/es\\\/?s={search_term_string}\"},\"query-input\":{\"@type\":\"PropertyValueSpecification\",\"valueRequired\":true,\"valueName\":\"search_term_string\"}}],\"inLanguage\":\"es\"},{\"@type\":\"Organization\",\"@id\":\"https:\\\/\\\/midwesthis.com\\\/es\\\/#organization\",\"name\":\"midwesthis.com\",\"url\":\"https:\\\/\\\/midwesthis.com\\\/es\\\/\",\"logo\":{\"@type\":\"ImageObject\",\"inLanguage\":\"es\",\"@id\":\"https:\\\/\\\/midwesthis.com\\\/es\\\/#\\\/schema\\\/logo\\\/image\\\/\",\"url\":\"https:\\\/\\\/midwesthis.com\\\/wp-content\\\/uploads\\\/2022\\\/07\\\/thumbnail.jpg\",\"contentUrl\":\"https:\\\/\\\/midwesthis.com\\\/wp-content\\\/uploads\\\/2022\\\/07\\\/thumbnail.jpg\",\"width\":600,\"height\":154,\"caption\":\"midwesthis.com\"},\"image\":{\"@id\":\"https:\\\/\\\/midwesthis.com\\\/es\\\/#\\\/schema\\\/logo\\\/image\\\/\"}}]}<\/script>\n<!-- \/ Yoast SEO plugin. -->","yoast_head_json":{"title":"Contacto - Midwest Health Insurance Solutions","description":"Estamos aqu\u00ed para ayudarle. Comun\u00edquese con nuestros agentes biling\u00fces autorizados al (402) 972-0820 o complete un formulario aqu\u00ed.","robots":{"index":"index","follow":"follow","max-snippet":"max-snippet:-1","max-image-preview":"max-image-preview:large","max-video-preview":"max-video-preview:-1"},"canonical":"https:\/\/midwesthis.com\/es\/contacto\/","og_locale":"es_ES","og_type":"article","og_title":"Contacto - Midwest Health Insurance Solutions","og_description":"Estamos aqu\u00ed para ayudarle. Comun\u00edquese con nuestros agentes biling\u00fces autorizados al (402) 972-0820 o complete un formulario aqu\u00ed.","og_url":"https:\/\/midwesthis.com\/es\/contacto\/","og_site_name":"Omaha Medicare Advantage Obamacare Obama Care Midwest Health Insurance Omaha Obamacare Affordable Care Act (ACA) Obamacare Omaha Medicaid Medicare Insurance","article_modified_time":"2024-10-25T21:11:50+00:00","og_image":[{"width":2490,"height":1180,"url":"https:\/\/midwesthis.com\/wp-content\/uploads\/2024\/04\/contact_our_Spanish_Speaking_agents-2.jpg","type":"image\/jpeg"}],"twitter_card":"summary_large_image","twitter_misc":{"Tiempo de lectura":"1 minuto"},"schema":{"@context":"https:\/\/schema.org","@graph":[{"@type":"WebPage","@id":"https:\/\/midwesthis.com\/es\/contacto\/","url":"https:\/\/midwesthis.com\/es\/contacto\/","name":"Contacto - Midwest Health Insurance Solutions","isPartOf":{"@id":"https:\/\/midwesthis.com\/es\/#website"},"primaryImageOfPage":{"@id":"https:\/\/midwesthis.com\/es\/contacto\/#primaryimage"},"image":{"@id":"https:\/\/midwesthis.com\/es\/contacto\/#primaryimage"},"thumbnailUrl":"https:\/\/midwesthis.com\/wp-content\/uploads\/2024\/04\/contact_our_Spanish_Speaking_agents-2.jpg","datePublished":"2018-02-16T22:54:35+00:00","dateModified":"2024-10-25T21:11:50+00:00","description":"Estamos aqu\u00ed para ayudarle. Comun\u00edquese con nuestros agentes biling\u00fces autorizados al (402) 972-0820 o complete un formulario aqu\u00ed.","breadcrumb":{"@id":"https:\/\/midwesthis.com\/es\/contacto\/#breadcrumb"},"inLanguage":"es","potentialAction":[{"@type":"ReadAction","target":["https:\/\/midwesthis.com\/es\/contacto\/"]}]},{"@type":"ImageObject","inLanguage":"es","@id":"https:\/\/midwesthis.com\/es\/contacto\/#primaryimage","url":"https:\/\/midwesthis.com\/wp-content\/uploads\/2024\/04\/contact_our_Spanish_Speaking_agents-2.jpg","contentUrl":"https:\/\/midwesthis.com\/wp-content\/uploads\/2024\/04\/contact_our_Spanish_Speaking_agents-2.jpg","width":2490,"height":1180,"caption":"SSUCv3H4sIAAAAAAAACpxSS27DIBTcV+odItaNZBtjJ71K1QWGlxgFGwtwqyjK3QvYOC\/KrjszM+83ntv7225HOu6UIJ+7W3yFt9J6dt5yr8wY4OJjxS2MEixGfixtCgyAVN5YxTUGO+5FP\/IBAjjOWkf4nkjiPPezA4emu372HqzzRlwCXG5d1DlhU2+8wQTXfLhi4GQBJvVULC3wwXmVdnhUStPBy6CyovYUAbSn4B7O4bCnTbNvX8t7l4lEhopAEbJ2XU6bu4RlaGn+r8rl43u75AyjiCbc7mhrCxr44u7XIiWX3+DtkK5YRXyWyqCrfozgOgoo6jRZJdR4RmXG9ykLuUyYefT2ijcn2piJdzp6fgo9IeM9dy7IZcax0SF5ZkBzRuPTAWtXIsOfiM+S0qKoygOtK0ZZ2R4KgiPVq9AnrZMXnCdtuIQ4dHP7JWwNYy1t6\/a4mf+au1VzpA\/NFsHMsQeH0phZ1P05mIuAFTmLLxldBWX9EGxxXTlWLRQOQqpXEv92FY0grezY4Xhs9kUDfF\/XRbvvJIP9gVVNc2pKCkyE0N3\/AAAA\/\/8DAASY86cpBAAA"},{"@type":"BreadcrumbList","@id":"https:\/\/midwesthis.com\/es\/contacto\/#breadcrumb","itemListElement":[{"@type":"ListItem","position":1,"name":"Home","item":"https:\/\/midwesthis.com\/es\/"},{"@type":"ListItem","position":2,"name":"Contacto"}]},{"@type":"WebSite","@id":"https:\/\/midwesthis.com\/es\/#website","url":"https:\/\/midwesthis.com\/es\/","name":"Omaha Medicare Advantage Obamacare Obama Care Midwest Health Insurance Omaha Obamacare Affordable Care Act (ACA) Obamacare Omaha Medicaid Medicare Insurance","description":"Medicare Advantage enrollment - Personal Health ObamaCare Insurance Plans","publisher":{"@id":"https:\/\/midwesthis.com\/es\/#organization"},"potentialAction":[{"@type":"SearchAction","target":{"@type":"EntryPoint","urlTemplate":"https:\/\/midwesthis.com\/es\/?s={search_term_string}"},"query-input":{"@type":"PropertyValueSpecification","valueRequired":true,"valueName":"search_term_string"}}],"inLanguage":"es"},{"@type":"Organization","@id":"https:\/\/midwesthis.com\/es\/#organization","name":"midwesthis.com","url":"https:\/\/midwesthis.com\/es\/","logo":{"@type":"ImageObject","inLanguage":"es","@id":"https:\/\/midwesthis.com\/es\/#\/schema\/logo\/image\/","url":"https:\/\/midwesthis.com\/wp-content\/uploads\/2022\/07\/thumbnail.jpg","contentUrl":"https:\/\/midwesthis.com\/wp-content\/uploads\/2022\/07\/thumbnail.jpg","width":600,"height":154,"caption":"midwesthis.com"},"image":{"@id":"https:\/\/midwesthis.com\/es\/#\/schema\/logo\/image\/"}}]}},"_links":{"self":[{"href":"https:\/\/midwesthis.com\/es\/wp-json\/wp\/v2\/pages\/1846","targetHints":{"allow":["GET"]}}],"collection":[{"href":"https:\/\/midwesthis.com\/es\/wp-json\/wp\/v2\/pages"}],"about":[{"href":"https:\/\/midwesthis.com\/es\/wp-json\/wp\/v2\/types\/page"}],"author":[{"embeddable":true,"href":"https:\/\/midwesthis.com\/es\/wp-json\/wp\/v2\/users\/4"}],"replies":[{"embeddable":true,"href":"https:\/\/midwesthis.com\/es\/wp-json\/wp\/v2\/comments?post=1846"}],"version-history":[{"count":13,"href":"https:\/\/midwesthis.com\/es\/wp-json\/wp\/v2\/pages\/1846\/revisions"}],"predecessor-version":[{"id":1904,"href":"https:\/\/midwesthis.com\/es\/wp-json\/wp\/v2\/pages\/1846\/revisions\/1904"}],"wp:featuredmedia":[{"embeddable":true,"href":"https:\/\/midwesthis.com\/es\/wp-json\/wp\/v2\/media\/876"}],"wp:attachment":[{"href":"https:\/\/midwesthis.com\/es\/wp-json\/wp\/v2\/media?parent=1846"}],"curies":[{"name":"wp","href":"https:\/\/api.w.org\/{rel}","templated":true}]}}