{"id":1872,"date":"2018-02-20T12:59:51","date_gmt":"2018-02-20T18:59:51","guid":{"rendered":"https:\/\/midwesthis.com\/mes\/?page_id=1872"},"modified":"2024-10-25T16:22:40","modified_gmt":"2024-10-25T21:22:40","slug":"nosotros","status":"publish","type":"page","link":"https:\/\/midwesthis.com\/es\/nosotros\/","title":{"rendered":"Nosotros"},"content":{"rendered":"<div  data-label=\"call our agents\" data-id=\"cta--1\" data-export-id=\"cta-centered-section-grid\" data-category=\"cta\" class=\"cta-centered-section-grid content-section content-section-spacing-medium bg-color1 white-text\" id=\"call-our-agents\" style=\"background-image: none; background-color: rgb(0, 148, 82);\"><div  class=\"\"> <div  class=\"row text-center\"><div  class=\"col-xs-12 col-sm-10 col-sm-offset-1 col-md-8 col-md-offset-2\" data-type=\"column\"> <h2  class=\"\" data-lt-tmp-id=\"lt-793360\" data-gramm=\"false\"><span  style=\"font-family: Lora, arial, helvetica, sans-serif; font-weight: 400;\">Nuestros especialistas en seguros biling\u00fces ayudan a las personas que tienen dificultades para comprender las opciones de seguro m\u00e9dico.<\/span><br ><span  style=\"font-family: Lora, arial, helvetica, sans-serif; font-weight: 400;\">\r\nLlame al <a data-mce-href=\"tel:4029720820\" href=\"tel:4029720820\" target=\"_self\" data-mce-selected=\"inline-boundary\" data-cp-link=\"1\" rel=\"noopener\"><span style=\"color: rgb(0, 148, 82);\" ><span style=\"color: rgb(245, 250, 253);\" >(402) 972-082<\/span>0<\/span><\/a><\/span><br ><span  style=\"font-family: Lora, arial, helvetica, sans-serif; font-weight: 400;\">responderemos sus preguntas en ingl\u00e9s o espa\u00f1ol.<\/span><\/h2>  <\/div> <\/div><\/div> <\/div><div  data-label=\"Edwin Garcia\" data-id=\"content--1\" data-export-id=\"content-8\" data-category=\"content\" class=\"content-8 content-section content-section-spacing\" id=\"edwin-garcia\" style=\"background-color: rgb(255, 255, 255);\"><div  class=\"gridContainer\"> <div  class=\"row middle-sm\"><div  class=\"col-sm-6 space-bottom-xs space-top-xs\" data-type=\"column\"> <img  decoding=\"async\" class=\"shadow-large\" src=\"https:\/\/midwesthis.com\/wp-content\/uploads\/2024\/09\/cropped-Edwin_Garcia_spanish_speaking_agent.jpg\" title=\"Edwin Garcia Spanish speaking agent\" alt=\"Health insurance and Medicare enrollment agent\"><\/div> <div  class=\"col-sm-6\" data-type=\"column\"><h2  class=\"\" data-lt-tmp-id=\"lt-358420\" data-gramm=\"false\"><span  style=\"font-weight: 400;\">Conozca a Edwin Garcia \u2013 Agente destacado<\/span><\/h2> <p  class=\"\" data-lt-tmp-id=\"lt-578170\" data-gramm=\"false\"><span  style=\"font-weight: 700;\">Para todos nuestros amigos que hablan espa\u00f1ol \u00bfno ser\u00eda bien que usted tuviera un especialista cuya lengua nativa sea espa\u00f1ol y con un inter\u00e9s muy genuino por usted y su familia? \u00bfY alguien que pudiera ayudarle con sus preguntas de seguro m\u00e9dico y su inscripci\u00f3n, sin costo alguno por sus servicios? Ahora ya conoce a esa persona.<\/span>\r\n<br ><br ><span  style=\"font-style: italic;\">En Midwest Health Insurance Solutions, nuestro especialista biling\u00fce es Edwin Garc\u00eda. Edwin ayuda a quienes tienen dificultad para entender las opciones y reglas de seguros m\u00e9dicos, y quieren asegurarse de seguir las normas precisas para inscribirse en el mejor plan y en el momento oportuno.<\/span><\/p> <\/div> <\/div><\/div> <\/div><div  data-label=\"About Edwin content\" data-id=\"cta--2\" data-export-id=\"cta-centered-section-grid\" data-category=\"cta\" class=\"cta-centered-section-grid content-section content-section-spacing-medium bg-color1 dark-text\" id=\"about-edwin-content\" style=\"background-image: none; background-color: rgb(255, 255, 255);\"><div  class=\"\"> <div  class=\"row text-center\"><div  class=\"col-xs-12 col-sm-10 col-sm-offset-1 col-md-8 col-md-offset-2\" data-type=\"column\">  <p  class=\"\" style=\"text-align: left;\" data-lt-tmp-id=\"lt-315414\" data-gramm=\"false\">\u00c9l es comprensivo y tiene una habilidad natural para asegurar que sus clientes est\u00e9n bien informados antes de que tomen una decisi\u00f3n. Inmediatamente se dan cuenta que \u00e9l se preocupa de coraz\u00f3n por el beneficio de ellos y se esfuerza lo m\u00e1s posible para ayudarles a encontrar la mejor soluci\u00f3n en funci\u00f3n del costo y su situaci\u00f3n personal.\r\n<br ><br >Edwin Garc\u00eda naci\u00f3 y se crio en Guatemala, y emigr\u00f3 a este pa\u00eds hace 13 a\u00f1os buscando una mejor vida. Tambi\u00e9n quiso ayudar a otros a lograr lo mismo. Como no sab\u00eda el idioma en ese tiempo, comenz\u00f3 a estudiar ingl\u00e9s y desarroll\u00f3 una carrera que pudo permitirle ayudar a sus vecinos de Nebraska y de Iowa a tener m\u00e1s confianza en la elecci\u00f3n de seguro m\u00e9dico.\r\n<br ><br >Se propuso como misi\u00f3n entender el negocio de los seguros m\u00e9dicos en Estados Unidos y ayudar a la gente, independientemente de su origen. Ha estado sirviendo a la comunidad como experto durante los \u00faltimos 6 a\u00f1os. Hay mucha confusi\u00f3n y falta de entendimiento del sistema de seguros m\u00e9dicos en Estados Unidos. Como m\u00ednimo se puede decir que es complicado. Nuestros queridos ciudadanos necesitan ayuda para entender cu\u00e1les son los planes, cu\u00e1les son las leyes y cu\u00e1les son los mejores planes para ellos y sus familias en un a\u00f1o determinado.\r\n<br ><br >Claro que algunas personas podr\u00edan entender por su cuenta todas las normas y reglamentos cambiantes, y todas las opciones de planes y programas, pero imag\u00ednese cu\u00e1nto tiempo tomar\u00eda. Edwin ha dedicado a\u00f1os a estudiar esta industria y a mantenerse actualizado con los cambios constantes y lo qu\u00e9 significan para usted. Tiene una gran cantidad de informaci\u00f3n y disfruta enormemente de ayudar a la gente a tomar la mejor decisi\u00f3n para ellos y sus familias.\r\n<br ><br >En su tiempo libre, Edwin disfruta de la actuaci\u00f3n y quiz\u00e1 lo ha visto actuar en los programas de Telemundo o en Caso Cerrado. \u00c9l tambi\u00e9n corre y disfruta de ello en muchos de los hermosos parques alrededor de Omaha.<br >\r\n\r\n<br >Comun\u00edquese con Edwin a<span style=\"color: rgb(0, 148, 82);\" > <a data-mce-href=\"mailto:edwin@midwesthis.com\" href=\"mailto:edwin@midwesthis.com\" target=\"_self\" data-mce-selected=\"inline-boundary\" data-cp-link=\"1\" rel=\"noopener\"><span  style=\"font-weight: 700;\">edwin@midwesthis.com<\/span>\ufeff<\/a> <\/span>o ll\u00e1melo al <span  style=\"font-weight: 700; color: rgb(0, 148, 82);\"><a data-mce-href=\"tel:4029720820\" href=\"tel:4029720820\" target=\"_self\" data-mce-selected=\"inline-boundary\" data-cp-link=\"1\" rel=\"noopener\">(402) 972-0820<\/a> <\/span>para que le ayude a cubrir sus necesidades de seguro m\u00e9dico.<\/p> <\/div> <\/div><\/div> <\/div><div  data-label=\"Testimonials\" data-id=\"testimonials-5\" data-export-id=\"testimonials-5\" data-category=\"testimonials\" class=\"testimonials-5 content-section content-section-spacing\" id=\"testimonials-5\" style=\"background-color: rgb(245, 250, 253); background-image: none;\">\r\n    <div  class=\"gridContainer\">\r\n        <div  class=\"row\">\r\n            <div  data-type=\"column\" class=\"section-title-col\">\r\n                \r\n                <h2  class=\"\" data-lt-tmp-id=\"lt-210368\" data-gramm=\"false\"><span  style=\"font-weight: 400;\">Profesional. Servicial. Amable.<\/span><\/h2>\r\n                \r\n\r\n            <\/div>\r\n        <\/div>\r\n        <div  class=\"row spaced-cols content-center-sm\" data-type=\"row\">\r\n            <div  class=\"col-sm-4 col-md-6 \">\r\n                <div  class=\"card y-move bordered\" data-type=\"column\">\r\n                    <i  class=\"fa fa-quote-right icon color1 small\"><\/i>\r\n                    <p  class=\"text-center\" data-lt-tmp-id=\"lt-641025\" data-gramm=\"false\">Trabaj\u00e9 con Edwin Garc\u00eda para encontrar el plan de seguro m\u00e9dico adecuado que se ajustara a mi presupuesto. Edwin me ayud\u00f3 a elegir mi deducible y qu\u00e9 plan era el mejor para mis necesidades m\u00e9dicas. Excelente servicio y muy profesional. \u00a1Gracias!<\/p>\r\n\r\n                    \r\n                    <h6  class=\"end\">Dave Tidwall<\/h6>\r\n                    \r\n\r\n                <\/div>\r\n            <\/div>\r\n            <div  class=\"col-sm-4 col-md-6 \">\r\n                <div  class=\"card y-move bordered\" data-type=\"column\">\r\n                    <i  class=\"fa fa-quote-right icon color1 small\"><\/i>\r\n                    <p  class=\"text-center\" data-lt-tmp-id=\"lt-440081\" data-gramm=\"false\">Edwin Garc\u00eda es siempre muy servicial y amable. Me ayud\u00f3 a conseguir un seguro que se adapta a mis necesidades y el proceso es sencillo en todo momento. Recomiendo mucho sus servicios.<\/p>\r\n\r\n                    \r\n                    <h6  class=\"end\">Alyssa Romero<\/h6>\r\n                    \r\n\r\n                <\/div>\r\n            <\/div>\r\n            \r\n        <\/div>\r\n    <\/div>\r\n<\/div>","protected":false},"excerpt":{"rendered":"<p>Nuestros especialistas en seguros biling\u00fces ayudan a las personas que tienen dificultades para comprender las opciones de seguro m\u00e9dico. Llame al (402) 972-0820responderemos sus preguntas en ingl\u00e9s o espa\u00f1ol. Conozca a Edwin Garcia \u2013 Agente destacado Para todos nuestros amigos que hablan espa\u00f1ol \u00bfno ser\u00eda bien que usted tuviera un especialista cuya lengua nativa sea&hellip; <br \/> <a class=\"read-more\" href=\"https:\/\/midwesthis.com\/es\/nosotros\/\">Leer m\u00e1s<\/a><\/p>\n","protected":false},"author":4,"featured_media":868,"parent":0,"menu_order":0,"comment_status":"closed","ping_status":"closed","template":"pro\/page-templates\/full-width-page.php","meta":{"footnotes":""},"class_list":["post-1872","page","type-page","status-publish","has-post-thumbnail","hentry"],"yoast_head":"<!-- This site is optimized with the Yoast SEO plugin v27.3 - https:\/\/yoast.com\/product\/yoast-seo-wordpress\/ -->\n<title>Nosotros - Midwest Health Insurance Solutions<\/title>\n<meta name=\"description\" content=\"Conozca a Edwin Garc\u00eda, agente destacado y nuestro especialista en seguros biling\u00fce (espa\u00f1ol\/ingl\u00e9s).\" \/>\n<meta name=\"robots\" content=\"index, follow, max-snippet:-1, max-image-preview:large, max-video-preview:-1\" \/>\n<link rel=\"canonical\" href=\"https:\/\/midwesthis.com\/es\/nosotros\/\" \/>\n<meta property=\"og:locale\" content=\"es_ES\" \/>\n<meta property=\"og:type\" content=\"article\" \/>\n<meta property=\"og:title\" content=\"Nosotros - Midwest Health Insurance Solutions\" \/>\n<meta property=\"og:description\" content=\"Conozca a Edwin Garc\u00eda, agente destacado y nuestro especialista en seguros biling\u00fce (espa\u00f1ol\/ingl\u00e9s).\" \/>\n<meta property=\"og:url\" content=\"https:\/\/midwesthis.com\/es\/nosotros\/\" \/>\n<meta property=\"og:site_name\" content=\"Omaha Medicare Advantage Obamacare Obama Care Midwest Health Insurance Omaha Obamacare Affordable Care Act (ACA) Obamacare Omaha Medicaid Medicare Insurance\" \/>\n<meta property=\"article:modified_time\" content=\"2024-10-25T21:22:40+00:00\" \/>\n<meta property=\"og:image\" content=\"https:\/\/midwesthis.com\/wp-content\/uploads\/2024\/04\/About_us_Spanish_Speaking_Agents-1.jpg\" \/>\n\t<meta property=\"og:image:width\" content=\"2483\" \/>\n\t<meta property=\"og:image:height\" content=\"1180\" \/>\n\t<meta property=\"og:image:type\" content=\"image\/jpeg\" \/>\n<meta name=\"twitter:card\" content=\"summary_large_image\" \/>\n<meta name=\"twitter:label1\" content=\"Tiempo de lectura\" \/>\n\t<meta name=\"twitter:data1\" content=\"3 minutos\" \/>\n<script type=\"application\/ld+json\" class=\"yoast-schema-graph\">{\"@context\":\"https:\\\/\\\/schema.org\",\"@graph\":[{\"@type\":\"WebPage\",\"@id\":\"https:\\\/\\\/midwesthis.com\\\/es\\\/nosotros\\\/\",\"url\":\"https:\\\/\\\/midwesthis.com\\\/es\\\/nosotros\\\/\",\"name\":\"Nosotros - Midwest Health Insurance Solutions\",\"isPartOf\":{\"@id\":\"https:\\\/\\\/midwesthis.com\\\/es\\\/#website\"},\"primaryImageOfPage\":{\"@id\":\"https:\\\/\\\/midwesthis.com\\\/es\\\/nosotros\\\/#primaryimage\"},\"image\":{\"@id\":\"https:\\\/\\\/midwesthis.com\\\/es\\\/nosotros\\\/#primaryimage\"},\"thumbnailUrl\":\"https:\\\/\\\/midwesthis.com\\\/wp-content\\\/uploads\\\/2024\\\/04\\\/About_us_Spanish_Speaking_Agents-1.jpg\",\"datePublished\":\"2018-02-20T18:59:51+00:00\",\"dateModified\":\"2024-10-25T21:22:40+00:00\",\"description\":\"Conozca a Edwin Garc\u00eda, agente destacado y nuestro especialista en seguros biling\u00fce (espa\u00f1ol\\\/ingl\u00e9s).\",\"breadcrumb\":{\"@id\":\"https:\\\/\\\/midwesthis.com\\\/es\\\/nosotros\\\/#breadcrumb\"},\"inLanguage\":\"es\",\"potentialAction\":[{\"@type\":\"ReadAction\",\"target\":[\"https:\\\/\\\/midwesthis.com\\\/es\\\/nosotros\\\/\"]}]},{\"@type\":\"ImageObject\",\"inLanguage\":\"es\",\"@id\":\"https:\\\/\\\/midwesthis.com\\\/es\\\/nosotros\\\/#primaryimage\",\"url\":\"https:\\\/\\\/midwesthis.com\\\/wp-content\\\/uploads\\\/2024\\\/04\\\/About_us_Spanish_Speaking_Agents-1.jpg\",\"contentUrl\":\"https:\\\/\\\/midwesthis.com\\\/wp-content\\\/uploads\\\/2024\\\/04\\\/About_us_Spanish_Speaking_Agents-1.jpg\",\"width\":2483,\"height\":1180,\"caption\":\"Businesswoman handshake and business people. Successful business concept.\"},{\"@type\":\"BreadcrumbList\",\"@id\":\"https:\\\/\\\/midwesthis.com\\\/es\\\/nosotros\\\/#breadcrumb\",\"itemListElement\":[{\"@type\":\"ListItem\",\"position\":1,\"name\":\"Home\",\"item\":\"https:\\\/\\\/midwesthis.com\\\/es\\\/\"},{\"@type\":\"ListItem\",\"position\":2,\"name\":\"Nosotros\"}]},{\"@type\":\"WebSite\",\"@id\":\"https:\\\/\\\/midwesthis.com\\\/es\\\/#website\",\"url\":\"https:\\\/\\\/midwesthis.com\\\/es\\\/\",\"name\":\"Omaha Medicare Advantage Obamacare Obama Care Midwest Health Insurance Omaha Obamacare Affordable Care Act (ACA) Obamacare Omaha Medicaid Medicare Insurance\",\"description\":\"Medicare Advantage enrollment - Personal Health ObamaCare Insurance Plans\",\"publisher\":{\"@id\":\"https:\\\/\\\/midwesthis.com\\\/es\\\/#organization\"},\"potentialAction\":[{\"@type\":\"SearchAction\",\"target\":{\"@type\":\"EntryPoint\",\"urlTemplate\":\"https:\\\/\\\/midwesthis.com\\\/es\\\/?s={search_term_string}\"},\"query-input\":{\"@type\":\"PropertyValueSpecification\",\"valueRequired\":true,\"valueName\":\"search_term_string\"}}],\"inLanguage\":\"es\"},{\"@type\":\"Organization\",\"@id\":\"https:\\\/\\\/midwesthis.com\\\/es\\\/#organization\",\"name\":\"midwesthis.com\",\"url\":\"https:\\\/\\\/midwesthis.com\\\/es\\\/\",\"logo\":{\"@type\":\"ImageObject\",\"inLanguage\":\"es\",\"@id\":\"https:\\\/\\\/midwesthis.com\\\/es\\\/#\\\/schema\\\/logo\\\/image\\\/\",\"url\":\"https:\\\/\\\/midwesthis.com\\\/wp-content\\\/uploads\\\/2022\\\/07\\\/thumbnail.jpg\",\"contentUrl\":\"https:\\\/\\\/midwesthis.com\\\/wp-content\\\/uploads\\\/2022\\\/07\\\/thumbnail.jpg\",\"width\":600,\"height\":154,\"caption\":\"midwesthis.com\"},\"image\":{\"@id\":\"https:\\\/\\\/midwesthis.com\\\/es\\\/#\\\/schema\\\/logo\\\/image\\\/\"}}]}<\/script>\n<!-- \/ Yoast SEO plugin. -->","yoast_head_json":{"title":"Nosotros - Midwest Health Insurance Solutions","description":"Conozca a Edwin Garc\u00eda, agente destacado y nuestro especialista en seguros biling\u00fce (espa\u00f1ol\/ingl\u00e9s).","robots":{"index":"index","follow":"follow","max-snippet":"max-snippet:-1","max-image-preview":"max-image-preview:large","max-video-preview":"max-video-preview:-1"},"canonical":"https:\/\/midwesthis.com\/es\/nosotros\/","og_locale":"es_ES","og_type":"article","og_title":"Nosotros - Midwest Health Insurance Solutions","og_description":"Conozca a Edwin Garc\u00eda, agente destacado y nuestro especialista en seguros biling\u00fce (espa\u00f1ol\/ingl\u00e9s).","og_url":"https:\/\/midwesthis.com\/es\/nosotros\/","og_site_name":"Omaha Medicare Advantage Obamacare Obama Care Midwest Health Insurance Omaha Obamacare Affordable Care Act (ACA) Obamacare Omaha Medicaid Medicare Insurance","article_modified_time":"2024-10-25T21:22:40+00:00","og_image":[{"width":2483,"height":1180,"url":"https:\/\/midwesthis.com\/wp-content\/uploads\/2024\/04\/About_us_Spanish_Speaking_Agents-1.jpg","type":"image\/jpeg"}],"twitter_card":"summary_large_image","twitter_misc":{"Tiempo de lectura":"3 minutos"},"schema":{"@context":"https:\/\/schema.org","@graph":[{"@type":"WebPage","@id":"https:\/\/midwesthis.com\/es\/nosotros\/","url":"https:\/\/midwesthis.com\/es\/nosotros\/","name":"Nosotros - Midwest Health Insurance Solutions","isPartOf":{"@id":"https:\/\/midwesthis.com\/es\/#website"},"primaryImageOfPage":{"@id":"https:\/\/midwesthis.com\/es\/nosotros\/#primaryimage"},"image":{"@id":"https:\/\/midwesthis.com\/es\/nosotros\/#primaryimage"},"thumbnailUrl":"https:\/\/midwesthis.com\/wp-content\/uploads\/2024\/04\/About_us_Spanish_Speaking_Agents-1.jpg","datePublished":"2018-02-20T18:59:51+00:00","dateModified":"2024-10-25T21:22:40+00:00","description":"Conozca a Edwin Garc\u00eda, agente destacado y nuestro especialista en seguros biling\u00fce (espa\u00f1ol\/ingl\u00e9s).","breadcrumb":{"@id":"https:\/\/midwesthis.com\/es\/nosotros\/#breadcrumb"},"inLanguage":"es","potentialAction":[{"@type":"ReadAction","target":["https:\/\/midwesthis.com\/es\/nosotros\/"]}]},{"@type":"ImageObject","inLanguage":"es","@id":"https:\/\/midwesthis.com\/es\/nosotros\/#primaryimage","url":"https:\/\/midwesthis.com\/wp-content\/uploads\/2024\/04\/About_us_Spanish_Speaking_Agents-1.jpg","contentUrl":"https:\/\/midwesthis.com\/wp-content\/uploads\/2024\/04\/About_us_Spanish_Speaking_Agents-1.jpg","width":2483,"height":1180,"caption":"Businesswoman handshake and business people. Successful business concept."},{"@type":"BreadcrumbList","@id":"https:\/\/midwesthis.com\/es\/nosotros\/#breadcrumb","itemListElement":[{"@type":"ListItem","position":1,"name":"Home","item":"https:\/\/midwesthis.com\/es\/"},{"@type":"ListItem","position":2,"name":"Nosotros"}]},{"@type":"WebSite","@id":"https:\/\/midwesthis.com\/es\/#website","url":"https:\/\/midwesthis.com\/es\/","name":"Omaha Medicare Advantage Obamacare Obama Care Midwest Health Insurance Omaha Obamacare Affordable Care Act (ACA) Obamacare Omaha Medicaid Medicare Insurance","description":"Medicare Advantage enrollment - Personal Health ObamaCare Insurance Plans","publisher":{"@id":"https:\/\/midwesthis.com\/es\/#organization"},"potentialAction":[{"@type":"SearchAction","target":{"@type":"EntryPoint","urlTemplate":"https:\/\/midwesthis.com\/es\/?s={search_term_string}"},"query-input":{"@type":"PropertyValueSpecification","valueRequired":true,"valueName":"search_term_string"}}],"inLanguage":"es"},{"@type":"Organization","@id":"https:\/\/midwesthis.com\/es\/#organization","name":"midwesthis.com","url":"https:\/\/midwesthis.com\/es\/","logo":{"@type":"ImageObject","inLanguage":"es","@id":"https:\/\/midwesthis.com\/es\/#\/schema\/logo\/image\/","url":"https:\/\/midwesthis.com\/wp-content\/uploads\/2022\/07\/thumbnail.jpg","contentUrl":"https:\/\/midwesthis.com\/wp-content\/uploads\/2022\/07\/thumbnail.jpg","width":600,"height":154,"caption":"midwesthis.com"},"image":{"@id":"https:\/\/midwesthis.com\/es\/#\/schema\/logo\/image\/"}}]}},"_links":{"self":[{"href":"https:\/\/midwesthis.com\/es\/wp-json\/wp\/v2\/pages\/1872","targetHints":{"allow":["GET"]}}],"collection":[{"href":"https:\/\/midwesthis.com\/es\/wp-json\/wp\/v2\/pages"}],"about":[{"href":"https:\/\/midwesthis.com\/es\/wp-json\/wp\/v2\/types\/page"}],"author":[{"embeddable":true,"href":"https:\/\/midwesthis.com\/es\/wp-json\/wp\/v2\/users\/4"}],"replies":[{"embeddable":true,"href":"https:\/\/midwesthis.com\/es\/wp-json\/wp\/v2\/comments?post=1872"}],"version-history":[{"count":6,"href":"https:\/\/midwesthis.com\/es\/wp-json\/wp\/v2\/pages\/1872\/revisions"}],"predecessor-version":[{"id":1908,"href":"https:\/\/midwesthis.com\/es\/wp-json\/wp\/v2\/pages\/1872\/revisions\/1908"}],"wp:featuredmedia":[{"embeddable":true,"href":"https:\/\/midwesthis.com\/es\/wp-json\/wp\/v2\/media\/868"}],"wp:attachment":[{"href":"https:\/\/midwesthis.com\/es\/wp-json\/wp\/v2\/media?parent=1872"}],"curies":[{"name":"wp","href":"https:\/\/api.w.org\/{rel}","templated":true}]}}