{"id":1883,"date":"2024-09-29T13:31:15","date_gmt":"2024-09-29T18:31:15","guid":{"rendered":"https:\/\/midwesthis.com\/mes\/?page_id=1883"},"modified":"2024-11-12T10:47:42","modified_gmt":"2024-11-12T16:47:42","slug":"servicios","status":"publish","type":"page","link":"https:\/\/midwesthis.com\/es\/servicios\/","title":{"rendered":"Servicios"},"content":{"rendered":"<div  data-label=\"Call our agents\" data-id=\"cta--1\" data-export-id=\"cta-centered-section-grid\" data-category=\"cta\" class=\"cta-centered-section-grid content-section content-section-spacing-medium bg-color1 white-text\" id=\"call-our-agents\" style=\"background-image: none; background-color: rgb(0, 148, 82);\"><div  class=\"\"> <div  class=\"row text-center\"><div  class=\"col-xs-12 col-sm-10 col-sm-offset-1 col-md-8 col-md-offset-2\" data-type=\"column\"> <h2  class=\"\" data-lt-tmp-id=\"lt-678783\" data-gramm=\"false\"><span  style=\"font-family: Lora, arial, helvetica, sans-serif;\">Servicios de una agencia de seguros de salud<br >\nLe ofrecemos un servicio especializado en la inscripci\u00f3n a un seguro de salud en Nebraska y Iowa<br >\nLlame al <a data-mce-href=\"tel:4029720820\" href=\"tel:4029720820\" target=\"_self\" data-mce-selected=\"inline-boundary\" data-cp-link=\"1\" rel=\"noopener\">(402) 972-0820<\/a><br >\nResponderemos sus preguntas en ingl\u00e9s o espa\u00f1ol.<\/span><\/h2>  <\/div> <\/div><\/div> <\/div><div  data-label=\"Cta\" data-id=\"cta--2\" data-export-id=\"cta-centered-section-grid\" data-category=\"cta\" class=\"cta-centered-section-grid content-section content-section-spacing-medium bg-color1 dark-text\" id=\"cta-1\" style=\"background-image: none; background-color: rgb(255, 255, 255);\"><div  class=\"\"> <div  class=\"row text-center\"><div  class=\"col-xs-12 col-sm-10 col-sm-offset-1 col-md-8 col-md-offset-2\" data-type=\"column\"> <h2  class=\"\" style=\"text-align: left;\" data-lt-tmp-id=\"lt-619495\" data-gramm=\"false\"><span  style=\"font-weight: 400;\">Nuestros servicios de seguros<\/span><\/h2> <h5  class=\"\" style=\"text-align: left;\" data-lt-tmp-id=\"lt-323224\" data-gramm=\"false\"><span  style=\"color: rgb(51, 51, 51); font-style: italic; font-weight: 700;\">Sirvi\u00e9ndole de manera experta con la inscripci\u00f3n en seguros de salud en Nebraska e Iowa<\/span><\/h5><h5  class=\"\" style=\"text-align: left;\" data-lt-tmp-id=\"lt-312497\" data-gramm=\"false\"><span  style=\"color: rgb(43, 114, 171);\">Con solo una llamada telef\u00f3nica responder\u00e1 sus preguntas, en ingl\u00e9s o en espa\u00f1ol.<\/span><\/h5><p  class=\"\" style=\"text-align: left;\" data-lt-tmp-id=\"lt-138891\" data-gramm=\"false\"><span  style=\"color: rgb(0, 148, 82); font-weight: 400; font-style: italic;\">\u00bfLe gustar\u00eda que alguien le acompa\u00f1e para descifrar todo y hacerlo sencillo?<br >\n\u00bfEs usted veterano y desear\u00eda que su cobertura incluya visitas a un proveedor m\u00e9dico local?<br >\n\u00bfLe preocupan las cuestiones m\u00e9dicas y duda si le cubrir\u00e1n los costos?<br >\n\u00bfCumplir\u00e1 pronto los 65 a\u00f1os y tiene por ello preguntas sobre Medicare y la cobertura del seguro?<br >\n\u00bfDesear\u00eda que un especialista le conteste sus preguntas y lo inscriba sin ning\u00fan costo?<\/span><\/p><p  class=\"\" style=\"text-align: left;\" data-lt-tmp-id=\"lt-406544\" data-gramm=\"false\">Sabemos que entender las reglas y opciones del seguro m\u00e9dico es una tarea dif\u00edcil. S\u00ed, ello nos incluye a casi todos nosotros. A menos que usted estudie seguido e investigue como lo hacen nuestros agentes con licencia, nadie espera que usted entienda las opciones de seguros disponibles. Estamos aqu\u00ed para ayudar.\n<br ><br >Encontrar el plan adecuado para sus circunstancias espec\u00edficas es complicado. Nuestros agentes est\u00e1n capacitados, entrenados y actualizados sobre las normas y reglamentos federales y estatales. Ofrecemos sus servicios y su experiencia sin costo alguno para nuestros clientes.\n<br ><br >Tambi\u00e9n podemos ayudarlo a inscribirse para recibir su beneficio de jubilaci\u00f3n del Seguro Social. Llame al <span  style=\"color: rgb(0, 148, 82);\"><a data-mce-href=\"tel:4029720820\" href=\"tel:4029720820\" target=\"_self\" data-mce-selected=\"inline-boundary\" data-cp-link=\"1\" rel=\"noopener\">(402)972-0820<\/a><\/span> para comenzar.<\/p> <h3  class=\"\" style=\"text-align: left;\">MEDICARE<\/h3><p  class=\"\" style=\"text-align: left;\" data-lt-tmp-id=\"lt-833142\" data-gramm=\"false\">Midwest Health Insurance Solutions es el&nbsp;<span  style=\"font-weight: 700;\"><span  style=\"color: rgb(0, 148, 82);\"><a data-mce-href=\"..\/services\/medicare-broker\" href=\"https:\/\/midwesthis.com\/es\/services\/medicare-broker\" target=\"_self\" data-mce-selected=\"inline-boundary\" data-cp-link=\"1\" rel=\"noopener\" class=\"\">Corredor de Medicare<\/a>&nbsp;<\/span><span  style=\"font-weight: 400;\">m\u00e1s confiable&nbsp;<\/span><\/span>en Omaha, Nebraska. \u00bfCumplir\u00e1 65 a\u00f1os pronto? Nuestros agentes biling\u00fces altamente experimentados pueden ayudarlo a encontrar el mejor plan de seguro para sus necesidades a un precio que se ajuste a su presupuesto.\n<br ><br >Cuando se acerca a los 65 a\u00f1os de edad, piensa m\u00e1s en <span  style=\"font-weight: 700;\">Medicare<\/span> y tiene muchas preguntas. Nosotros ayudamos a nuestros clientes a entender las reglas para saber cu\u00e1ndo inscribirse y los beneficios que eso conlleva. Desafortunadamente, vemos gente que no recibi\u00f3 beneficios a los que ten\u00edan derecho, porque estaban mal informados acerca de las reglas. Nuestro objetivo es ayudar a todos a entender los beneficios disponibles para ellos.\n<br ><br >Preg\u00fantenos sobre la inscripci\u00f3n en Expanded Medicaid. Si califica tanto para Medicare como para <span  style=\"font-weight: 700;\">Medicaid<\/span>, podemos inscribirlo en uno de nuestros incre\u00edbles <span  style=\"font-weight: 700;\">Planes Duales para Necesidades Especiales<\/span>. Estos han proporcionado un gran valor para muchos clientes.<\/p><h3  class=\"\" style=\"text-align: left;\" data-lt-tmp-id=\"lt-477696\" data-gramm=\"false\">PLANES DE MEDICARE ADVANTAGE<\/h3><p  class=\"\" style=\"text-align: left;\" data-lt-tmp-id=\"lt-104422\" data-gramm=\"false\">Midwest Health Insurance Solutions ofrece <span  style=\"font-weight: 400; color: rgb(0, 148, 82);\"><a data-mce-href=\"..\/services\/medicare-advantage\" href=\"https:\/\/midwesthis.com\/es\/services\/medicare-advantage\" target=\"_self\" data-mce-selected=\"inline-boundary\" data-cp-link=\"1\" rel=\"noopener\" class=\"\">Planes de Medicare Advantage\ufeff<\/a> <\/span>que lo ayudan a obtener la atenci\u00f3n que necesita, con representantes biling\u00fces que est\u00e1n listos para responder todas sus preguntas.\n<br ><br >Hablemos acerca de Medicare Advantage, tambi\u00e9n conocido como Parte C, que es una p\u00f3liza de seguro m\u00e9dico accesible, y una buena opci\u00f3n para muchos de nuestros clientes. Es posible que usted ahorre dinero con Medicare Advantage y reciba la cobertura ideal para su estado de salud. Los gastos de bolsillo potenciales dependen de muchas variables, como el pago de primas mensuales, deducibles, etc. Estos planes tienen un l\u00edmite anual de gastos de bolsillo para los servicios de Medicare Partes A y B. Una vez que alcance ese l\u00edmite, \u00a1no pagar\u00e1 nada adicional por servicios cubiertos por las Partes A &amp; B por el resto de ese a\u00f1o!\n<br ><br >Con <span  style=\"font-weight: 700;\">Medicare Advantage<\/span>, normalmente tendr\u00e1 cobertura para recetas m\u00e9dicas, tambi\u00e9n conocida como Parte D, por lo que no tendr\u00e1 que preocuparse de agregar otro plan de recetas m\u00e9dicas o Medicare Supplement. Otra gran caracter\u00edstica es que muchos de estos planes tambi\u00e9n ofrecen cobertura dental, de la vista, del o\u00eddo, etc. P\u00eddanos detalles de este plan y le explicaremos c\u00f3mo se calcular\u00edan los costos en su situaci\u00f3n espec\u00edfica. \u00a1Este podr\u00eda ser el indicado para usted!<\/p><h3  class=\"\" style=\"text-align: left;\" data-lt-tmp-id=\"lt-71003\" data-gramm=\"false\">PLANES COMPLEMENTARIOS DE MEDICARE<\/h3><p  class=\"\" style=\"text-align: left;\" data-lt-tmp-id=\"lt-879580\" data-gramm=\"false\">Somos un <span  style=\"color: rgb(0, 148, 82);\"><a data-mce-href=\"..\/services\/medicare-supplement-plans\" href=\"https:\/\/midwesthis.com\/es\/services\/medicare-supplement-plans\" target=\"_self\" data-mce-selected=\"inline-boundary\" data-cp-link=\"1\" rel=\"noopener\" class=\"\">Corredor de Seguros Complementarios de Medicare<\/a> <\/span>superior con sede en Omaha, Nebraska. Nuestros agentes de seguros de Medicare altamente experimentados lo ayudan a encontrar los planes complementarios que necesita para completar sus beneficios de Medicare. Nuestros agentes biling\u00fces trabajan con una amplia red de proveedores que pueden brindarle el mejor plan para su presupuesto y para sus necesidades de atenci\u00f3n m\u00e9dica.\n<br ><br >Una vez que tenga Medicare Partes A y B, posiblemente necesitar\u00e1 una p\u00f3liza complementaria, Parte C y Parte D para sus recetas m\u00e9dicas. Estos planes pueden ayudarle a pagar deducibles, copagos, suministros y servicios m\u00e9dicos que no est\u00e9n completamente cubiertos por Medicare. Se referir\u00e1n a esto como cobertura Medigap. Tenemos muchas opciones para este tipo de cobertura adicional, como los planes Silver Premium Medicare Advantage. Le podemos aclarar la informaci\u00f3n de estos planes, y ayudarle a inscribirse en el plan adecuado para su estado de salud y su situaci\u00f3n financiera.\n<br ><br ><span  style=\"font-weight: 700;\">Para nuestros veteranos<\/span>, nos aseguramos de explicar los planes que puedan combinarse con sus programas de veteranos, de manera que puedan aprovechar el mejor plan para cada ocasi\u00f3n. Hemos visto que a veces prefieren tener una cita en un centro m\u00e9dico local en lugar de viajar a un centro especial para veteranos, y ambas opciones est\u00e1n disponibles para ellos.<\/p><h3  class=\"\" style=\"text-align: left;\" data-lt-tmp-id=\"lt-501734\" data-gramm=\"false\">SEGURO M\u00c9DICO INDIVIDUAL<\/h3><p  class=\"\" style=\"text-align: left;\" data-lt-tmp-id=\"lt-310791\" data-gramm=\"false\">Explore&nbsp;sus opciones de seguro de m\u00e9dico individual con nuestros agentes de seguros profesionales en Midwest Health Insurance Solutions. Somos los mejores <span style=\"color: rgb(0, 148, 82);\" ><a data-mce-href=\"corredor-de-seguro-de-salud-individual\" href=\"corredor-de-seguro-de-salud-individual\" target=\"_self\" data-mce-selected=\"inline-boundary\" data-cp-link=\"1\" rel=\"noopener\">Corredores de Seguros Individuales de Salud<\/a><\/span> en Omaha, Nebraska. Conozca los planes y proveedores disponibles en el \u00e1rea metropolitana de Omaha.<br ><br >Los planes de la <span  style=\"font-weight: 700;\">Ley de Asistencia Accesible<\/span> est\u00e1n disponibles seg\u00fan los niveles de ingresos y el tama\u00f1o de la familia. Estos planes tambi\u00e9n se conocen como \u201c<span  style=\"font-weight: 700;\">Obamacare<\/span>\u201d. El gobierno aument\u00f3 recientemente los subsidios y elimin\u00f3 los l\u00edmites de ingresos para 2022. Cuatro de cada cinco personas inscritas hoy pagan menos de $10 al mes en primas. Podemos hablar sobre c\u00f3mo esto podr\u00eda aplicarse a usted.<\/p><h3  class=\"\" style=\"text-align: left;\" data-lt-tmp-id=\"lt-246840\" data-gramm=\"false\">OTROS SERVICIOS DE SEGURO M\u00c9DICO<\/h3><p  class=\"\" style=\"text-align: left;\" data-lt-tmp-id=\"lt-473742\" data-gramm=\"false\"><span  style=\"font-weight: 700;\">Los clientes nos consultan con frecuencia acerca del seguro dental<\/span>, lo cual es importante para nuestras familias, y tenemos opciones para satisfacer esas necesidades. Sabemos que es preocupante no disponer de seguro dental; entonces, podemos ayudarle a seleccionar un plan que cubra las visitas y los procedimientos dentales que vaya a necesitar.\n<br ><br ><span  style=\"font-weight: 700;\">Tambi\u00e9n tenemos disponibles planes para la vista, seguro de vida, seguro m\u00e9dico a corto plazo, seguro de discapacidad y de indemnidad (pago por servicio).<\/span> Hable con nuestros amables agentes. Ellos son expertos en todo tipo de seguros m\u00e9dicos. Es importante para nosotros entender cu\u00e1les son sus prioridades para poder explicarle los planes m\u00e1s apropiados para usted y su familia.\n<br ><br >Somos especialistas biling\u00fces en seguros, listos para servirle. Ll\u00e1menos al <span  style=\"color: rgb(0, 148, 82); font-weight: 700;\"><a data-mce-href=\"tel:4029720820\" href=\"tel:4029720820\" target=\"_self\" data-mce-selected=\"inline-boundary\" data-cp-link=\"1\" rel=\"noopener\">(402) 972-0820<\/a><\/span> para poder brindarle informaci\u00f3n completa y precisa, de manera que usted sienta confianza en sus decisiones de seguros y nivel de cobertura.<\/p><img  decoding=\"async\" class=\"custom-image\" src=\"https:\/\/midwesthis.com\/wp-content\/uploads\/2020\/09\/mwh_vetrans_v1.png\" title=\"Veterans healthcare plans\" alt=\"Veterans healthcare plans\"><\/div> <\/div><\/div> <\/div>","protected":false},"excerpt":{"rendered":"<p>Servicios de una agencia de seguros de salud Le ofrecemos un servicio especializado en la inscripci\u00f3n a un seguro de salud en Nebraska y Iowa Llame al (402) 972-0820 Responderemos sus preguntas en ingl\u00e9s o espa\u00f1ol. Nuestros servicios de seguros Sirvi\u00e9ndole de manera experta con la inscripci\u00f3n en seguros de salud en Nebraska e IowaCon&hellip; <br \/> <a class=\"read-more\" href=\"https:\/\/midwesthis.com\/es\/servicios\/\">Leer m\u00e1s<\/a><\/p>\n","protected":false},"author":4,"featured_media":785,"parent":0,"menu_order":0,"comment_status":"closed","ping_status":"closed","template":"pro\/page-templates\/full-width-page.php","meta":{"footnotes":""},"class_list":["post-1883","page","type-page","status-publish","has-post-thumbnail","hentry"],"yoast_head":"<!-- This site is optimized with the Yoast SEO plugin v27.3 - https:\/\/yoast.com\/product\/yoast-seo-wordpress\/ -->\n<title>Servicios de Agencia de Seguros de Salud - Midwest Health Insurance Solutions<\/title>\n<meta name=\"description\" content=\"Comun\u00edquese con nuestros agentes expertos para explorar las opciones de seguro de salud que le permitir\u00e1n ahorrar dinero y mejorar su cobertura m\u00e9dica.\" \/>\n<meta name=\"robots\" content=\"index, follow, max-snippet:-1, max-image-preview:large, max-video-preview:-1\" \/>\n<link rel=\"canonical\" href=\"https:\/\/midwesthis.com\/es\/servicios\/\" \/>\n<meta property=\"og:locale\" content=\"es_ES\" \/>\n<meta property=\"og:type\" content=\"article\" \/>\n<meta property=\"og:title\" content=\"Servicios de Agencia de Seguros de Salud - Midwest Health Insurance Solutions\" \/>\n<meta property=\"og:description\" content=\"Comun\u00edquese con nuestros agentes expertos para explorar las opciones de seguro de salud que le permitir\u00e1n ahorrar dinero y mejorar su cobertura m\u00e9dica.\" \/>\n<meta property=\"og:url\" content=\"https:\/\/midwesthis.com\/es\/servicios\/\" \/>\n<meta property=\"og:site_name\" content=\"Omaha Medicare Advantage Obamacare Obama Care Midwest Health Insurance Omaha Obamacare Affordable Care Act (ACA) Obamacare Omaha Medicaid Medicare Insurance\" \/>\n<meta property=\"article:modified_time\" content=\"2024-11-12T16:47:42+00:00\" \/>\n<meta property=\"og:image\" content=\"https:\/\/midwesthis.com\/wp-content\/uploads\/2024\/04\/Services.jpg\" \/>\n\t<meta property=\"og:image:width\" content=\"2047\" \/>\n\t<meta property=\"og:image:height\" content=\"1179\" \/>\n\t<meta property=\"og:image:type\" content=\"image\/jpeg\" \/>\n<meta name=\"twitter:card\" content=\"summary_large_image\" \/>\n<meta name=\"twitter:label1\" content=\"Tiempo de lectura\" \/>\n\t<meta name=\"twitter:data1\" content=\"6 minutos\" \/>\n<script type=\"application\/ld+json\" class=\"yoast-schema-graph\">{\"@context\":\"https:\\\/\\\/schema.org\",\"@graph\":[{\"@type\":\"WebPage\",\"@id\":\"https:\\\/\\\/midwesthis.com\\\/es\\\/servicios\\\/\",\"url\":\"https:\\\/\\\/midwesthis.com\\\/es\\\/servicios\\\/\",\"name\":\"Servicios de Agencia de Seguros de Salud - Midwest Health Insurance Solutions\",\"isPartOf\":{\"@id\":\"https:\\\/\\\/midwesthis.com\\\/es\\\/#website\"},\"primaryImageOfPage\":{\"@id\":\"https:\\\/\\\/midwesthis.com\\\/es\\\/servicios\\\/#primaryimage\"},\"image\":{\"@id\":\"https:\\\/\\\/midwesthis.com\\\/es\\\/servicios\\\/#primaryimage\"},\"thumbnailUrl\":\"https:\\\/\\\/midwesthis.com\\\/wp-content\\\/uploads\\\/2024\\\/04\\\/Services.jpg\",\"datePublished\":\"2024-09-29T18:31:15+00:00\",\"dateModified\":\"2024-11-12T16:47:42+00:00\",\"description\":\"Comun\u00edquese con nuestros agentes expertos para explorar las opciones de seguro de salud que le permitir\u00e1n ahorrar dinero y mejorar su cobertura m\u00e9dica.\",\"breadcrumb\":{\"@id\":\"https:\\\/\\\/midwesthis.com\\\/es\\\/servicios\\\/#breadcrumb\"},\"inLanguage\":\"es\",\"potentialAction\":[{\"@type\":\"ReadAction\",\"target\":[\"https:\\\/\\\/midwesthis.com\\\/es\\\/servicios\\\/\"]}]},{\"@type\":\"ImageObject\",\"inLanguage\":\"es\",\"@id\":\"https:\\\/\\\/midwesthis.com\\\/es\\\/servicios\\\/#primaryimage\",\"url\":\"https:\\\/\\\/midwesthis.com\\\/wp-content\\\/uploads\\\/2024\\\/04\\\/Services.jpg\",\"contentUrl\":\"https:\\\/\\\/midwesthis.com\\\/wp-content\\\/uploads\\\/2024\\\/04\\\/Services.jpg\",\"width\":2047,\"height\":1179,\"caption\":\"Health Insurance Services\"},{\"@type\":\"BreadcrumbList\",\"@id\":\"https:\\\/\\\/midwesthis.com\\\/es\\\/servicios\\\/#breadcrumb\",\"itemListElement\":[{\"@type\":\"ListItem\",\"position\":1,\"name\":\"Home\",\"item\":\"https:\\\/\\\/midwesthis.com\\\/es\\\/\"},{\"@type\":\"ListItem\",\"position\":2,\"name\":\"Servicios\"}]},{\"@type\":\"WebSite\",\"@id\":\"https:\\\/\\\/midwesthis.com\\\/es\\\/#website\",\"url\":\"https:\\\/\\\/midwesthis.com\\\/es\\\/\",\"name\":\"Omaha Medicare Advantage Obamacare Obama Care Midwest Health Insurance Omaha Obamacare Affordable Care Act (ACA) Obamacare Omaha Medicaid Medicare Insurance\",\"description\":\"Medicare Advantage enrollment - Personal Health ObamaCare Insurance Plans\",\"publisher\":{\"@id\":\"https:\\\/\\\/midwesthis.com\\\/es\\\/#organization\"},\"potentialAction\":[{\"@type\":\"SearchAction\",\"target\":{\"@type\":\"EntryPoint\",\"urlTemplate\":\"https:\\\/\\\/midwesthis.com\\\/es\\\/?s={search_term_string}\"},\"query-input\":{\"@type\":\"PropertyValueSpecification\",\"valueRequired\":true,\"valueName\":\"search_term_string\"}}],\"inLanguage\":\"es\"},{\"@type\":\"Organization\",\"@id\":\"https:\\\/\\\/midwesthis.com\\\/es\\\/#organization\",\"name\":\"midwesthis.com\",\"url\":\"https:\\\/\\\/midwesthis.com\\\/es\\\/\",\"logo\":{\"@type\":\"ImageObject\",\"inLanguage\":\"es\",\"@id\":\"https:\\\/\\\/midwesthis.com\\\/es\\\/#\\\/schema\\\/logo\\\/image\\\/\",\"url\":\"https:\\\/\\\/midwesthis.com\\\/wp-content\\\/uploads\\\/2022\\\/07\\\/thumbnail.jpg\",\"contentUrl\":\"https:\\\/\\\/midwesthis.com\\\/wp-content\\\/uploads\\\/2022\\\/07\\\/thumbnail.jpg\",\"width\":600,\"height\":154,\"caption\":\"midwesthis.com\"},\"image\":{\"@id\":\"https:\\\/\\\/midwesthis.com\\\/es\\\/#\\\/schema\\\/logo\\\/image\\\/\"}}]}<\/script>\n<!-- \/ Yoast SEO plugin. -->","yoast_head_json":{"title":"Servicios de Agencia de Seguros de Salud - Midwest Health Insurance Solutions","description":"Comun\u00edquese con nuestros agentes expertos para explorar las opciones de seguro de salud que le permitir\u00e1n ahorrar dinero y mejorar su cobertura m\u00e9dica.","robots":{"index":"index","follow":"follow","max-snippet":"max-snippet:-1","max-image-preview":"max-image-preview:large","max-video-preview":"max-video-preview:-1"},"canonical":"https:\/\/midwesthis.com\/es\/servicios\/","og_locale":"es_ES","og_type":"article","og_title":"Servicios de Agencia de Seguros de Salud - Midwest Health Insurance Solutions","og_description":"Comun\u00edquese con nuestros agentes expertos para explorar las opciones de seguro de salud que le permitir\u00e1n ahorrar dinero y mejorar su cobertura m\u00e9dica.","og_url":"https:\/\/midwesthis.com\/es\/servicios\/","og_site_name":"Omaha Medicare Advantage Obamacare Obama Care Midwest Health Insurance Omaha Obamacare Affordable Care Act (ACA) Obamacare Omaha Medicaid Medicare Insurance","article_modified_time":"2024-11-12T16:47:42+00:00","og_image":[{"width":2047,"height":1179,"url":"https:\/\/midwesthis.com\/wp-content\/uploads\/2024\/04\/Services.jpg","type":"image\/jpeg"}],"twitter_card":"summary_large_image","twitter_misc":{"Tiempo de lectura":"6 minutos"},"schema":{"@context":"https:\/\/schema.org","@graph":[{"@type":"WebPage","@id":"https:\/\/midwesthis.com\/es\/servicios\/","url":"https:\/\/midwesthis.com\/es\/servicios\/","name":"Servicios de Agencia de Seguros de Salud - Midwest Health Insurance Solutions","isPartOf":{"@id":"https:\/\/midwesthis.com\/es\/#website"},"primaryImageOfPage":{"@id":"https:\/\/midwesthis.com\/es\/servicios\/#primaryimage"},"image":{"@id":"https:\/\/midwesthis.com\/es\/servicios\/#primaryimage"},"thumbnailUrl":"https:\/\/midwesthis.com\/wp-content\/uploads\/2024\/04\/Services.jpg","datePublished":"2024-09-29T18:31:15+00:00","dateModified":"2024-11-12T16:47:42+00:00","description":"Comun\u00edquese con nuestros agentes expertos para explorar las opciones de seguro de salud que le permitir\u00e1n ahorrar dinero y mejorar su cobertura m\u00e9dica.","breadcrumb":{"@id":"https:\/\/midwesthis.com\/es\/servicios\/#breadcrumb"},"inLanguage":"es","potentialAction":[{"@type":"ReadAction","target":["https:\/\/midwesthis.com\/es\/servicios\/"]}]},{"@type":"ImageObject","inLanguage":"es","@id":"https:\/\/midwesthis.com\/es\/servicios\/#primaryimage","url":"https:\/\/midwesthis.com\/wp-content\/uploads\/2024\/04\/Services.jpg","contentUrl":"https:\/\/midwesthis.com\/wp-content\/uploads\/2024\/04\/Services.jpg","width":2047,"height":1179,"caption":"Health Insurance Services"},{"@type":"BreadcrumbList","@id":"https:\/\/midwesthis.com\/es\/servicios\/#breadcrumb","itemListElement":[{"@type":"ListItem","position":1,"name":"Home","item":"https:\/\/midwesthis.com\/es\/"},{"@type":"ListItem","position":2,"name":"Servicios"}]},{"@type":"WebSite","@id":"https:\/\/midwesthis.com\/es\/#website","url":"https:\/\/midwesthis.com\/es\/","name":"Omaha Medicare Advantage Obamacare Obama Care Midwest Health Insurance Omaha Obamacare Affordable Care Act (ACA) Obamacare Omaha Medicaid Medicare Insurance","description":"Medicare Advantage enrollment - Personal Health ObamaCare Insurance Plans","publisher":{"@id":"https:\/\/midwesthis.com\/es\/#organization"},"potentialAction":[{"@type":"SearchAction","target":{"@type":"EntryPoint","urlTemplate":"https:\/\/midwesthis.com\/es\/?s={search_term_string}"},"query-input":{"@type":"PropertyValueSpecification","valueRequired":true,"valueName":"search_term_string"}}],"inLanguage":"es"},{"@type":"Organization","@id":"https:\/\/midwesthis.com\/es\/#organization","name":"midwesthis.com","url":"https:\/\/midwesthis.com\/es\/","logo":{"@type":"ImageObject","inLanguage":"es","@id":"https:\/\/midwesthis.com\/es\/#\/schema\/logo\/image\/","url":"https:\/\/midwesthis.com\/wp-content\/uploads\/2022\/07\/thumbnail.jpg","contentUrl":"https:\/\/midwesthis.com\/wp-content\/uploads\/2022\/07\/thumbnail.jpg","width":600,"height":154,"caption":"midwesthis.com"},"image":{"@id":"https:\/\/midwesthis.com\/es\/#\/schema\/logo\/image\/"}}]}},"_links":{"self":[{"href":"https:\/\/midwesthis.com\/es\/wp-json\/wp\/v2\/pages\/1883","targetHints":{"allow":["GET"]}}],"collection":[{"href":"https:\/\/midwesthis.com\/es\/wp-json\/wp\/v2\/pages"}],"about":[{"href":"https:\/\/midwesthis.com\/es\/wp-json\/wp\/v2\/types\/page"}],"author":[{"embeddable":true,"href":"https:\/\/midwesthis.com\/es\/wp-json\/wp\/v2\/users\/4"}],"replies":[{"embeddable":true,"href":"https:\/\/midwesthis.com\/es\/wp-json\/wp\/v2\/comments?post=1883"}],"version-history":[{"count":8,"href":"https:\/\/midwesthis.com\/es\/wp-json\/wp\/v2\/pages\/1883\/revisions"}],"predecessor-version":[{"id":2009,"href":"https:\/\/midwesthis.com\/es\/wp-json\/wp\/v2\/pages\/1883\/revisions\/2009"}],"wp:featuredmedia":[{"embeddable":true,"href":"https:\/\/midwesthis.com\/es\/wp-json\/wp\/v2\/media\/785"}],"wp:attachment":[{"href":"https:\/\/midwesthis.com\/es\/wp-json\/wp\/v2\/media?parent=1883"}],"curies":[{"name":"wp","href":"https:\/\/api.w.org\/{rel}","templated":true}]}}