{"id":1909,"date":"2024-10-07T10:13:05","date_gmt":"2024-10-07T15:13:05","guid":{"rendered":"https:\/\/midwesthis.com\/mes\/?page_id=1909"},"modified":"2025-10-28T13:09:43","modified_gmt":"2025-10-28T18:09:43","slug":"corredor-de-seguro-de-salud-individual","status":"publish","type":"page","link":"https:\/\/midwesthis.com\/es\/servicios\/corredor-de-seguro-de-salud-individual\/","title":{"rendered":"Corredor de seguro de salud individual"},"content":{"rendered":"<div  data-label=\"Cta\" data-id=\"cta--1\" data-export-id=\"cta-centered-section-grid\" data-category=\"cta\" class=\"cta-centered-section-grid content-section content-section-spacing-medium bg-color1 white-text\" id=\"cta-1\" style=\"background-image: none; background-color: rgb(0, 148, 82);\"><div  class=\"\"> <div  class=\"row text-center\"><div  class=\"col-xs-12 col-sm-10 col-sm-offset-1 col-md-8 col-md-offset-2\" data-type=\"column\"> <h2  class=\"\" data-lt-tmp-id=\"lt-437967\" data-gramm=\"false\"><span  style=\"font-family: Lora, arial, helvetica, sans-serif;\">Ley de Atenci\u00f3n M\u00e9dica Accesible<br >\r\nNuestros agentes pueden ayudarlo a encontrar el mejor plan de seguro para las necesidades de su familia<br >\r\nLlame al <a data-mce-href=\"tel:4029720820\" href=\"tel:4029720820\" target=\"_self\" data-mce-selected=\"inline-boundary\" data-cp-link=\"1\" rel=\"noopener\">(402) 972-0820<\/a><br >\r\nResponderemos sus preguntas en ingl\u00e9s o en espa\u00f1ol<\/span><\/h2>  <\/div> <\/div><\/div> <\/div><div  data-label=\"Cta\" data-id=\"cta--2\" data-export-id=\"cta-centered-section-grid\" data-category=\"cta\" class=\"cta-centered-section-grid content-section content-section-spacing-medium bg-color1 dark-text\" id=\"cta-2\" style=\"background-image: none; background-color: rgb(255, 255, 255);\"><div  class=\"\"> <div  class=\"row text-center\"><div  class=\"col-xs-12 col-sm-10 col-sm-offset-1 col-md-8 col-md-offset-2\" data-type=\"column\">   <h2  class=\"\" style=\"text-align: left;\" data-lt-tmp-id=\"lt-766260\" data-gramm=\"false\"><span  style=\"font-weight: 400;\">Explore los planes de seguro m\u00e9dico de la Ley del Cuidado de Salud a Bajo Precio (ACA) cerca de Omaha, Nebraska<\/span><\/h2><p  class=\"\" style=\"text-align: left;\" data-lt-tmp-id=\"lt-594797\" data-gramm=\"false\">Obtenga informaci\u00f3n sobre los planes de seguro y las aseguradoras de la Ley del Cuidado de Salud a Bajo Precio (ACA) disponibles en toda el \u00e1rea metropolitana de Omaha.\r\n<br ><br >Inscr\u00edbase ahora con un gu\u00eda biling\u00fce local experto al <span  style=\"font-weight: 700; color: rgb(0, 148, 82);\"><a data-mce-href=\"tel:14029720820\" href=\"tel:14029720820\" target=\"_self\" data-mce-selected=\"inline-boundary\" data-cp-link=\"1\" rel=\"noopener\">(402) 972-0820<\/a><\/span>.<\/p><h2  class=\"\" style=\"text-align: left;\" data-lt-tmp-id=\"lt-915663\" data-gramm=\"false\"><span  style=\"font-weight: 400;\">Mercado de seguros m\u00e9dicos<\/span><\/h2><p  class=\"\" style=\"text-align: left;\" data-lt-tmp-id=\"lt-240295\" data-gramm=\"false\">Para inscribirse en un plan de salud individual o familiar a trav\u00e9s de la Ley del Cuidado de Salud a Bajo Precio para 2023, deber\u00e1 hacerlo durante el per\u00edodo anual de inscripci\u00f3n abierta actualmente programado para el 1 de noviembre de 2022. Todav\u00eda puede comprar un seguro m\u00e9dico si est\u00e1 pasando por eventos relacionados con su calidad de vida, como casarse, divorciarse, una muerte, tener un beb\u00e9 o perder su cobertura de atenci\u00f3n m\u00e9dica.\r\n<br ><br >Si se perdi\u00f3 del periodo de inscripci\u00f3n abierta o no califica para tener un <span style=\"color: rgb(0, 148, 82);\" ><a data-mce-href=\"https:\/\/www.cuidadodesalud.gov\/es\/glossary\/qualifying-life-event\/\" href=\"https:\/\/www.cuidadodesalud.gov\/es\/glossary\/qualifying-life-event\/\" target=\"_self\" data-mce-selected=\"inline-boundary\" data-cp-link=\"1\" rel=\"noopener\">Evento de vida calificado<\/a><\/span>, es posible que deba considerar planes a corto plazo para cerrar sus servicios de cobertura.\r\n<br ><br >Cualquiera que sea su necesidad, Midwest Health Insurance Solutions puede ayudarlo a obtener la cobertura que necesita.<\/p><h2  class=\"\" style=\"text-align: left;\" data-lt-tmp-id=\"lt-944170\" data-gramm=\"false\"><span  style=\"font-weight: 400;\">El nuevo per\u00edodo de inscripci\u00f3n especial<\/span><\/h2><p  class=\"\" style=\"text-align: left;\" data-lt-tmp-id=\"lt-353032\" data-gramm=\"false\">A partir de septiembre de 2021, un nuevo Per\u00edodo de Inscripci\u00f3n Especial (SEP, por sus siglas en ingl\u00e9s) permite la inscripci\u00f3n durante todo el a\u00f1o en los planes de la Ley del Cuidado de Salud a Bajo Precio para aquellos cuyos ingresos est\u00e1n por debajo del 150% del <span style=\"color: rgb(0, 148, 82);\" ><a data-mce-href=\"https:\/\/aspe.hhs.gov\/topics\/poverty-economic-mobility\/poverty-guidelines\" href=\"https:\/\/aspe.hhs.gov\/topics\/poverty-economic-mobility\/poverty-guidelines\" target=\"_self\" data-mce-selected=\"inline-boundary\" data-cp-link=\"1\" rel=\"noopener\">Nivel Federal de Pobreza<\/a><\/span>. Tambi\u00e9n puede ser elegible para un cr\u00e9dito fiscal para cubrir el costo de un plan de referencia. Puede utilizar este SEP tantas veces como sea necesario.<\/p><h2  class=\"\" style=\"text-align: left;\" data-lt-tmp-id=\"lt-200009\" data-gramm=\"false\"><span  style=\"font-weight: 400;\">Cr\u00e9ditos fiscales y subsidios<\/span><\/h2><p  class=\"\" style=\"text-align: left;\" data-lt-tmp-id=\"lt-97430\" data-gramm=\"false\">A partir de ahora, la elegibilidad para el cr\u00e9dito fiscal para los planes del Mercado ha aumentado, lo que permite que m\u00e1s personas califiquen para tarifas de seguro m\u00e9dico m\u00e1s bajas.\r\n<br ><br >Al igual que el nuevo per\u00edodo de inscripci\u00f3n especial, estos ahorros est\u00e1n dise\u00f1ados para ayudar a los estadounidenses con menos ingresos, especialmente a aquellos que ganan entre el 100 y el 400% del nivel federal de pobreza. Los ingresos de su hogar determinar\u00e1n sus subsidios. Si sus ingresos informados y reales difieren, o tal vez perdi\u00f3 su trabajo, entonces podemos ayudarlo a informar al Mercado para que obtenga el mejor plan para usted.\r\n<br ><br >Algunos solicitantes tambi\u00e9n calificar\u00e1n para reducciones de costos compartidos en su seguro de salud elegido, ahorr\u00e1ndoles dinero en costos de bolsillo como deducibles, coseguro y copagos. Estos ahorros operan en una escala m\u00f3vil de ingresos, lo que significa que los costos disminuyen mientras sus ingresos sean menores.\r\n<br ><br >Si su ingreso familiar estimado es inferior al 100% del nivel federal de pobreza, puede calificar para Medicaid.<\/p><h2  class=\"\" style=\"text-align: left;\" data-lt-tmp-id=\"lt-947633\" data-gramm=\"false\"><span  style=\"font-weight: 400;\">Eventos de vida calificados del seguro de salud<\/span><\/h2><p  class=\"\" style=\"text-align: left;\" data-lt-tmp-id=\"lt-121310\" data-gramm=\"false\">Si est\u00e1 fuera del per\u00edodo de inscripci\u00f3n abierta y no califica para un per\u00edodo de inscripci\u00f3n especial, tambi\u00e9n puede obtener cobertura si ha experimentado un evento de vida calificado. La lista de lo que cuenta como un evento de vida es larga, puede ser casarse, divorciarse, una muerte, un nacimiento, salir de la c\u00e1rcel o prisi\u00f3n, o cumplir 26 a\u00f1os y perder el seguro m\u00e9dico de sus padres, aparecen en la <span style=\"color: rgb(0, 148, 82);\" ><a data-mce-href=\"https:\/\/www.cuidadodesalud.gov\/es\/glossary\/qualifying-life-event\/\" href=\"https:\/\/www.cuidadodesalud.gov\/es\/glossary\/qualifying-life-event\/\" target=\"_self\" data-mce-selected=\"inline-boundary\" data-cp-link=\"1\" rel=\"noopener\">lista federal<\/a><\/span>.\r\n<br ><br >El Intercambio\/Mercado puede ayudarlo a obtener cobertura y acceder a cr\u00e9ditos fiscales seg\u00fan sus ingresos. Tampoco tiene que preocuparse por la suscripci\u00f3n y sus primas, ya que pueden ser mucho m\u00e1s bajas.<\/p><h2  class=\"\" style=\"text-align: left;\" data-lt-tmp-id=\"lt-121960\" data-gramm=\"false\"><span  style=\"font-weight: 400;\">Planes de seguro de salud individuales y familiares<\/span><\/h2><p  class=\"\" style=\"text-align: left;\" data-lt-tmp-id=\"lt-712886\" data-gramm=\"false\">La Ley del Cuidado de Salud a Bajo Precio modific\u00f3 todo acerca de la compra de seguros. Para algunos, eso significa un mejor acceso, y para otros significa redes m\u00e1s peque\u00f1as con menos opciones. Cuando trabaje con un representante, es \u00fatil saber exactamente lo que est\u00e1 comparando para encontrar el mejor plan.\r\n<br ><br >Casi la mitad de los planes que se venden en el intercambio federal son <span style=\"color: rgb(0, 148, 82);\" ><a data-mce-href=\"https:\/\/es-www.humana.com\/medicare\/medicare-resources\/what-is-hmo\" href=\"https:\/\/es-www.humana.com\/medicare\/medicare-resources\/what-is-hmo\" target=\"_self\" data-mce-selected=\"inline-boundary\" data-cp-link=\"1\" rel=\"noopener\">organizaciones de mantenimiento de la salud<\/a><\/span> o HMO, por sus siglas en ingl\u00e9s. Los HMO tienen redes de proveedores y atenci\u00f3n que los pacientes pueden ver, pero si se sale de su red, podr\u00eda ser responsable de la factura.\r\n<br ><br >Una organizaci\u00f3n de proveedores preferidos, o PPO por sus siglas en ingl\u00e9s, le permite trabajar con su red preferida de proveedores, mientras use una red de proveedores.<\/p><h2  class=\"\" style=\"text-align: left;\" data-lt-tmp-id=\"lt-662345\" data-gramm=\"false\"><span  style=\"font-weight: 400;\">Cotizaciones de seguros de salud, inscripci\u00f3n directa y en l\u00ednea<\/span><\/h2><p  class=\"\" style=\"text-align: left;\" data-lt-tmp-id=\"lt-724373\" data-gramm=\"false\">Si bien puede parecer ventajoso inscribirse r\u00e1pidamente en un plan de cobertura m\u00e9dica, trabajar con un agente como los de Midwest Health Insurance Solutions puede garantizar que obtenga el plan correcto. Esto viene sin costo adicional, pero con los beneficios adicionales de comparar opciones de cobertura entre proveedores y obtener el plan correcto.\r\n<br ><br >Si desea comprar directamente en una aseguradora, podemos ser su agente de registro. Nuevamente, esto no tiene costos adicionales, pero le permite ver lo que est\u00e1 disponible en su \u00e1rea, asegur\u00e1ndose de obtener los cr\u00e9ditos fiscales que le corresponden.<\/p><h2  class=\"\" style=\"text-align: left;\" data-lt-tmp-id=\"lt-852202\" data-gramm=\"false\"><span  style=\"font-weight: 400;\">P\u00f3ngase en contacto con nosotros para obtener ayuda<\/span><\/h2><p  class=\"\" style=\"text-align: left;\" data-lt-tmp-id=\"lt-475686\" data-gramm=\"false\">Inscr\u00edbase ahora con agentes biling\u00fces locales expertos al&nbsp;<span  style=\"color: rgb(0, 148, 82);\"><a data-mce-href=\"tel:14029720820\" href=\"tel:14029720820\" target=\"_self\" data-mce-selected=\"inline-boundary\" data-cp-link=\"1\" rel=\"noopener\"><span  style=\"font-weight: 700;\">(402) 972-0820<\/span><\/a><\/span>.\r\n<br ><br ><span  style=\"font-weight: 700; font-style: italic;\">*Actualmente contamos con licencia y nombramiento en los siguientes estados<\/span>\r\n<br ><br ><span  style=\"color: rgb(0, 148, 82);\">Productos&nbsp;Medicare<\/span><br ><br ><b >Nebraska<\/b>: <i >Uhc, Aetna, Humana, Wellcare y Medica<\/i><br ><b >\r\nIowa<\/b>: <i >Uhc, Aetna, Humana y Wellmark<\/i><br ><b >\r\nTexas<\/b>: <i >Uhc, Aetna, Humana, Cigna y Wellcare<\/i><br ><b >\r\nPennsylvania<\/b>: <i >Uhc, Humana, Aetna<\/i><br ><b >\r\nTennessee<\/b>: <i >Cigna, And Wellcare<\/i><br ><b >\r\nArkansas And Kansas<\/b>: <i >Uhc Humana y Aetna<\/i><br ><br ><span  style=\"font-style: italic;\">Tambi\u00e9n podemos realizar productos individuales y ACA en esos estados.<\/span><\/p><\/div> <\/div><\/div> <\/div>","protected":false},"excerpt":{"rendered":"<p>Ley de Atenci\u00f3n M\u00e9dica Accesible Nuestros agentes pueden ayudarlo a encontrar el mejor plan de seguro para las necesidades de su familia Llame al (402) 972-0820 Responderemos sus preguntas en ingl\u00e9s o en espa\u00f1ol Explore los planes de seguro m\u00e9dico de la Ley del Cuidado de Salud a Bajo Precio (ACA) cerca de Omaha, NebraskaObtenga&hellip; <br \/> <a class=\"read-more\" href=\"https:\/\/midwesthis.com\/es\/servicios\/corredor-de-seguro-de-salud-individual\/\">Leer m\u00e1s<\/a><\/p>\n","protected":false},"author":4,"featured_media":1914,"parent":1883,"menu_order":0,"comment_status":"closed","ping_status":"closed","template":"pro\/page-templates\/full-width-page.php","meta":{"footnotes":""},"class_list":["post-1909","page","type-page","status-publish","has-post-thumbnail","hentry"],"yoast_head":"<!-- This site is optimized with the Yoast SEO plugin v27.3 - https:\/\/yoast.com\/product\/yoast-seo-wordpress\/ -->\n<title>Obamacare: mejor corredor de seguros de salud individual en Omaha - Midwest Health Insurance Solutions<\/title>\n<meta name=\"description\" content=\"Explore los planes de seguro m\u00e9dico de Obamacare con el corredor de seguros m\u00e9dicos m\u00e1s confiable de Omaha. Inscr\u00edbase con orientaci\u00f3n biling\u00fce experta.\" \/>\n<meta name=\"robots\" content=\"index, follow, max-snippet:-1, max-image-preview:large, max-video-preview:-1\" \/>\n<link rel=\"canonical\" href=\"https:\/\/midwesthis.com\/es\/servicios\/corredor-de-seguro-de-salud-individual\/\" \/>\n<meta property=\"og:locale\" content=\"es_ES\" \/>\n<meta property=\"og:type\" content=\"article\" \/>\n<meta property=\"og:title\" content=\"Obamacare: mejor corredor de seguros de salud individual en Omaha - Midwest Health Insurance Solutions\" \/>\n<meta property=\"og:description\" content=\"Explore los planes de seguro m\u00e9dico de Obamacare con el corredor de seguros m\u00e9dicos m\u00e1s confiable de Omaha. Inscr\u00edbase con orientaci\u00f3n biling\u00fce experta.\" \/>\n<meta property=\"og:url\" content=\"https:\/\/midwesthis.com\/es\/servicios\/corredor-de-seguro-de-salud-individual\/\" \/>\n<meta property=\"og:site_name\" content=\"Omaha Medicare Advantage Obamacare Obama Care Midwest Health Insurance Omaha Obamacare Affordable Care Act (ACA) Obamacare Omaha Medicaid Medicare Insurance\" \/>\n<meta property=\"article:modified_time\" content=\"2025-10-28T18:09:43+00:00\" \/>\n<meta property=\"og:image\" content=\"https:\/\/midwesthis.com\/wp-content\/uploads\/2024\/10\/Family-healthcare-marketplace-plans.jpg\" \/>\n\t<meta property=\"og:image:width\" content=\"2048\" \/>\n\t<meta property=\"og:image:height\" content=\"1365\" \/>\n\t<meta property=\"og:image:type\" content=\"image\/jpeg\" \/>\n<meta name=\"twitter:card\" content=\"summary_large_image\" \/>\n<meta name=\"twitter:label1\" content=\"Tiempo de lectura\" \/>\n\t<meta name=\"twitter:data1\" content=\"5 minutos\" \/>\n<script type=\"application\/ld+json\" class=\"yoast-schema-graph\">{\"@context\":\"https:\\\/\\\/schema.org\",\"@graph\":[{\"@type\":\"WebPage\",\"@id\":\"https:\\\/\\\/midwesthis.com\\\/es\\\/servicios\\\/corredor-de-seguro-de-salud-individual\\\/\",\"url\":\"https:\\\/\\\/midwesthis.com\\\/es\\\/servicios\\\/corredor-de-seguro-de-salud-individual\\\/\",\"name\":\"Obamacare: mejor corredor de seguros de salud individual en Omaha - Midwest Health Insurance Solutions\",\"isPartOf\":{\"@id\":\"https:\\\/\\\/midwesthis.com\\\/es\\\/#website\"},\"primaryImageOfPage\":{\"@id\":\"https:\\\/\\\/midwesthis.com\\\/es\\\/servicios\\\/corredor-de-seguro-de-salud-individual\\\/#primaryimage\"},\"image\":{\"@id\":\"https:\\\/\\\/midwesthis.com\\\/es\\\/servicios\\\/corredor-de-seguro-de-salud-individual\\\/#primaryimage\"},\"thumbnailUrl\":\"https:\\\/\\\/midwesthis.com\\\/wp-content\\\/uploads\\\/2024\\\/10\\\/Family-healthcare-marketplace-plans.jpg\",\"datePublished\":\"2024-10-07T15:13:05+00:00\",\"dateModified\":\"2025-10-28T18:09:43+00:00\",\"description\":\"Explore los planes de seguro m\u00e9dico de Obamacare con el corredor de seguros m\u00e9dicos m\u00e1s confiable de Omaha. Inscr\u00edbase con orientaci\u00f3n biling\u00fce experta.\",\"breadcrumb\":{\"@id\":\"https:\\\/\\\/midwesthis.com\\\/es\\\/servicios\\\/corredor-de-seguro-de-salud-individual\\\/#breadcrumb\"},\"inLanguage\":\"es\",\"potentialAction\":[{\"@type\":\"ReadAction\",\"target\":[\"https:\\\/\\\/midwesthis.com\\\/es\\\/servicios\\\/corredor-de-seguro-de-salud-individual\\\/\"]}]},{\"@type\":\"ImageObject\",\"inLanguage\":\"es\",\"@id\":\"https:\\\/\\\/midwesthis.com\\\/es\\\/servicios\\\/corredor-de-seguro-de-salud-individual\\\/#primaryimage\",\"url\":\"https:\\\/\\\/midwesthis.com\\\/wp-content\\\/uploads\\\/2024\\\/10\\\/Family-healthcare-marketplace-plans.jpg\",\"contentUrl\":\"https:\\\/\\\/midwesthis.com\\\/wp-content\\\/uploads\\\/2024\\\/10\\\/Family-healthcare-marketplace-plans.jpg\",\"width\":2048,\"height\":1365},{\"@type\":\"BreadcrumbList\",\"@id\":\"https:\\\/\\\/midwesthis.com\\\/es\\\/servicios\\\/corredor-de-seguro-de-salud-individual\\\/#breadcrumb\",\"itemListElement\":[{\"@type\":\"ListItem\",\"position\":1,\"name\":\"Home\",\"item\":\"https:\\\/\\\/midwesthis.com\\\/es\\\/\"},{\"@type\":\"ListItem\",\"position\":2,\"name\":\"Servicios\",\"item\":\"https:\\\/\\\/midwesthis.com\\\/es\\\/servicios\\\/\"},{\"@type\":\"ListItem\",\"position\":3,\"name\":\"Corredor de seguro de salud individual\"}]},{\"@type\":\"WebSite\",\"@id\":\"https:\\\/\\\/midwesthis.com\\\/es\\\/#website\",\"url\":\"https:\\\/\\\/midwesthis.com\\\/es\\\/\",\"name\":\"Omaha Medicare Advantage Obamacare Obama Care Midwest Health Insurance Omaha Obamacare Affordable Care Act (ACA) Obamacare Omaha Medicaid Medicare Insurance\",\"description\":\"Medicare Advantage enrollment - Personal Health ObamaCare Insurance Plans\",\"publisher\":{\"@id\":\"https:\\\/\\\/midwesthis.com\\\/es\\\/#organization\"},\"potentialAction\":[{\"@type\":\"SearchAction\",\"target\":{\"@type\":\"EntryPoint\",\"urlTemplate\":\"https:\\\/\\\/midwesthis.com\\\/es\\\/?s={search_term_string}\"},\"query-input\":{\"@type\":\"PropertyValueSpecification\",\"valueRequired\":true,\"valueName\":\"search_term_string\"}}],\"inLanguage\":\"es\"},{\"@type\":\"Organization\",\"@id\":\"https:\\\/\\\/midwesthis.com\\\/es\\\/#organization\",\"name\":\"midwesthis.com\",\"url\":\"https:\\\/\\\/midwesthis.com\\\/es\\\/\",\"logo\":{\"@type\":\"ImageObject\",\"inLanguage\":\"es\",\"@id\":\"https:\\\/\\\/midwesthis.com\\\/es\\\/#\\\/schema\\\/logo\\\/image\\\/\",\"url\":\"https:\\\/\\\/midwesthis.com\\\/wp-content\\\/uploads\\\/2022\\\/07\\\/thumbnail.jpg\",\"contentUrl\":\"https:\\\/\\\/midwesthis.com\\\/wp-content\\\/uploads\\\/2022\\\/07\\\/thumbnail.jpg\",\"width\":600,\"height\":154,\"caption\":\"midwesthis.com\"},\"image\":{\"@id\":\"https:\\\/\\\/midwesthis.com\\\/es\\\/#\\\/schema\\\/logo\\\/image\\\/\"}}]}<\/script>\n<!-- \/ Yoast SEO plugin. -->","yoast_head_json":{"title":"Obamacare: mejor corredor de seguros de salud individual en Omaha - Midwest Health Insurance Solutions","description":"Explore los planes de seguro m\u00e9dico de Obamacare con el corredor de seguros m\u00e9dicos m\u00e1s confiable de Omaha. Inscr\u00edbase con orientaci\u00f3n biling\u00fce experta.","robots":{"index":"index","follow":"follow","max-snippet":"max-snippet:-1","max-image-preview":"max-image-preview:large","max-video-preview":"max-video-preview:-1"},"canonical":"https:\/\/midwesthis.com\/es\/servicios\/corredor-de-seguro-de-salud-individual\/","og_locale":"es_ES","og_type":"article","og_title":"Obamacare: mejor corredor de seguros de salud individual en Omaha - Midwest Health Insurance Solutions","og_description":"Explore los planes de seguro m\u00e9dico de Obamacare con el corredor de seguros m\u00e9dicos m\u00e1s confiable de Omaha. Inscr\u00edbase con orientaci\u00f3n biling\u00fce experta.","og_url":"https:\/\/midwesthis.com\/es\/servicios\/corredor-de-seguro-de-salud-individual\/","og_site_name":"Omaha Medicare Advantage Obamacare Obama Care Midwest Health Insurance Omaha Obamacare Affordable Care Act (ACA) Obamacare Omaha Medicaid Medicare Insurance","article_modified_time":"2025-10-28T18:09:43+00:00","og_image":[{"width":2048,"height":1365,"url":"https:\/\/midwesthis.com\/wp-content\/uploads\/2024\/10\/Family-healthcare-marketplace-plans.jpg","type":"image\/jpeg"}],"twitter_card":"summary_large_image","twitter_misc":{"Tiempo de lectura":"5 minutos"},"schema":{"@context":"https:\/\/schema.org","@graph":[{"@type":"WebPage","@id":"https:\/\/midwesthis.com\/es\/servicios\/corredor-de-seguro-de-salud-individual\/","url":"https:\/\/midwesthis.com\/es\/servicios\/corredor-de-seguro-de-salud-individual\/","name":"Obamacare: mejor corredor de seguros de salud individual en Omaha - Midwest Health Insurance Solutions","isPartOf":{"@id":"https:\/\/midwesthis.com\/es\/#website"},"primaryImageOfPage":{"@id":"https:\/\/midwesthis.com\/es\/servicios\/corredor-de-seguro-de-salud-individual\/#primaryimage"},"image":{"@id":"https:\/\/midwesthis.com\/es\/servicios\/corredor-de-seguro-de-salud-individual\/#primaryimage"},"thumbnailUrl":"https:\/\/midwesthis.com\/wp-content\/uploads\/2024\/10\/Family-healthcare-marketplace-plans.jpg","datePublished":"2024-10-07T15:13:05+00:00","dateModified":"2025-10-28T18:09:43+00:00","description":"Explore los planes de seguro m\u00e9dico de Obamacare con el corredor de seguros m\u00e9dicos m\u00e1s confiable de Omaha. Inscr\u00edbase con orientaci\u00f3n biling\u00fce experta.","breadcrumb":{"@id":"https:\/\/midwesthis.com\/es\/servicios\/corredor-de-seguro-de-salud-individual\/#breadcrumb"},"inLanguage":"es","potentialAction":[{"@type":"ReadAction","target":["https:\/\/midwesthis.com\/es\/servicios\/corredor-de-seguro-de-salud-individual\/"]}]},{"@type":"ImageObject","inLanguage":"es","@id":"https:\/\/midwesthis.com\/es\/servicios\/corredor-de-seguro-de-salud-individual\/#primaryimage","url":"https:\/\/midwesthis.com\/wp-content\/uploads\/2024\/10\/Family-healthcare-marketplace-plans.jpg","contentUrl":"https:\/\/midwesthis.com\/wp-content\/uploads\/2024\/10\/Family-healthcare-marketplace-plans.jpg","width":2048,"height":1365},{"@type":"BreadcrumbList","@id":"https:\/\/midwesthis.com\/es\/servicios\/corredor-de-seguro-de-salud-individual\/#breadcrumb","itemListElement":[{"@type":"ListItem","position":1,"name":"Home","item":"https:\/\/midwesthis.com\/es\/"},{"@type":"ListItem","position":2,"name":"Servicios","item":"https:\/\/midwesthis.com\/es\/servicios\/"},{"@type":"ListItem","position":3,"name":"Corredor de seguro de salud individual"}]},{"@type":"WebSite","@id":"https:\/\/midwesthis.com\/es\/#website","url":"https:\/\/midwesthis.com\/es\/","name":"Omaha Medicare Advantage Obamacare Obama Care Midwest Health Insurance Omaha Obamacare Affordable Care Act (ACA) Obamacare Omaha Medicaid Medicare Insurance","description":"Medicare Advantage enrollment - Personal Health ObamaCare Insurance Plans","publisher":{"@id":"https:\/\/midwesthis.com\/es\/#organization"},"potentialAction":[{"@type":"SearchAction","target":{"@type":"EntryPoint","urlTemplate":"https:\/\/midwesthis.com\/es\/?s={search_term_string}"},"query-input":{"@type":"PropertyValueSpecification","valueRequired":true,"valueName":"search_term_string"}}],"inLanguage":"es"},{"@type":"Organization","@id":"https:\/\/midwesthis.com\/es\/#organization","name":"midwesthis.com","url":"https:\/\/midwesthis.com\/es\/","logo":{"@type":"ImageObject","inLanguage":"es","@id":"https:\/\/midwesthis.com\/es\/#\/schema\/logo\/image\/","url":"https:\/\/midwesthis.com\/wp-content\/uploads\/2022\/07\/thumbnail.jpg","contentUrl":"https:\/\/midwesthis.com\/wp-content\/uploads\/2022\/07\/thumbnail.jpg","width":600,"height":154,"caption":"midwesthis.com"},"image":{"@id":"https:\/\/midwesthis.com\/es\/#\/schema\/logo\/image\/"}}]}},"_links":{"self":[{"href":"https:\/\/midwesthis.com\/es\/wp-json\/wp\/v2\/pages\/1909","targetHints":{"allow":["GET"]}}],"collection":[{"href":"https:\/\/midwesthis.com\/es\/wp-json\/wp\/v2\/pages"}],"about":[{"href":"https:\/\/midwesthis.com\/es\/wp-json\/wp\/v2\/types\/page"}],"author":[{"embeddable":true,"href":"https:\/\/midwesthis.com\/es\/wp-json\/wp\/v2\/users\/4"}],"replies":[{"embeddable":true,"href":"https:\/\/midwesthis.com\/es\/wp-json\/wp\/v2\/comments?post=1909"}],"version-history":[{"count":2,"href":"https:\/\/midwesthis.com\/es\/wp-json\/wp\/v2\/pages\/1909\/revisions"}],"predecessor-version":[{"id":1912,"href":"https:\/\/midwesthis.com\/es\/wp-json\/wp\/v2\/pages\/1909\/revisions\/1912"}],"up":[{"embeddable":true,"href":"https:\/\/midwesthis.com\/es\/wp-json\/wp\/v2\/pages\/1883"}],"wp:featuredmedia":[{"embeddable":true,"href":"https:\/\/midwesthis.com\/es\/wp-json\/wp\/v2\/media\/1914"}],"wp:attachment":[{"href":"https:\/\/midwesthis.com\/es\/wp-json\/wp\/v2\/media?parent=1909"}],"curies":[{"name":"wp","href":"https:\/\/api.w.org\/{rel}","templated":true}]}}