{"id":1915,"date":"2024-10-07T10:08:31","date_gmt":"2024-10-07T15:08:31","guid":{"rendered":"https:\/\/midwesthis.com\/mes\/?page_id=1915"},"modified":"2025-10-28T13:12:01","modified_gmt":"2025-10-28T18:12:01","slug":"planes-de-medicare-advantage","status":"publish","type":"page","link":"https:\/\/midwesthis.com\/es\/servicios\/planes-de-medicare-advantage\/","title":{"rendered":"Planes de Medicare Advantage"},"content":{"rendered":"<div  data-label=\"Cta\" data-id=\"cta--1\" data-export-id=\"cta-centered-section-grid\" data-category=\"cta\" class=\"cta-centered-section-grid content-section content-section-spacing-medium bg-color1 white-text\" id=\"cta-1\" style=\"background-image: none; background-color: rgb(0, 148, 82);\"><div  class=\"\"> <div  class=\"row text-center\"><div  class=\"col-xs-12 col-sm-10 col-sm-offset-1 col-md-8 col-md-offset-2\" data-type=\"column\"> <h2  class=\"\" data-lt-tmp-id=\"lt-955353\" data-gramm=\"false\"><span  style=\"font-family: Lora, arial, helvetica, sans-serif; font-weight: 300;\">Planes Medicare Advantage<\/span><span  style=\"font-family: Lora, arial, helvetica, sans-serif; font-weight: 300;\"><br >Nuestros agentes le ayudar\u00e1n a comparar precios, beneficios y cobertura<br >\r\nLlame al <a data-mce-href=\"tel:4029720820\" href=\"tel:4029720820\" target=\"_self\" data-mce-selected=\"inline-boundary\" data-cp-link=\"1\" rel=\"noopener\">(402) 972-0820<\/a><br >\r\nInscr\u00edbase ahora con la orientaci\u00f3n local biling\u00fce de expertos<\/span><\/h2>  <\/div> <\/div><\/div> <\/div><div  data-label=\"Cta\" data-id=\"cta--2\" data-export-id=\"cta-centered-section-grid\" data-category=\"cta\" class=\"cta-centered-section-grid content-section content-section-spacing-medium bg-color1 dark-text\" id=\"cta-2\" style=\"background-image: none; background-color: rgb(255, 255, 255);\"><div  class=\"\"> <div  class=\"row text-center\"><div  class=\"col-xs-12 col-sm-10 col-sm-offset-1 col-md-8 col-md-offset-2\" data-type=\"column\">   <h2  class=\"\" style=\"text-align: left;\" data-lt-tmp-id=\"lt-752534\" data-gramm=\"false\"><span  style=\"font-weight: 400;\">El corredor de planes Medicare Advantage m\u00e1s confiable en Omaha, NE<\/span><\/h2><p  class=\"\" style=\"text-align: left;\" data-lt-tmp-id=\"lt-984501\" data-gramm=\"false\">Con experiencia en el campo y agentes en los que puede confiar, Midwest Health Insurance Solutions ofrece planes Medicare Advantage que lo ayudan a obtener la atenci\u00f3n que necesita, con representantes biling\u00fces que est\u00e1n listos para responder sus preguntas.\r\n<br ><br >Inscr\u00edbase ahora con un gu\u00eda biling\u00fce local experto al <span  style=\"font-weight: 700; color: rgb(0, 148, 82);\"><a data-mce-href=\"tel:14029720820\" href=\"tel:14029720820\" target=\"_self\" data-mce-selected=\"inline-boundary\" data-cp-link=\"1\" rel=\"noopener\">(402) 972-0820<\/a><\/span>.<\/p><h2  class=\"\" style=\"text-align: left;\" data-lt-tmp-id=\"lt-973135\" data-gramm=\"false\"><span  style=\"font-weight: 400;\">Planes y beneficios de Medicare Advantage<\/span><\/h2><p  class=\"\" style=\"text-align: left;\" data-lt-tmp-id=\"lt-908520\" data-gramm=\"false\">Nuestros agentes lo ayudar\u00e1n a comparar precios, beneficios y planes de cobertura para asegurarse de obtener la mejor oferta mientras planifica su futuro.\r\n<br ><br >Pero navegar por los diferentes planes, c\u00f3mo se comparan los diversos planes con otras opciones de Medicare y lo que eso significa para usted, puede ser un desaf\u00edo.\r\n<br ><br >Mientras piensa en unirse o modificar su plan durante los <span style=\"color: rgb(0, 148, 82);\" ><a data-mce-href=\"https:\/\/www.medicareadvantage.com\/medicare-enrollment?SRC=tz_ma_goog_srch&amp;cid=00001&amp;afid=362403&amp;tfn=ODAwLTYxMC05Mzc1&amp;q_publisher=google&amp;q_network=g&amp;q_creative=550036739715&amp;q_keyword=when%20can%20i%20enroll%20in%20medicare%20advantage%20plan&amp;q_placement=&amp;q_matchtype=e&amp;q_adposition=&amp;q_device=c&amp;q_devicemodel=&amp;q_targetid=kwd-315791540399&amp;q_campaignid=2082477006&amp;q_adgroupid=71962748530&amp;q_accountid=7441853351&amp;k_clickid=_kenshoo_clickid_&amp;medium=cpc&amp;gclid=Cj0KCQjw_7KXBhCoARIsAPdPTfjFjY8hGY9BjjUucFo_YRWTa2bqMc_KMDPkP0wzE82nU22nBUL-pskaAvI5EALw_wcB\" href=\"https:\/\/www.medicareadvantage.com\/medicare-enrollment?SRC=tz_ma_goog_srch&amp;cid=00001&amp;afid=362403&amp;tfn=ODAwLTYxMC05Mzc1&amp;q_publisher=google&amp;q_network=g&amp;q_creative=550036739715&amp;q_keyword=when%20can%20i%20enroll%20in%20medicare%20advantage%20plan&amp;q_placement=&amp;q_matchtype=e&amp;q_adposition=&amp;q_device=c&amp;q_devicemodel=&amp;q_targetid=kwd-315791540399&amp;q_campaignid=2082477006&amp;q_adgroupid=71962748530&amp;q_accountid=7441853351&amp;k_clickid=_kenshoo_clickid_&amp;medium=cpc&amp;gclid=Cj0KCQjw_7KXBhCoARIsAPdPTfjFjY8hGY9BjjUucFo_YRWTa2bqMc_KMDPkP0wzE82nU22nBUL-pskaAvI5EALw_wcB\" target=\"_self\" data-mce-selected=\"inline-boundary\" data-cp-link=\"1\" rel=\"noopener\">per\u00edodos de inscripci\u00f3n abierta de oto\u00f1o y primavera<\/a><\/span>, nuestros agentes pueden ayudarlo a encontrar las mejores soluciones que se ajusten a sus necesidades y presupuesto.<\/p><h2  class=\"\" style=\"text-align: left;\" data-lt-tmp-id=\"lt-747628\" data-gramm=\"false\"><span  style=\"font-weight: 400;\">\u00bfQu\u00e9 es la cobertura de seguro de Medicare Advantage?<\/span><\/h2><p  class=\"\" style=\"text-align: left;\" data-lt-tmp-id=\"lt-44843\" data-gramm=\"false\"><br >Los planes de Medicare Advantage son p\u00f3lizas ofrecidas por compa\u00f1\u00edas de seguros de salud privadas que deben seguir las reglas establecidas por Medicare, cubriendo los beneficios de Medicare Parte A (seguro hospitalario) y Parte B (seguro m\u00e9dico).\r\n<br ><br >El uso de un plan Advantage (conocido como la Parte C de Medicare) ayuda a completar servicios que presentan las dos primeras partes de Medicare, al mismo tiempo que mantiene sus costos m\u00e1s bajos que los de un plan tradicional. Los planes Advantage generalmente incluyen cobertura de medicamentos recetados. Otros tambi\u00e9n incluyen beneficios de visi\u00f3n, dentales y auditivos.\r\n<br ><br >A trav\u00e9s de un plan Advantage, usted paga las Partes A y B de Medicare, pero recibe estos beneficios a trav\u00e9s de la compa\u00f1\u00eda privada. Es posible que tambi\u00e9n deba pagar una tarifa a su proveedor de Advantage, aunque muchos ofrecen opciones sin primas. Por regla general, los planes Advantage deben cubrir todos los beneficios ofrecidos a trav\u00e9s de las Partes A y B, adem\u00e1s de los cuidados de hospital que es administrado por el gobierno federal.<br >\r\nA trav\u00e9s de nuestra amplia red de operadores, podemos ayudarle a dise\u00f1ar diferentes planes y comparar directamente sus costos y beneficios para que solo pague por lo que necesita.\r\n<br ><br >Si decide que Medicare Advantage es adecuado para usted, no puede contar con acceso a la&nbsp;<a data-mce-href=\"https:\/\/www.ohioinsureplan.com\/medicare-supplements\/\" href=\"https:\/\/www.ohioinsureplan.com\/medicare-supplements\/\" target=\"_self\" data-mce-selected=\"inline-boundary\" data-cp-link=\"1\" rel=\"noopener\"><span style=\"color: rgb(0, 148, 82);\" >cobertura complementaria de Medicare<\/span><\/a> como los Planes F o G. Aunque logran cosas similares, son muy diferentes y las personas no pueden usar ambas al mismo tiempo.\r\n<br ><br >Es importante tener en cuenta que un plan Advantage no es lo mismo que la cobertura complementaria de Medicare, como los planes G o F, por ejemplo. Estas dos opciones de seguro son muy diferentes y, por regla general, no puede tener ambas. Es una u otra. Trabajamos con ambos tipos.<\/p><h2  class=\"\" style=\"text-align: left;\" data-lt-tmp-id=\"lt-493531\" data-gramm=\"false\"><span  style=\"font-weight: 400;\">\u00bfCu\u00e1les son los costos asociados con la cobertura de MA?<\/span><\/h2><p  class=\"\" style=\"text-align: left;\" data-lt-tmp-id=\"lt-648631\" data-gramm=\"false\">Si bien los planes Advantage pueden cubrir mucho, a\u00fan puede tener algunos costos de desembolso. Es importante comprender estos gastos (incluyendo copagos, coseguros, deducibles y m\u00e1s) antes de inscribirse en un plan.\r\n<br ><br >La buena noticia es que casi todos los planes Advantage ofrecen descuentos si utiliza redes preaprobadas de proveedores de atenci\u00f3n m\u00e9dica. Pero si necesita salir de esa red, sus costos podr\u00edan aumentar.\r\n<br ><br >Tambi\u00e9n es extremadamente importante que verifique si su m\u00e9dico de atenci\u00f3n primaria acepta el plan Advantage antes de inscribirse.<\/p><h2  class=\"\" style=\"text-align: left;\" data-lt-tmp-id=\"lt-100543\" data-gramm=\"false\"><span  style=\"font-weight: 400;\">Beneficios adicionales que ofrecen algunos planes Advantage<\/span><\/h2><p  class=\"\" style=\"text-align: left;\" data-lt-tmp-id=\"lt-337889\" data-gramm=\"false\">La ventaja de un plan Advantage es que va m\u00e1s all\u00e1 de lo que puede obtener con las formas originales de seguros Medicare. Medicamentos recetados, servicios dentales, de la vista, auditivos e incluso membres\u00edas gratuitas en gimnasios o programas de acondicionamiento f\u00edsico similares. Algunos tambi\u00e9n ofrecen transporte a citas m\u00e9dicas, entrega de comidas y telesalud.<\/p><h2  class=\"\" style=\"text-align: left;\" data-lt-tmp-id=\"lt-437557\" data-gramm=\"false\"><span  style=\"font-weight: 400;\">Beneficio de devoluci\u00f3n de la Parte B de Medicare<\/span><\/h2><p  class=\"\" style=\"text-align: left;\" data-lt-tmp-id=\"lt-356417\" data-gramm=\"false\">Dependiendo de su cobertura, tambi\u00e9n podr\u00eda recuperar el dinero de las primas que paga al gobierno a trav\u00e9s de la Parte B de Medicare por elegir un plan Advantage. El monto de su reembolso depende del plan, pero puede oscilar entre $0.10 y la prima total. Consulte con nuestros agentes para averiguar la disponibilidad en su \u00e1rea, ya que algunos condados tienen varias opciones de beneficios de devoluci\u00f3n y otros no.<\/p><h2  class=\"\" style=\"text-align: left;\" data-lt-tmp-id=\"lt-958181\" data-gramm=\"false\"><span  style=\"font-weight: 400;\">Inscribirse en el seguro Medicare Advantage<\/span><\/h2><p  class=\"\" style=\"text-align: left;\" data-lt-tmp-id=\"lt-245112\" data-gramm=\"false\">Solo puede inscribirse, cancelar su inscripci\u00f3n o cambiar su plan en ciertas \u00e9pocas del a\u00f1o, llamadas Per\u00edodo de Elecci\u00f3n Anual, que se extiende desde el 15 de octubre hasta el 7 de diciembre de cada a\u00f1o. Tambi\u00e9n puede desafiliarse durante el Per\u00edodo de Desafiliaci\u00f3n de Medicare Advantage que se extiende desde el 1 de enero hasta el 15 de febrero, lo que le permite volver a Medicare Parte A y B, as\u00ed como comprar un plan de medicamentos recetados de la Parte D.<\/p><h2  class=\"\" style=\"text-align: left;\" data-lt-tmp-id=\"lt-581553\" data-gramm=\"false\"><span  style=\"font-weight: 400;\">El periodo de prueba de un a\u00f1o de&nbsp;Advantage&nbsp;<\/span><\/h2><p  class=\"\" style=\"text-align: left;\" data-lt-tmp-id=\"lt-338963\" data-gramm=\"false\">Como parte del programa Medicare Advantage, tambi\u00e9n tiene la opci\u00f3n de volver a su antiguo plan de Medicare o complemento de Medicare, o comprar un plan nuevo por completo. Si elige comprar un nuevo plan complementario (Plan G y F, por ejemplo) despu\u00e9s de la marca de un a\u00f1o, deber\u00e1 proporcionar una suscripci\u00f3n m\u00e9dica. Tambi\u00e9n se le exigir\u00e1 que goce de una salud razonablemente buena para poder inscribirse en la mayor\u00eda de los proveedores complementarios de Medicare. Todos estos son factores importantes a tener en cuenta al considerar el periodo de prueba de un a\u00f1o de Advantage.<\/p><h2  class=\"\" style=\"text-align: left;\" data-lt-tmp-id=\"lt-427393\" data-gramm=\"false\"><span  style=\"font-weight: 400;\">Ventajas y desventajas de los planes Medicare Advantage<\/span><\/h2><p  class=\"\" style=\"text-align: left;\" data-lt-tmp-id=\"lt-431473\" data-gramm=\"false\">La ventaja obvia de un plan Medicare Advantage es el costo. La combinaci\u00f3n de planes complementarios junto con su atenci\u00f3n est\u00e1ndar y recetas puede ser costosa. Al optar por un plan Advantage y acceder a la atenci\u00f3n m\u00e9dica tradicional a trav\u00e9s de un socio privado, obtiene acceso a una red m\u00e1s amplia que puede satisfacer sus necesidades. Es a\u00fan m\u00e1s una ventaja si sus m\u00e9dicos y proveedores ya est\u00e1n dentro de la red, ahorrando tiempo, dinero y estr\u00e9s.\r\n<br ><br >El mayor inconveniente surge cuando necesita atenci\u00f3n fuera de su red. Si lo derivan a un especialista o centro que no acepta su plan, sus costos pueden ser m\u00e1s altos. Si no le gusta su plan, tambi\u00e9n es dif\u00edcil dejarlo despu\u00e9s de un a\u00f1o, especialmente si tiene problemas de salud. Tratar de comprar un suplemento se vuelve m\u00e1s dif\u00edcil una vez que ha pasado el per\u00edodo de gracia.\r\n<br ><br >Tiene opciones si se muda o si su proveedor de Advantage cancela su cobertura, o si abandona el \u00e1rea de servicio. Esto proporciona una ventana para inscribirse en un plan similar, un plan nuevo o simplemente reevaluar sus necesidades de atenci\u00f3n.<\/p><h2  class=\"\" style=\"text-align: left;\" data-lt-tmp-id=\"lt-91995\" data-gramm=\"false\"><span  style=\"font-weight: 400;\">Cont\u00e1ctenos para cotizaciones y opciones de cobertura<\/span><\/h2><p  class=\"\" style=\"text-align: left;\" data-lt-tmp-id=\"lt-453825\" data-gramm=\"false\">P\u00f3ngase en contacto ahora con un asesor local experto y biling\u00fce al <span  style=\"font-weight: 700; color: rgb(0, 148, 82);\"><a data-mce-href=\"tel:14029720820\" href=\"tel:14029720820\" target=\"_self\" data-mce-selected=\"inline-boundary\" data-cp-link=\"1\" rel=\"noopener\">(402) 972-0820<\/a><\/span>.\r\n<br ><br ><span  style=\"font-style: italic; font-weight: 700;\">*Actualmente contamos con licencia y nombramiento en los siguientes estados<\/span>\r\n<br ><br ><span  style=\"color: rgb(0, 148, 82);\">Productos de Medicare<\/span><br ><br ><b >Nebraska<\/b>: <i >Uhc, Aetna, Humana, Wellcare y Medica<\/i><br ><b >\r\nIowa<\/b>: <i >Uhc, Aetna, Humana y Wellmark<\/i><br ><b >\r\nTexas<\/b>: <i >Uhc, Aetna, Humana, Cigna y Wellcare<\/i><br ><b >\r\nPennsylvania<\/b>: <span  style=\"font-style: italic;\">Uhc, Humana, Aetna<\/span><br ><b >\r\nTennessee<\/b>: <span  style=\"font-style: italic;\">Cigna, And Wellcare<\/span><br ><b >\r\nArkansas And Kansas<\/b>: <span  style=\"font-style: italic;\">Uhc Humana y Aetna\r\n<br ><br >Tambi\u00e9n podemos realizar productos individuales y ACA en esos estados.<\/span><\/p><\/div> <\/div><\/div> <\/div>","protected":false},"excerpt":{"rendered":"<p>Planes Medicare AdvantageNuestros agentes le ayudar\u00e1n a comparar precios, beneficios y cobertura Llame al (402) 972-0820 Inscr\u00edbase ahora con la orientaci\u00f3n local biling\u00fce de expertos El corredor de planes Medicare Advantage m\u00e1s confiable en Omaha, NECon experiencia en el campo y agentes en los que puede confiar, Midwest Health Insurance Solutions ofrece planes Medicare Advantage&hellip; <br \/> <a class=\"read-more\" href=\"https:\/\/midwesthis.com\/es\/servicios\/planes-de-medicare-advantage\/\">Leer m\u00e1s<\/a><\/p>\n","protected":false},"author":4,"featured_media":1920,"parent":1883,"menu_order":0,"comment_status":"closed","ping_status":"closed","template":"pro\/page-templates\/full-width-page.php","meta":{"footnotes":""},"class_list":["post-1915","page","type-page","status-publish","has-post-thumbnail","hentry"],"yoast_head":"<!-- This site is optimized with the Yoast SEO plugin v27.3 - https:\/\/yoast.com\/product\/yoast-seo-wordpress\/ -->\n<title>Agente de planes Medicare Advantage en Omaha - Midwest Health Insurance Solutions<\/title>\n<meta name=\"description\" content=\"Explore los planes de seguro m\u00e9dico Medicare Advantage con el corredor de seguros m\u00e9dicos m\u00e1s confiable de Omaha. Inscr\u00edbase ahora con orientaci\u00f3n biling\u00fce.\" \/>\n<meta name=\"robots\" content=\"index, follow, max-snippet:-1, max-image-preview:large, max-video-preview:-1\" \/>\n<link rel=\"canonical\" href=\"https:\/\/midwesthis.com\/es\/servicios\/planes-de-medicare-advantage\/\" \/>\n<meta property=\"og:locale\" content=\"es_ES\" \/>\n<meta property=\"og:type\" content=\"article\" \/>\n<meta property=\"og:title\" content=\"Agente de planes Medicare Advantage en Omaha - Midwest Health Insurance Solutions\" \/>\n<meta property=\"og:description\" content=\"Explore los planes de seguro m\u00e9dico Medicare Advantage con el corredor de seguros m\u00e9dicos m\u00e1s confiable de Omaha. Inscr\u00edbase ahora con orientaci\u00f3n biling\u00fce.\" \/>\n<meta property=\"og:url\" content=\"https:\/\/midwesthis.com\/es\/servicios\/planes-de-medicare-advantage\/\" \/>\n<meta property=\"og:site_name\" content=\"Omaha Medicare Advantage Obamacare Obama Care Midwest Health Insurance Omaha Obamacare Affordable Care Act (ACA) Obamacare Omaha Medicaid Medicare Insurance\" \/>\n<meta property=\"article:modified_time\" content=\"2025-10-28T18:12:01+00:00\" \/>\n<meta property=\"og:image\" content=\"https:\/\/midwesthis.com\/wp-content\/uploads\/2024\/10\/Medicare_Advantage_plans_over-14.jpg\" \/>\n\t<meta property=\"og:image:width\" content=\"2036\" \/>\n\t<meta property=\"og:image:height\" content=\"1547\" \/>\n\t<meta property=\"og:image:type\" content=\"image\/jpeg\" \/>\n<meta name=\"twitter:card\" content=\"summary_large_image\" \/>\n<meta name=\"twitter:label1\" content=\"Tiempo de lectura\" \/>\n\t<meta name=\"twitter:data1\" content=\"6 minutos\" \/>\n<script type=\"application\/ld+json\" class=\"yoast-schema-graph\">{\"@context\":\"https:\\\/\\\/schema.org\",\"@graph\":[{\"@type\":\"WebPage\",\"@id\":\"https:\\\/\\\/midwesthis.com\\\/es\\\/servicios\\\/planes-de-medicare-advantage\\\/\",\"url\":\"https:\\\/\\\/midwesthis.com\\\/es\\\/servicios\\\/planes-de-medicare-advantage\\\/\",\"name\":\"Agente de planes Medicare Advantage en Omaha - Midwest Health Insurance Solutions\",\"isPartOf\":{\"@id\":\"https:\\\/\\\/midwesthis.com\\\/es\\\/#website\"},\"primaryImageOfPage\":{\"@id\":\"https:\\\/\\\/midwesthis.com\\\/es\\\/servicios\\\/planes-de-medicare-advantage\\\/#primaryimage\"},\"image\":{\"@id\":\"https:\\\/\\\/midwesthis.com\\\/es\\\/servicios\\\/planes-de-medicare-advantage\\\/#primaryimage\"},\"thumbnailUrl\":\"https:\\\/\\\/midwesthis.com\\\/wp-content\\\/uploads\\\/2024\\\/10\\\/Medicare_Advantage_plans_over-14.jpg\",\"datePublished\":\"2024-10-07T15:08:31+00:00\",\"dateModified\":\"2025-10-28T18:12:01+00:00\",\"description\":\"Explore los planes de seguro m\u00e9dico Medicare Advantage con el corredor de seguros m\u00e9dicos m\u00e1s confiable de Omaha. Inscr\u00edbase ahora con orientaci\u00f3n biling\u00fce.\",\"breadcrumb\":{\"@id\":\"https:\\\/\\\/midwesthis.com\\\/es\\\/servicios\\\/planes-de-medicare-advantage\\\/#breadcrumb\"},\"inLanguage\":\"es\",\"potentialAction\":[{\"@type\":\"ReadAction\",\"target\":[\"https:\\\/\\\/midwesthis.com\\\/es\\\/servicios\\\/planes-de-medicare-advantage\\\/\"]}]},{\"@type\":\"ImageObject\",\"inLanguage\":\"es\",\"@id\":\"https:\\\/\\\/midwesthis.com\\\/es\\\/servicios\\\/planes-de-medicare-advantage\\\/#primaryimage\",\"url\":\"https:\\\/\\\/midwesthis.com\\\/wp-content\\\/uploads\\\/2024\\\/10\\\/Medicare_Advantage_plans_over-14.jpg\",\"contentUrl\":\"https:\\\/\\\/midwesthis.com\\\/wp-content\\\/uploads\\\/2024\\\/10\\\/Medicare_Advantage_plans_over-14.jpg\",\"width\":2036,\"height\":1547},{\"@type\":\"BreadcrumbList\",\"@id\":\"https:\\\/\\\/midwesthis.com\\\/es\\\/servicios\\\/planes-de-medicare-advantage\\\/#breadcrumb\",\"itemListElement\":[{\"@type\":\"ListItem\",\"position\":1,\"name\":\"Home\",\"item\":\"https:\\\/\\\/midwesthis.com\\\/es\\\/\"},{\"@type\":\"ListItem\",\"position\":2,\"name\":\"Servicios\",\"item\":\"https:\\\/\\\/midwesthis.com\\\/es\\\/servicios\\\/\"},{\"@type\":\"ListItem\",\"position\":3,\"name\":\"Planes de Medicare Advantage\"}]},{\"@type\":\"WebSite\",\"@id\":\"https:\\\/\\\/midwesthis.com\\\/es\\\/#website\",\"url\":\"https:\\\/\\\/midwesthis.com\\\/es\\\/\",\"name\":\"Omaha Medicare Advantage Obamacare Obama Care Midwest Health Insurance Omaha Obamacare Affordable Care Act (ACA) Obamacare Omaha Medicaid Medicare Insurance\",\"description\":\"Medicare Advantage enrollment - Personal Health ObamaCare Insurance Plans\",\"publisher\":{\"@id\":\"https:\\\/\\\/midwesthis.com\\\/es\\\/#organization\"},\"potentialAction\":[{\"@type\":\"SearchAction\",\"target\":{\"@type\":\"EntryPoint\",\"urlTemplate\":\"https:\\\/\\\/midwesthis.com\\\/es\\\/?s={search_term_string}\"},\"query-input\":{\"@type\":\"PropertyValueSpecification\",\"valueRequired\":true,\"valueName\":\"search_term_string\"}}],\"inLanguage\":\"es\"},{\"@type\":\"Organization\",\"@id\":\"https:\\\/\\\/midwesthis.com\\\/es\\\/#organization\",\"name\":\"midwesthis.com\",\"url\":\"https:\\\/\\\/midwesthis.com\\\/es\\\/\",\"logo\":{\"@type\":\"ImageObject\",\"inLanguage\":\"es\",\"@id\":\"https:\\\/\\\/midwesthis.com\\\/es\\\/#\\\/schema\\\/logo\\\/image\\\/\",\"url\":\"https:\\\/\\\/midwesthis.com\\\/wp-content\\\/uploads\\\/2022\\\/07\\\/thumbnail.jpg\",\"contentUrl\":\"https:\\\/\\\/midwesthis.com\\\/wp-content\\\/uploads\\\/2022\\\/07\\\/thumbnail.jpg\",\"width\":600,\"height\":154,\"caption\":\"midwesthis.com\"},\"image\":{\"@id\":\"https:\\\/\\\/midwesthis.com\\\/es\\\/#\\\/schema\\\/logo\\\/image\\\/\"}}]}<\/script>\n<!-- \/ Yoast SEO plugin. -->","yoast_head_json":{"title":"Agente de planes Medicare Advantage en Omaha - Midwest Health Insurance Solutions","description":"Explore los planes de seguro m\u00e9dico Medicare Advantage con el corredor de seguros m\u00e9dicos m\u00e1s confiable de Omaha. Inscr\u00edbase ahora con orientaci\u00f3n biling\u00fce.","robots":{"index":"index","follow":"follow","max-snippet":"max-snippet:-1","max-image-preview":"max-image-preview:large","max-video-preview":"max-video-preview:-1"},"canonical":"https:\/\/midwesthis.com\/es\/servicios\/planes-de-medicare-advantage\/","og_locale":"es_ES","og_type":"article","og_title":"Agente de planes Medicare Advantage en Omaha - Midwest Health Insurance Solutions","og_description":"Explore los planes de seguro m\u00e9dico Medicare Advantage con el corredor de seguros m\u00e9dicos m\u00e1s confiable de Omaha. Inscr\u00edbase ahora con orientaci\u00f3n biling\u00fce.","og_url":"https:\/\/midwesthis.com\/es\/servicios\/planes-de-medicare-advantage\/","og_site_name":"Omaha Medicare Advantage Obamacare Obama Care Midwest Health Insurance Omaha Obamacare Affordable Care Act (ACA) Obamacare Omaha Medicaid Medicare Insurance","article_modified_time":"2025-10-28T18:12:01+00:00","og_image":[{"width":2036,"height":1547,"url":"https:\/\/midwesthis.com\/wp-content\/uploads\/2024\/10\/Medicare_Advantage_plans_over-14.jpg","type":"image\/jpeg"}],"twitter_card":"summary_large_image","twitter_misc":{"Tiempo de lectura":"6 minutos"},"schema":{"@context":"https:\/\/schema.org","@graph":[{"@type":"WebPage","@id":"https:\/\/midwesthis.com\/es\/servicios\/planes-de-medicare-advantage\/","url":"https:\/\/midwesthis.com\/es\/servicios\/planes-de-medicare-advantage\/","name":"Agente de planes Medicare Advantage en Omaha - Midwest Health Insurance Solutions","isPartOf":{"@id":"https:\/\/midwesthis.com\/es\/#website"},"primaryImageOfPage":{"@id":"https:\/\/midwesthis.com\/es\/servicios\/planes-de-medicare-advantage\/#primaryimage"},"image":{"@id":"https:\/\/midwesthis.com\/es\/servicios\/planes-de-medicare-advantage\/#primaryimage"},"thumbnailUrl":"https:\/\/midwesthis.com\/wp-content\/uploads\/2024\/10\/Medicare_Advantage_plans_over-14.jpg","datePublished":"2024-10-07T15:08:31+00:00","dateModified":"2025-10-28T18:12:01+00:00","description":"Explore los planes de seguro m\u00e9dico Medicare Advantage con el corredor de seguros m\u00e9dicos m\u00e1s confiable de Omaha. Inscr\u00edbase ahora con orientaci\u00f3n biling\u00fce.","breadcrumb":{"@id":"https:\/\/midwesthis.com\/es\/servicios\/planes-de-medicare-advantage\/#breadcrumb"},"inLanguage":"es","potentialAction":[{"@type":"ReadAction","target":["https:\/\/midwesthis.com\/es\/servicios\/planes-de-medicare-advantage\/"]}]},{"@type":"ImageObject","inLanguage":"es","@id":"https:\/\/midwesthis.com\/es\/servicios\/planes-de-medicare-advantage\/#primaryimage","url":"https:\/\/midwesthis.com\/wp-content\/uploads\/2024\/10\/Medicare_Advantage_plans_over-14.jpg","contentUrl":"https:\/\/midwesthis.com\/wp-content\/uploads\/2024\/10\/Medicare_Advantage_plans_over-14.jpg","width":2036,"height":1547},{"@type":"BreadcrumbList","@id":"https:\/\/midwesthis.com\/es\/servicios\/planes-de-medicare-advantage\/#breadcrumb","itemListElement":[{"@type":"ListItem","position":1,"name":"Home","item":"https:\/\/midwesthis.com\/es\/"},{"@type":"ListItem","position":2,"name":"Servicios","item":"https:\/\/midwesthis.com\/es\/servicios\/"},{"@type":"ListItem","position":3,"name":"Planes de Medicare Advantage"}]},{"@type":"WebSite","@id":"https:\/\/midwesthis.com\/es\/#website","url":"https:\/\/midwesthis.com\/es\/","name":"Omaha Medicare Advantage Obamacare Obama Care Midwest Health Insurance Omaha Obamacare Affordable Care Act (ACA) Obamacare Omaha Medicaid Medicare Insurance","description":"Medicare Advantage enrollment - Personal Health ObamaCare Insurance Plans","publisher":{"@id":"https:\/\/midwesthis.com\/es\/#organization"},"potentialAction":[{"@type":"SearchAction","target":{"@type":"EntryPoint","urlTemplate":"https:\/\/midwesthis.com\/es\/?s={search_term_string}"},"query-input":{"@type":"PropertyValueSpecification","valueRequired":true,"valueName":"search_term_string"}}],"inLanguage":"es"},{"@type":"Organization","@id":"https:\/\/midwesthis.com\/es\/#organization","name":"midwesthis.com","url":"https:\/\/midwesthis.com\/es\/","logo":{"@type":"ImageObject","inLanguage":"es","@id":"https:\/\/midwesthis.com\/es\/#\/schema\/logo\/image\/","url":"https:\/\/midwesthis.com\/wp-content\/uploads\/2022\/07\/thumbnail.jpg","contentUrl":"https:\/\/midwesthis.com\/wp-content\/uploads\/2022\/07\/thumbnail.jpg","width":600,"height":154,"caption":"midwesthis.com"},"image":{"@id":"https:\/\/midwesthis.com\/es\/#\/schema\/logo\/image\/"}}]}},"_links":{"self":[{"href":"https:\/\/midwesthis.com\/es\/wp-json\/wp\/v2\/pages\/1915","targetHints":{"allow":["GET"]}}],"collection":[{"href":"https:\/\/midwesthis.com\/es\/wp-json\/wp\/v2\/pages"}],"about":[{"href":"https:\/\/midwesthis.com\/es\/wp-json\/wp\/v2\/types\/page"}],"author":[{"embeddable":true,"href":"https:\/\/midwesthis.com\/es\/wp-json\/wp\/v2\/users\/4"}],"replies":[{"embeddable":true,"href":"https:\/\/midwesthis.com\/es\/wp-json\/wp\/v2\/comments?post=1915"}],"version-history":[{"count":2,"href":"https:\/\/midwesthis.com\/es\/wp-json\/wp\/v2\/pages\/1915\/revisions"}],"predecessor-version":[{"id":1918,"href":"https:\/\/midwesthis.com\/es\/wp-json\/wp\/v2\/pages\/1915\/revisions\/1918"}],"up":[{"embeddable":true,"href":"https:\/\/midwesthis.com\/es\/wp-json\/wp\/v2\/pages\/1883"}],"wp:featuredmedia":[{"embeddable":true,"href":"https:\/\/midwesthis.com\/es\/wp-json\/wp\/v2\/media\/1920"}],"wp:attachment":[{"href":"https:\/\/midwesthis.com\/es\/wp-json\/wp\/v2\/media?parent=1915"}],"curies":[{"name":"wp","href":"https:\/\/api.w.org\/{rel}","templated":true}]}}