{"id":1925,"date":"2024-10-07T10:13:55","date_gmt":"2024-10-07T15:13:55","guid":{"rendered":"https:\/\/midwesthis.com\/mes\/?page_id=1925"},"modified":"2025-10-28T13:11:07","modified_gmt":"2025-10-28T18:11:07","slug":"planes-complementarios-de-medicare","status":"publish","type":"page","link":"https:\/\/midwesthis.com\/es\/servicios\/planes-complementarios-de-medicare\/","title":{"rendered":"Planes complementarios de Medicare"},"content":{"rendered":"<div  data-label=\"Cta\" data-id=\"cta--1\" data-export-id=\"cta-centered-section-grid\" data-category=\"cta\" class=\"cta-centered-section-grid content-section content-section-spacing-medium bg-color1 white-text\" id=\"cta-1\" style=\"background-image: none; background-color: rgb(0, 148, 82);\"><div  class=\"\"> <div  class=\"row text-center\"><div  class=\"col-xs-12 col-sm-10 col-sm-offset-1 col-md-8 col-md-offset-2\" data-type=\"column\"> <h2  class=\"\" data-lt-tmp-id=\"lt-672583\" data-gramm=\"false\"><span  style=\"font-family: Lora, arial, helvetica, sans-serif;\">Seguro Suplementario de Medicare: cierre la brecha de Medicare con los beneficios del seguro complementario<br >\r\nLlame al <a data-mce-href=\"tel:4029720820\" href=\"tel:4029720820\" target=\"_self\" data-mce-selected=\"inline-boundary\" data-cp-link=\"1\" rel=\"noopener\">(402) 972-0820<\/a><br >\r\nPregunte a nuestros agentes sobre los planes Medigap para cubrir&nbsp;los costos de bolsillo<\/span><\/h2>  <\/div> <\/div><\/div> <\/div><div  data-label=\"Cta\" data-id=\"cta--2\" data-export-id=\"cta-centered-section-grid\" data-category=\"cta\" class=\"cta-centered-section-grid content-section content-section-spacing-medium bg-color1 dark-text\" id=\"cta-2\" style=\"background-image: none; background-color: rgb(255, 255, 255);\"><div  class=\"\"> <div  class=\"row text-center\"><div  class=\"col-xs-12 col-sm-10 col-sm-offset-1 col-md-8 col-md-offset-2\" data-type=\"column\">   <h2  class=\"\" style=\"text-align: left;\" data-lt-tmp-id=\"lt-780937\" data-gramm=\"false\"><span  style=\"font-weight: 400;\">El corredor del Seguro Suplementario de Medicare m\u00e1s confiable en Omaha, NE<\/span><\/h2><p  class=\"\" style=\"text-align: left;\" data-lt-tmp-id=\"lt-536922\" data-gramm=\"false\">Midwest Health Insurance Solutions puede ayudarlo a encontrar los planes complementarios que necesita para completar sus beneficios de Medicare. Nuestros agentes biling\u00fces trabajan con una amplia red de proveedores que pueden brindarle el mejor plan para su presupuesto y para sus necesidades de atenci\u00f3n m\u00e9dica.\r\n<br ><br >Inscr\u00edbase ahora con un gu\u00eda biling\u00fce local experto al <span  style=\"font-weight: 700; color: rgb(0, 148, 82);\"><a data-mce-href=\"tel:14029720820\" href=\"tel:14029720820\" target=\"_self\" data-mce-selected=\"inline-boundary\" data-cp-link=\"1\" rel=\"noopener\">(402) 972-0820<\/a><\/span>.<br >\r\n<\/p><div  data-editable=\"true\" data-name=\"ope-custom-content-shortcode\" data-content-shortcode=\"sc name=&quot;supplement&quot;][\/sc\" class=\"\" style=\"position: relative; top: 0px; left: 0px;\"><iframe loading=\"lazy\" title=\"2022 Medicare Supplement Insurance Benefits &amp;amp; Gaps\" aria-label=\"Table\" id=\"datawrapper-chart-aO7l4\" src=\"https:\/\/datawrapper.dwcdn.net\/aO7l4\/1\/\" scrolling=\"no\" frameborder=\"0\" style=\"border: none;\" width=\"906\" height=\"926\"><\/iframe><\/div><h2  class=\"\" style=\"text-align: left;\" data-lt-tmp-id=\"lt-422463\" data-gramm=\"false\"><span  style=\"font-weight: 400;\">Planes Medigap<\/span><\/h2><p  class=\"\" style=\"text-align: left;\" data-lt-tmp-id=\"lt-593399\" data-gramm=\"false\"><span  style=\"font-weight: 700;\">38.2%<\/span> \u2013 El porcentaje de beneficiarios de Medicare que tienen una p\u00f3liza Medigap\r\n<br ><br ><span  style=\"font-weight: 700;\">14.5&nbsp;millones<\/span> \u2013 Estadounidenses con un plan complementario de Medicare\r\n<br ><br ><span  style=\"font-weight: 700;\">22.8%<\/span> \u2013 Crecimiento en el n\u00famero de personas inscritas en planes complementarios de Medicare desde 2015\r\n<br ><br ><span  style=\"font-weight: 700;\">57.7%<\/span> \u2013 Solo alrededor de la mitad de los beneficiarios de Medicare comparan sus planes anualmente\r\n<br ><br ><span  style=\"font-weight: 700;\">Los planes complementarios de Medicare m\u00e1s populares son F, G y N\r\n<\/span><br ><br >Los Planes complementarios de Medicare, tambi\u00e9n conocidos como planes Medigap, cubren los gastos de bolsillo que no cubren las Partes A y B de Medicare. Var\u00edan en primas y costos de bolsillo, as\u00ed como una buena parte del alfabeto, pero Midwest Health Insurance Solutions est\u00e1 aqu\u00ed para ayudarlo a encontrar la mejor opci\u00f3n para sus necesidades de atenci\u00f3n m\u00e9dica.<\/p><h2  class=\"\" style=\"text-align: left;\" data-lt-tmp-id=\"lt-463021\" data-gramm=\"false\"><span  style=\"font-weight: 400;\">Primas y gastos de bolsillo moderados<\/span><\/h2><p  class=\"\" style=\"text-align: left;\" data-lt-tmp-id=\"lt-623314\" data-gramm=\"false\"><span  style=\"font-weight: 700; color: rgb(43, 114, 171);\">Planes A y B<\/span><br >Los planes complementarios de Medicare A y B cubren los costos b\u00e1sicos de coseguro y copago para servicios como hospicio, hospitalizaci\u00f3n y otros gastos m\u00e9dicos. El Plan B complementario de Medicare ofrece opciones similares y brinda cobertura adicional para los deducibles de la Parte A.\r\n<br ><br ><span  style=\"font-weight: 700; color: rgb(43, 114, 171);\">Planes D y C<\/span><br >Para cubrir los gastos de bolsillo restantes de Medicare Original, como el coseguro, los copagos, la atenci\u00f3n de emergencia en el extranjero y el deducible de la Parte A de Medicare, los planes complementarios de Medicare D y C son buenas opciones a considerar. El Plan C complementario de Medicare est\u00e1 disponible para aquellos que eran elegibles para Medicare antes del 1 de enero de 2020 y pueden ayudar con el deducible de la Parte B de Medicare.\r\n<br ><br ><span  style=\"font-weight: 700; color: rgb(43, 114, 171);\">Plan F<\/span><br >El Plan F Suplementario de Medicare solo est\u00e1 disponible para aquellos que eran elegibles para Medicare antes del 1 de enero de 2020. El Plan F cubre deducibles, copagos y coseguros no cubiertos por Medicare que pueden aumentar sus primas mensuales. Sin embargo, si necesita un plan de atenci\u00f3n integral, los complementos como el Plan F cubrir\u00e1n los vac\u00edos restantes que deja Medicare. Para primas m\u00e1s bajas, tambi\u00e9n est\u00e1 disponible una opci\u00f3n de deducible alto.\r\n<br ><br ><span  style=\"font-weight: 700; color: rgb(43, 114, 171);\">Plan G<\/span><br >El Plan G ofrece cobertura en todos los vac\u00edos que deja la cobertura tradicional de Medicare, como coseguro y deducibles. El Plan G tambi\u00e9n ayuda con los costos adicionales, como la atenci\u00f3n de emergencia en el extranjero y los cargos excesivos de la Parte B de Medicare. Tambi\u00e9n hay disponibles opciones de deducible alto para reducir sus primas.<\/p><h2  class=\"\" style=\"text-align: left;\" data-lt-tmp-id=\"lt-823675\" data-gramm=\"false\"><span  style=\"font-weight: 400;\">Primas m\u00e1s bajas<\/span><\/h2><p  class=\"\" style=\"text-align: left;\" data-lt-tmp-id=\"lt-869475\" data-gramm=\"false\"><span  style=\"font-weight: 700; color: rgb(43, 114, 171);\">Planes K y L<\/span><br >Los planes complementarios de Medicare K y L cubren un porcentaje de los costos, como los servicios m\u00e9dicos y la atenci\u00f3n hospitalaria. Usted es responsable del resto. Sin embargo, cada plan tiene su propio m\u00e1ximo de gastos de bolsillo, lo que limita cu\u00e1nto debe pagar anualmente.<br ><br ><span  style=\"font-weight: 700; color: rgb(43, 114, 171);\">Plan N<\/span><br >El Plan N complementario de Medicare incluye muchos de los mismos beneficios que otros planes de prima baja, sin embargo, el Plan N tambi\u00e9n incluye copagos de hasta $20 para consultorios y $50 para salas de emergencia. El plan tambi\u00e9n cubre los deducibles de la Parte A de Medicare, el coseguro de atenci\u00f3n de enfermer\u00eda especializada y la atenci\u00f3n de emergencia en el extranjero.<\/p><p  class=\"\" style=\"text-align: left;\" data-lt-tmp-id=\"lt-290962\" data-gramm=\"false\">Inscr\u00edbete ahora con orientaci\u00f3n biling\u00fce local experta al <a data-mce-href=\"tel:14029720820\" href=\"tel:14029720820\" target=\"_self\" data-mce-selected=\"inline-boundary\" data-cp-link=\"1\" rel=\"noopener\"><span  style=\"font-weight: 700;\"><span  style=\"color: rgb(0, 148, 82);\">(402) 972-0820<\/span>\ufeff<\/span><\/a>.\r\n<br ><br ><span  style=\"font-style: italic; font-weight: 700;\">*Actualmente contamos con licencia y nombramiento en los siguientes estados<\/span>\r\n<br ><br ><span  style=\"color: rgb(0, 148, 82);\">Productos Medicare<\/span><br ><br ><b >Nebraska<\/b>: <i >Uhc, Aetna, Humana, Wellcare y Medica<\/i><br ><b >\r\nIowa<\/b>: <i >Uhc, Aetna, Humana y Wellmark<\/i><br ><b >\r\nTexas<\/b>: <i >Uhc, Aetna, Humana, Cigna y Wellcare<\/i><br ><b >\r\nPennsylvania<\/b>: <i >Uhc, Humana, Aetna<\/i><br ><b >\r\nTennessee<\/b>: <i >Cigna, And Wellcare<\/i><br ><b >\r\nArkansas And Kansas<\/b>: <i >Uhc Humana y Aetna<\/i><br ><br ><span  style=\"font-style: italic;\">Tambi\u00e9n podemos realizar productos individuales y ACA en esos estados.<\/span><\/p><\/div> <\/div><\/div> <\/div>","protected":false},"excerpt":{"rendered":"<p>Seguro Suplementario de Medicare: cierre la brecha de Medicare con los beneficios del seguro complementario Llame al (402) 972-0820 Pregunte a nuestros agentes sobre los planes Medigap para cubrir&nbsp;los costos de bolsillo El corredor del Seguro Suplementario de Medicare m\u00e1s confiable en Omaha, NEMidwest Health Insurance Solutions puede ayudarlo a encontrar los planes complementarios que&hellip; <br \/> <a class=\"read-more\" href=\"https:\/\/midwesthis.com\/es\/servicios\/planes-complementarios-de-medicare\/\">Leer m\u00e1s<\/a><\/p>\n","protected":false},"author":4,"featured_media":884,"parent":1883,"menu_order":0,"comment_status":"closed","ping_status":"closed","template":"pro\/page-templates\/full-width-page.php","meta":{"footnotes":""},"class_list":["post-1925","page","type-page","status-publish","has-post-thumbnail","hentry"],"yoast_head":"<!-- This site is optimized with the Yoast SEO plugin v27.3 - https:\/\/yoast.com\/product\/yoast-seo-wordpress\/ -->\n<title>Corredor de seguros complementarios de Medicare en Omaha - Midwest Health Insurance Solution<\/title>\n<meta name=\"description\" content=\"Explore los planes de seguro m\u00e9dico complementario de Medicare con el corredor de seguros de salud m\u00e1s confiable de Omaha. \u00a1Inscr\u00edbase ahora!\" \/>\n<meta name=\"robots\" content=\"index, follow, max-snippet:-1, max-image-preview:large, max-video-preview:-1\" \/>\n<link rel=\"canonical\" href=\"https:\/\/midwesthis.com\/es\/servicios\/planes-complementarios-de-medicare\/\" \/>\n<meta property=\"og:locale\" content=\"es_ES\" \/>\n<meta property=\"og:type\" content=\"article\" \/>\n<meta property=\"og:title\" content=\"Corredor de seguros complementarios de Medicare en Omaha - Midwest Health Insurance Solution\" \/>\n<meta property=\"og:description\" content=\"Explore los planes de seguro m\u00e9dico complementario de Medicare con el corredor de seguros de salud m\u00e1s confiable de Omaha. \u00a1Inscr\u00edbase ahora!\" \/>\n<meta property=\"og:url\" content=\"https:\/\/midwesthis.com\/es\/servicios\/planes-complementarios-de-medicare\/\" \/>\n<meta property=\"og:site_name\" content=\"Omaha Medicare Advantage Obamacare Obama Care Midwest Health Insurance Omaha Obamacare Affordable Care Act (ACA) Obamacare Omaha Medicaid Medicare Insurance\" \/>\n<meta property=\"article:modified_time\" content=\"2025-10-28T18:11:07+00:00\" \/>\n<meta property=\"og:image\" content=\"https:\/\/midwesthis.com\/wp-content\/uploads\/2024\/04\/Medicare_supplement_gap_plan-1.jpg\" \/>\n\t<meta property=\"og:image:width\" content=\"2048\" \/>\n\t<meta property=\"og:image:height\" content=\"1180\" \/>\n\t<meta property=\"og:image:type\" content=\"image\/jpeg\" \/>\n<meta name=\"twitter:card\" content=\"summary_large_image\" \/>\n<meta name=\"twitter:label1\" content=\"Tiempo de lectura\" \/>\n\t<meta name=\"twitter:data1\" content=\"4 minutos\" \/>\n<script type=\"application\/ld+json\" class=\"yoast-schema-graph\">{\"@context\":\"https:\\\/\\\/schema.org\",\"@graph\":[{\"@type\":\"WebPage\",\"@id\":\"https:\\\/\\\/midwesthis.com\\\/es\\\/servicios\\\/planes-complementarios-de-medicare\\\/\",\"url\":\"https:\\\/\\\/midwesthis.com\\\/es\\\/servicios\\\/planes-complementarios-de-medicare\\\/\",\"name\":\"Corredor de seguros complementarios de Medicare en Omaha - Midwest Health Insurance Solution\",\"isPartOf\":{\"@id\":\"https:\\\/\\\/midwesthis.com\\\/es\\\/#website\"},\"primaryImageOfPage\":{\"@id\":\"https:\\\/\\\/midwesthis.com\\\/es\\\/servicios\\\/planes-complementarios-de-medicare\\\/#primaryimage\"},\"image\":{\"@id\":\"https:\\\/\\\/midwesthis.com\\\/es\\\/servicios\\\/planes-complementarios-de-medicare\\\/#primaryimage\"},\"thumbnailUrl\":\"https:\\\/\\\/midwesthis.com\\\/wp-content\\\/uploads\\\/2024\\\/04\\\/Medicare_supplement_gap_plan-1.jpg\",\"datePublished\":\"2024-10-07T15:13:55+00:00\",\"dateModified\":\"2025-10-28T18:11:07+00:00\",\"description\":\"Explore los planes de seguro m\u00e9dico complementario de Medicare con el corredor de seguros de salud m\u00e1s confiable de Omaha. \u00a1Inscr\u00edbase ahora!\",\"breadcrumb\":{\"@id\":\"https:\\\/\\\/midwesthis.com\\\/es\\\/servicios\\\/planes-complementarios-de-medicare\\\/#breadcrumb\"},\"inLanguage\":\"es\",\"potentialAction\":[{\"@type\":\"ReadAction\",\"target\":[\"https:\\\/\\\/midwesthis.com\\\/es\\\/servicios\\\/planes-complementarios-de-medicare\\\/\"]}]},{\"@type\":\"ImageObject\",\"inLanguage\":\"es\",\"@id\":\"https:\\\/\\\/midwesthis.com\\\/es\\\/servicios\\\/planes-complementarios-de-medicare\\\/#primaryimage\",\"url\":\"https:\\\/\\\/midwesthis.com\\\/wp-content\\\/uploads\\\/2024\\\/04\\\/Medicare_supplement_gap_plan-1.jpg\",\"contentUrl\":\"https:\\\/\\\/midwesthis.com\\\/wp-content\\\/uploads\\\/2024\\\/04\\\/Medicare_supplement_gap_plan-1.jpg\",\"width\":2048,\"height\":1180},{\"@type\":\"BreadcrumbList\",\"@id\":\"https:\\\/\\\/midwesthis.com\\\/es\\\/servicios\\\/planes-complementarios-de-medicare\\\/#breadcrumb\",\"itemListElement\":[{\"@type\":\"ListItem\",\"position\":1,\"name\":\"Home\",\"item\":\"https:\\\/\\\/midwesthis.com\\\/es\\\/\"},{\"@type\":\"ListItem\",\"position\":2,\"name\":\"Servicios\",\"item\":\"https:\\\/\\\/midwesthis.com\\\/es\\\/servicios\\\/\"},{\"@type\":\"ListItem\",\"position\":3,\"name\":\"Planes complementarios de Medicare\"}]},{\"@type\":\"WebSite\",\"@id\":\"https:\\\/\\\/midwesthis.com\\\/es\\\/#website\",\"url\":\"https:\\\/\\\/midwesthis.com\\\/es\\\/\",\"name\":\"Omaha Medicare Advantage Obamacare Obama Care Midwest Health Insurance Omaha Obamacare Affordable Care Act (ACA) Obamacare Omaha Medicaid Medicare Insurance\",\"description\":\"Medicare Advantage enrollment - Personal Health ObamaCare Insurance Plans\",\"publisher\":{\"@id\":\"https:\\\/\\\/midwesthis.com\\\/es\\\/#organization\"},\"potentialAction\":[{\"@type\":\"SearchAction\",\"target\":{\"@type\":\"EntryPoint\",\"urlTemplate\":\"https:\\\/\\\/midwesthis.com\\\/es\\\/?s={search_term_string}\"},\"query-input\":{\"@type\":\"PropertyValueSpecification\",\"valueRequired\":true,\"valueName\":\"search_term_string\"}}],\"inLanguage\":\"es\"},{\"@type\":\"Organization\",\"@id\":\"https:\\\/\\\/midwesthis.com\\\/es\\\/#organization\",\"name\":\"midwesthis.com\",\"url\":\"https:\\\/\\\/midwesthis.com\\\/es\\\/\",\"logo\":{\"@type\":\"ImageObject\",\"inLanguage\":\"es\",\"@id\":\"https:\\\/\\\/midwesthis.com\\\/es\\\/#\\\/schema\\\/logo\\\/image\\\/\",\"url\":\"https:\\\/\\\/midwesthis.com\\\/wp-content\\\/uploads\\\/2022\\\/07\\\/thumbnail.jpg\",\"contentUrl\":\"https:\\\/\\\/midwesthis.com\\\/wp-content\\\/uploads\\\/2022\\\/07\\\/thumbnail.jpg\",\"width\":600,\"height\":154,\"caption\":\"midwesthis.com\"},\"image\":{\"@id\":\"https:\\\/\\\/midwesthis.com\\\/es\\\/#\\\/schema\\\/logo\\\/image\\\/\"}}]}<\/script>\n<!-- \/ Yoast SEO plugin. -->","yoast_head_json":{"title":"Corredor de seguros complementarios de Medicare en Omaha - Midwest Health Insurance Solution","description":"Explore los planes de seguro m\u00e9dico complementario de Medicare con el corredor de seguros de salud m\u00e1s confiable de Omaha. \u00a1Inscr\u00edbase ahora!","robots":{"index":"index","follow":"follow","max-snippet":"max-snippet:-1","max-image-preview":"max-image-preview:large","max-video-preview":"max-video-preview:-1"},"canonical":"https:\/\/midwesthis.com\/es\/servicios\/planes-complementarios-de-medicare\/","og_locale":"es_ES","og_type":"article","og_title":"Corredor de seguros complementarios de Medicare en Omaha - Midwest Health Insurance Solution","og_description":"Explore los planes de seguro m\u00e9dico complementario de Medicare con el corredor de seguros de salud m\u00e1s confiable de Omaha. \u00a1Inscr\u00edbase ahora!","og_url":"https:\/\/midwesthis.com\/es\/servicios\/planes-complementarios-de-medicare\/","og_site_name":"Omaha Medicare Advantage Obamacare Obama Care Midwest Health Insurance Omaha Obamacare Affordable Care Act (ACA) Obamacare Omaha Medicaid Medicare Insurance","article_modified_time":"2025-10-28T18:11:07+00:00","og_image":[{"width":2048,"height":1180,"url":"https:\/\/midwesthis.com\/wp-content\/uploads\/2024\/04\/Medicare_supplement_gap_plan-1.jpg","type":"image\/jpeg"}],"twitter_card":"summary_large_image","twitter_misc":{"Tiempo de lectura":"4 minutos"},"schema":{"@context":"https:\/\/schema.org","@graph":[{"@type":"WebPage","@id":"https:\/\/midwesthis.com\/es\/servicios\/planes-complementarios-de-medicare\/","url":"https:\/\/midwesthis.com\/es\/servicios\/planes-complementarios-de-medicare\/","name":"Corredor de seguros complementarios de Medicare en Omaha - Midwest Health Insurance Solution","isPartOf":{"@id":"https:\/\/midwesthis.com\/es\/#website"},"primaryImageOfPage":{"@id":"https:\/\/midwesthis.com\/es\/servicios\/planes-complementarios-de-medicare\/#primaryimage"},"image":{"@id":"https:\/\/midwesthis.com\/es\/servicios\/planes-complementarios-de-medicare\/#primaryimage"},"thumbnailUrl":"https:\/\/midwesthis.com\/wp-content\/uploads\/2024\/04\/Medicare_supplement_gap_plan-1.jpg","datePublished":"2024-10-07T15:13:55+00:00","dateModified":"2025-10-28T18:11:07+00:00","description":"Explore los planes de seguro m\u00e9dico complementario de Medicare con el corredor de seguros de salud m\u00e1s confiable de Omaha. \u00a1Inscr\u00edbase ahora!","breadcrumb":{"@id":"https:\/\/midwesthis.com\/es\/servicios\/planes-complementarios-de-medicare\/#breadcrumb"},"inLanguage":"es","potentialAction":[{"@type":"ReadAction","target":["https:\/\/midwesthis.com\/es\/servicios\/planes-complementarios-de-medicare\/"]}]},{"@type":"ImageObject","inLanguage":"es","@id":"https:\/\/midwesthis.com\/es\/servicios\/planes-complementarios-de-medicare\/#primaryimage","url":"https:\/\/midwesthis.com\/wp-content\/uploads\/2024\/04\/Medicare_supplement_gap_plan-1.jpg","contentUrl":"https:\/\/midwesthis.com\/wp-content\/uploads\/2024\/04\/Medicare_supplement_gap_plan-1.jpg","width":2048,"height":1180},{"@type":"BreadcrumbList","@id":"https:\/\/midwesthis.com\/es\/servicios\/planes-complementarios-de-medicare\/#breadcrumb","itemListElement":[{"@type":"ListItem","position":1,"name":"Home","item":"https:\/\/midwesthis.com\/es\/"},{"@type":"ListItem","position":2,"name":"Servicios","item":"https:\/\/midwesthis.com\/es\/servicios\/"},{"@type":"ListItem","position":3,"name":"Planes complementarios de Medicare"}]},{"@type":"WebSite","@id":"https:\/\/midwesthis.com\/es\/#website","url":"https:\/\/midwesthis.com\/es\/","name":"Omaha Medicare Advantage Obamacare Obama Care Midwest Health Insurance Omaha Obamacare Affordable Care Act (ACA) Obamacare Omaha Medicaid Medicare Insurance","description":"Medicare Advantage enrollment - Personal Health ObamaCare Insurance Plans","publisher":{"@id":"https:\/\/midwesthis.com\/es\/#organization"},"potentialAction":[{"@type":"SearchAction","target":{"@type":"EntryPoint","urlTemplate":"https:\/\/midwesthis.com\/es\/?s={search_term_string}"},"query-input":{"@type":"PropertyValueSpecification","valueRequired":true,"valueName":"search_term_string"}}],"inLanguage":"es"},{"@type":"Organization","@id":"https:\/\/midwesthis.com\/es\/#organization","name":"midwesthis.com","url":"https:\/\/midwesthis.com\/es\/","logo":{"@type":"ImageObject","inLanguage":"es","@id":"https:\/\/midwesthis.com\/es\/#\/schema\/logo\/image\/","url":"https:\/\/midwesthis.com\/wp-content\/uploads\/2022\/07\/thumbnail.jpg","contentUrl":"https:\/\/midwesthis.com\/wp-content\/uploads\/2022\/07\/thumbnail.jpg","width":600,"height":154,"caption":"midwesthis.com"},"image":{"@id":"https:\/\/midwesthis.com\/es\/#\/schema\/logo\/image\/"}}]}},"_links":{"self":[{"href":"https:\/\/midwesthis.com\/es\/wp-json\/wp\/v2\/pages\/1925","targetHints":{"allow":["GET"]}}],"collection":[{"href":"https:\/\/midwesthis.com\/es\/wp-json\/wp\/v2\/pages"}],"about":[{"href":"https:\/\/midwesthis.com\/es\/wp-json\/wp\/v2\/types\/page"}],"author":[{"embeddable":true,"href":"https:\/\/midwesthis.com\/es\/wp-json\/wp\/v2\/users\/4"}],"replies":[{"embeddable":true,"href":"https:\/\/midwesthis.com\/es\/wp-json\/wp\/v2\/comments?post=1925"}],"version-history":[{"count":2,"href":"https:\/\/midwesthis.com\/es\/wp-json\/wp\/v2\/pages\/1925\/revisions"}],"predecessor-version":[{"id":1929,"href":"https:\/\/midwesthis.com\/es\/wp-json\/wp\/v2\/pages\/1925\/revisions\/1929"}],"up":[{"embeddable":true,"href":"https:\/\/midwesthis.com\/es\/wp-json\/wp\/v2\/pages\/1883"}],"wp:featuredmedia":[{"embeddable":true,"href":"https:\/\/midwesthis.com\/es\/wp-json\/wp\/v2\/media\/884"}],"wp:attachment":[{"href":"https:\/\/midwesthis.com\/es\/wp-json\/wp\/v2\/media?parent=1925"}],"curies":[{"name":"wp","href":"https:\/\/api.w.org\/{rel}","templated":true}]}}