{"id":1932,"date":"2017-11-10T14:08:51","date_gmt":"2017-11-10T20:08:51","guid":{"rendered":"https:\/\/midwesthis.com\/mes\/?page_id=1932"},"modified":"2024-11-22T11:41:23","modified_gmt":"2024-11-22T17:41:23","slug":"inicio","status":"publish","type":"page","link":"https:\/\/midwesthis.com\/es\/","title":{"rendered":"Inicio"},"content":{"rendered":"<div  data-label=\"expert guidance\" data-id=\"cta--2\" data-export-id=\"cta-centered-section-grid\" data-category=\"cta\" class=\"cta-centered-section-grid content-section content-section-spacing-medium bg-color1 white-text\" id=\"expert-guidance\" style=\"background-image: none; background-color: #009452;\">\n<div  class=\"\">\n<div  class=\"row text-center\">\n<div  class=\"col-xs-12 col-sm-10 col-sm-offset-1 col-md-8 col-md-offset-2\" data-type=\"column\">\n<h2  class=\"\"><span  style=\"font-family: Lora, arial, helvetica, sans-serif; font-weight: 400;\">INSCR\u00cdBASE AHORA con orientaci\u00f3n experta y biling\u00fce<br >\n<\/span><br >\n<span  style=\"font-family: Lora, arial, helvetica, sans-serif; font-weight: 400;\">Llame al <a  href=\"tel:14029720820\" target=\"_self\" data-cp-link=\"1\" rel=\"noopener\">402-972-0820<\/a><\/span><\/h2>\n<\/div>\n<\/div>\n<\/div>\n<\/div><div  data-label=\"enrollment\" data-id=\"content--1\" data-export-id=\"content-2\" data-category=\"content\" class=\"content-2 content-section content-section-spacing\" id=\"enrollment\" style=\"background-color: #ffffff;\">\n<div  class=\"\">\n<div  class=\"row middle-xs\">\n<div  class=\"col-sm-5 bg-image shadow-large-black\" data-bg=\"image\" style=\"background-image: url('https:\/\/midwesthis.com\/wp-content\/uploads\/2024\/08\/is-medicare-supplement-right-for-you.jpg');\"><\/div>\n<div  class=\"col-sm-7 full-col-left-padding full-col-right-padding first-xs last-sm\">\n<div  class=\"row\">\n<div  data-type=\"column\" class=\"space-bottom-small content-title-col content-left-sm\">\n<h5  class=\"\"><span  style=\"color: #2b72ab;\">EN TODA LA REGI\u00d3N DE NEBRASKA Y IOWA<\/span><\/h5>\n<h2  class=\"\"><span  style=\"font-weight: 400;\">Ofrecemos planes de seguro m\u00e9dico que dan tranquilidad<\/span><\/h2>\n<p  class=\"\" style=\"text-align: left;\"><span  style=\"font-weight: bold; color: #009452; font-style: italic;\"><sup >PLANES DE MEDICARE CON PRIMAS MENSUALES DE $0 PUEDEN ESTAR DISPONIBLES EN SU \u00c1REA. PODR\u00cdAN&nbsp;ESTAR INCLUIDOS PLANES DE MEDICAMENTOS RECETADOS, DENTALES, DE LA VISTA Y COBERTURA DE BIENESTAR.<\/sup><\/span><\/p>\n<\/div>\n<\/div>\n<div  class=\"row spaced-cols \" data-type=\"row\">\n<div  class=\"col-xs-6 col-md-12\" data-type=\"column\">\n<h5  class=\"\">SEGURO INDIVIDUAL Y FAMILIAR<\/h5>\n<p  class=\"\">\u00bfLas normas y opciones de planes de seguro m\u00e9dico actuales lo est\u00e1n volviendo loco?<\/p>\n<\/div>\n<div  class=\"col-xs-6 col-md-12\" data-type=\"column\">\n<h5  class=\"\">INSCRIPCI\u00d3N EN MEDICARE PARA MAYORES DE 65 A\u00d1OS<\/h5>\n<p  class=\"\">\u00bfSe acerca a los 65 a\u00f1os y no est\u00e1 seguro de c\u00f3mo funciona Medicare o cu\u00e1ndo debe inscribirse?<\/p>\n<\/div>\n<div  class=\"col-xs-6 col-md-12\" data-type=\"column\">\n<h5  class=\"\">COBERTURA COMPLEMENTARIA Y DE MEDICAMENTOS<\/h5>\n<p  class=\"\">\u00bfTiene preguntas sobre qu\u00e9 plan complementario es mejor para su cobertura de Medicare?<\/p>\n<\/div>\n<\/div>\n<\/div>\n<\/div>\n<\/div>\n<\/div><div  data-label=\"nebraska and iowa\" data-id=\"cta--1\" data-export-id=\"cta-centered-section-grid\" data-category=\"cta\" class=\"cta-centered-section-grid content-section content-section-spacing-medium bg-color1\" id=\"nebraska-and-iowa\" style=\"background-image: none; background-color: #ffffff;\" data-section-ov=\"1\">\n<div  class=\"\">\n<div  class=\"row text-center\">\n<div  class=\"col-xs-12 col-sm-10 col-sm-offset-1 col-md-8 col-md-offset-2\" data-type=\"column\">\n<p  class=\"\" style=\"text-align: left;\">Si usted es como la mayor\u00eda de los americanos, le ser\u00e1 dif\u00edcil saber por d\u00f3nde comenzar a entender el sistema de seguros m\u00e9dicos. \u00bfQu\u00e9 es obligatorio? \u00bfQu\u00e9 es opcional? \u00bfC\u00f3mo puede usted saber cu\u00e1l ser\u00eda la mejor opci\u00f3n de plan en esta etapa de su vida?<\/p>\n<p  style=\"text-align: left;\" class=\"\">\u00a1Afortunadamente, tenemos una respuesta para todo eso! Contamos con especialistas biling\u00fces que han asumido la misi\u00f3n de educarse y de transmitirle a usted la informaci\u00f3n de manera clara y comprensible.<\/p>\n<p  style=\"text-align: left;\" class=\"\">Otra buena noticia es que no tiene que pagarnos por el tiempo que pasemos con usted ni por inscribirlo en los planes.<\/p>\n<p  style=\"text-align: left;\" class=\"\">Nuestros servicios son gratuitos y le ayudaremos a determinar cu\u00e1l plan se adapta mejor a sus necesidades, y c\u00f3mo hacerlo eficaz en funci\u00f3n del costo para su situaci\u00f3n espec\u00edfica.<\/p>\n<h2  class=\"\" style=\"text-align: left;\"><span  style=\"font-weight: 400;\">SERVICIOS DE CORREDOR DE SEGUROS M\u00c9DICOS<\/span><\/h2>\n<h3  class=\"\" style=\"text-align: left;\">MEDICARE<\/h3>\n<p  class=\"\" style=\"text-align: left;\">Midwest Health Insurance Solutions es el <span  style=\"color: #339966;\"><a  href=\"https:\/\/midwesthis.com\/es\/servicios\/corredor-de-medicare\" style=\"color: #339966;\">Corredor de Medicare<\/a> <\/span>en Omaha, Nebraska m\u00e1s confiable. \u00bfCumplir\u00e1 65 a\u00f1os pronto? Nuestros agentes biling\u00fces altamente experimentados pueden ayudarlo a encontrar el mejor plan de seguro para sus necesidades a un precio que se ajuste a su presupuesto.<\/p>\n<h3  class=\"\" style=\"text-align: left;\">PLANES DE MEDICARE ADVANTAGE<\/h3>\n<p  class=\"\" style=\"text-align: left;\">Midwest Health Insurance Solutions ofrece planes de <span  style=\"color: #339966;\"><a  href=\"https:\/\/midwesthis.com\/es\/servicios\/planes-de-medicare-advantage\" style=\"color: #339966;\">Medicare Advantage<\/a><\/span> que lo ayudan a obtener la atenci\u00f3n que necesita, con representantes biling\u00fces que est\u00e1n listos para responder todas sus preguntas.<\/p>\n<h3  class=\"\" style=\"text-align: left;\">PLANES COMPLEMENTARIOS DE MEDICARE<\/h3>\n<p  class=\"\" style=\"text-align: left;\">Somos un <a  href=\"https:\/\/midwesthis.com\/es\/servicios\/corredor-de-seguro-de-salud-individual\"><span  style=\"color: #339966;\">Corredor de seguros complementarios de Medicare<\/span><\/a> superior con sede en Omaha, Nebraska. Nuestros agentes de seguros de Medicare altamente experimentados lo ayudan a encontrar los planes complementarios que necesita para completar sus beneficios de Medicare. Nuestros agentes biling\u00fces trabajan con una amplia red de proveedores que pueden brindarle el mejor plan para su presupuesto y para sus necesidades de atenci\u00f3n m\u00e9dica.<\/p>\n<h3  class=\"\" style=\"text-align: left;\">SEGURO M\u00c9DICO INDIVIDUAL<\/h3>\n<p  class=\"\" style=\"text-align: left;\">Explore sus opciones de seguro de salud individual con nuestros agentes de seguros profesionales en Midwest Health Insurance Solutions. Somos los mejores <span  style=\"color: #339966;\"><a  href=\"https:\/\/midwesthis.com\/es\/servicios\/corredor-de-seguro-de-salud-individual\" style=\"color: #339966;\">Corredores de Seguros Individuales de Salud<\/a> <\/span>en Omaha, Nebraska. Conozca los planes y proveedores disponibles en el \u00e1rea metropolitana de Omaha. <br >\n<br >\nENROLL NOW with expert, bilingual guidance at <span  style=\"font-weight: bold; color: #009452;\"><a  href=\"tel:14029720820\" target=\"_self\" data-cp-link=\"1\" rel=\"noopener\">(402) 972-0820<\/a><\/span>.<\/p>\n<p  class=\"\">Ya sea que est\u00e9 buscando un nuevo plan de seguro m\u00e9dico para usted o para su familia, o necesite ayuda con un reclamo, Midwest Health Insurance Solutions le brindar\u00e1 asistencia personalizada.<\/p>\n<p  class=\"\">No se preocupe. Llame a nuestros agentes al <span  style=\"font-weight: bold; color: #009452;\"><a  href=\"tel:14029720820\" target=\"_self\" data-cp-link=\"1\" rel=\"noopener\">(402) 972-0820<\/a><\/span> para tener una conversaci\u00f3n personal y obtener detalles precisos en ingl\u00e9s o espa\u00f1ol. Deseamos que se sienta a gusto, con confianza y con cobertura.<\/p>\n<\/div>\n<\/div>\n<\/div>\n<\/div><div  data-label=\"Content\" data-id=\"content-8\" data-export-id=\"content-8\" data-category=\"content\" class=\"content-8 content-section content-section-spacing\" id=\"content-18\" style=\"background-color: #f5fafd; background-image: none;\">\n<div  class=\"gridContainer\">\n<div  class=\"row middle-sm\">\n<div  class=\"col-sm-6 space-bottom-xs content-center-sm\" data-type=\"column\">\n<p  class=\"\"><img  decoding=\"async\" class=\"custom-image\" src=\"https:\/\/midwesthis.com\/wp-content\/uploads\/2020\/09\/mwh_vetrans_v1.png\" title=\"Veterans healthcare plans\" alt=\"Veterans healthcare plans\"><\/p>\n<\/div>\n<div  class=\"col-sm-6 content-center-sm\" data-type=\"column\">\n<h6  class=\"\" style=\"text-align: center;\"><span  style=\"color: #333333;\"><br >\nPARA TODOS LOS VETERANOS JUBILADOS CON TRICARE DE POR VIDA<\/span><\/h6>\n<h2  class=\"\" style=\"text-align: center;\"><span  style=\"font-weight: 400;\">Una vez que sea elegible para Medicare, el plan United Health Care Medicare Advantage Patriot es imprescindible.<\/span><\/h2>\n<p  class=\"\"><a  class=\"button big color1 white-text\" href=\"tel:14023201385\" target=\"_self\" data-cp-link=\"1\" data-icon=\"\" rel=\"noopener\">Llame a Mike al&nbsp;402-320-1385<\/a><\/p>\n<p  class=\"\" style=\"text-align: center;\">Si est\u00e1 pagando o si pagar\u00e1 el monto total actual de la Parte B, la reducci\u00f3n de la prima de la Parte B de $125 por mes por persona es raz\u00f3n suficiente para hablar con nosotros sobre la inscripci\u00f3n.<\/p>\n<p  class=\"\">Este plan tiene una prima CERO y funcionar\u00e1 junto con su TriCare de por vida. Adem\u00e1s, brinda cobertura dental de $2,000 al a\u00f1o y limpiezas semestrales gratuitas. La visi\u00f3n incluye su examen ocular anual y hasta $300 para sus anteojos, sin mencionar el cr\u00e9dito trimestral de $60 para compras sin receta y los servicios de transporte, entre muchos otros beneficios.<\/p>\n<p  class=\"\">Hable con un agente de seguros de Medicare autorizado que tambi\u00e9n es un veterano del Cuerpo de Marines de los EE. UU. que conoce todos los detalles.<\/p>\n<\/div>\n<\/div>\n<\/div>\n<\/div>","protected":false},"excerpt":{"rendered":"<p>INSCR\u00cdBASE AHORA con orientaci\u00f3n experta y biling\u00fce Llame al 402-972-0820 EN TODA LA REGI\u00d3N DE NEBRASKA Y IOWA Ofrecemos planes de seguro m\u00e9dico que dan tranquilidad PLANES DE MEDICARE CON PRIMAS MENSUALES DE $0 PUEDEN ESTAR DISPONIBLES EN SU \u00c1REA. PODR\u00cdAN&nbsp;ESTAR INCLUIDOS PLANES DE MEDICAMENTOS RECETADOS, DENTALES, DE LA VISTA Y COBERTURA DE BIENESTAR. SEGURO&hellip; <br \/> <a class=\"read-more\" href=\"https:\/\/midwesthis.com\/es\/\">Leer m\u00e1s<\/a><\/p>\n","protected":false},"author":4,"featured_media":0,"parent":0,"menu_order":0,"comment_status":"closed","ping_status":"closed","template":"page-templates\/homepage.php","meta":{"footnotes":""},"class_list":["post-1932","page","type-page","status-publish","hentry"],"yoast_head":"<!-- This site is optimized with the Yoast SEO plugin v27.3 - https:\/\/yoast.com\/product\/yoast-seo-wordpress\/ -->\n<title>Agencia de seguros de salud cerca de m\u00ed - Midwest Health Insurance Solutions<\/title>\n<meta name=\"description\" content=\"Midwest Health Insurance en Omaha le ofrece soluciones m\u00e9dicas, conozca nuestros planes individuales o familiares aqu\u00ed o llame al (402) 972-0820.\" \/>\n<meta name=\"robots\" content=\"index, follow, max-snippet:-1, max-image-preview:large, max-video-preview:-1\" \/>\n<link rel=\"canonical\" href=\"https:\/\/midwesthis.com\/es\/\" \/>\n<meta property=\"og:locale\" content=\"es_ES\" \/>\n<meta property=\"og:type\" content=\"article\" \/>\n<meta property=\"og:title\" content=\"Agencia de seguros de salud cerca de m\u00ed - Midwest Health Insurance Solutions\" \/>\n<meta property=\"og:description\" content=\"Midwest Health Insurance en Omaha le ofrece soluciones m\u00e9dicas, conozca nuestros planes individuales o familiares aqu\u00ed o llame al (402) 972-0820.\" \/>\n<meta property=\"og:url\" content=\"https:\/\/midwesthis.com\/es\/\" \/>\n<meta property=\"og:site_name\" content=\"Omaha Medicare Advantage Obamacare Obama Care Midwest Health Insurance Omaha Obamacare Affordable Care Act (ACA) Obamacare Omaha Medicaid Medicare Insurance\" \/>\n<meta property=\"article:modified_time\" content=\"2024-11-22T17:41:23+00:00\" \/>\n<meta property=\"og:image\" content=\"https:\/\/midwesthis.com\/wp-content\/uploads\/2020\/09\/mwh_vetrans_v1.png\" \/>\n<meta name=\"twitter:card\" content=\"summary_large_image\" \/>\n<meta name=\"twitter:label1\" content=\"Tiempo de lectura\" \/>\n\t<meta name=\"twitter:data1\" content=\"4 minutos\" \/>\n<script type=\"application\/ld+json\" class=\"yoast-schema-graph\">{\"@context\":\"https:\\\/\\\/schema.org\",\"@graph\":[{\"@type\":\"WebPage\",\"@id\":\"https:\\\/\\\/midwesthis.com\\\/es\\\/\",\"url\":\"https:\\\/\\\/midwesthis.com\\\/es\\\/\",\"name\":\"Agencia de seguros de salud cerca de m\u00ed - Midwest Health Insurance Solutions\",\"isPartOf\":{\"@id\":\"https:\\\/\\\/midwesthis.com\\\/es\\\/#website\"},\"primaryImageOfPage\":{\"@id\":\"https:\\\/\\\/midwesthis.com\\\/es\\\/#primaryimage\"},\"image\":{\"@id\":\"https:\\\/\\\/midwesthis.com\\\/es\\\/#primaryimage\"},\"thumbnailUrl\":\"https:\\\/\\\/midwesthis.com\\\/wp-content\\\/uploads\\\/2020\\\/09\\\/mwh_vetrans_v1.png\",\"datePublished\":\"2017-11-10T20:08:51+00:00\",\"dateModified\":\"2024-11-22T17:41:23+00:00\",\"description\":\"Midwest Health Insurance en Omaha le ofrece soluciones m\u00e9dicas, conozca nuestros planes individuales o familiares aqu\u00ed o llame al (402) 972-0820.\",\"breadcrumb\":{\"@id\":\"https:\\\/\\\/midwesthis.com\\\/es\\\/#breadcrumb\"},\"inLanguage\":\"es\",\"potentialAction\":[{\"@type\":\"ReadAction\",\"target\":[\"https:\\\/\\\/midwesthis.com\\\/es\\\/\"]}]},{\"@type\":\"ImageObject\",\"inLanguage\":\"es\",\"@id\":\"https:\\\/\\\/midwesthis.com\\\/es\\\/#primaryimage\",\"url\":\"https:\\\/\\\/midwesthis.com\\\/wp-content\\\/uploads\\\/2020\\\/09\\\/mwh_vetrans_v1.png\",\"contentUrl\":\"https:\\\/\\\/midwesthis.com\\\/wp-content\\\/uploads\\\/2020\\\/09\\\/mwh_vetrans_v1.png\"},{\"@type\":\"BreadcrumbList\",\"@id\":\"https:\\\/\\\/midwesthis.com\\\/es\\\/#breadcrumb\",\"itemListElement\":[{\"@type\":\"ListItem\",\"position\":1,\"name\":\"Home\",\"item\":\"https:\\\/\\\/midwesthis.com\\\/es\\\/\"},{\"@type\":\"ListItem\",\"position\":2,\"name\":\"Inicio\"}]},{\"@type\":\"WebSite\",\"@id\":\"https:\\\/\\\/midwesthis.com\\\/es\\\/#website\",\"url\":\"https:\\\/\\\/midwesthis.com\\\/es\\\/\",\"name\":\"Omaha Medicare Advantage Obamacare Obama Care Midwest Health Insurance Omaha Obamacare Affordable Care Act (ACA) Obamacare Omaha Medicaid Medicare Insurance\",\"description\":\"Medicare Advantage enrollment - Personal Health ObamaCare Insurance Plans\",\"publisher\":{\"@id\":\"https:\\\/\\\/midwesthis.com\\\/es\\\/#organization\"},\"potentialAction\":[{\"@type\":\"SearchAction\",\"target\":{\"@type\":\"EntryPoint\",\"urlTemplate\":\"https:\\\/\\\/midwesthis.com\\\/es\\\/?s={search_term_string}\"},\"query-input\":{\"@type\":\"PropertyValueSpecification\",\"valueRequired\":true,\"valueName\":\"search_term_string\"}}],\"inLanguage\":\"es\"},{\"@type\":\"Organization\",\"@id\":\"https:\\\/\\\/midwesthis.com\\\/es\\\/#organization\",\"name\":\"midwesthis.com\",\"url\":\"https:\\\/\\\/midwesthis.com\\\/es\\\/\",\"logo\":{\"@type\":\"ImageObject\",\"inLanguage\":\"es\",\"@id\":\"https:\\\/\\\/midwesthis.com\\\/es\\\/#\\\/schema\\\/logo\\\/image\\\/\",\"url\":\"https:\\\/\\\/midwesthis.com\\\/wp-content\\\/uploads\\\/2022\\\/07\\\/thumbnail.jpg\",\"contentUrl\":\"https:\\\/\\\/midwesthis.com\\\/wp-content\\\/uploads\\\/2022\\\/07\\\/thumbnail.jpg\",\"width\":600,\"height\":154,\"caption\":\"midwesthis.com\"},\"image\":{\"@id\":\"https:\\\/\\\/midwesthis.com\\\/es\\\/#\\\/schema\\\/logo\\\/image\\\/\"}}]}<\/script>\n<!-- \/ Yoast SEO plugin. -->","yoast_head_json":{"title":"Agencia de seguros de salud cerca de m\u00ed - Midwest Health Insurance Solutions","description":"Midwest Health Insurance en Omaha le ofrece soluciones m\u00e9dicas, conozca nuestros planes individuales o familiares aqu\u00ed o llame al (402) 972-0820.","robots":{"index":"index","follow":"follow","max-snippet":"max-snippet:-1","max-image-preview":"max-image-preview:large","max-video-preview":"max-video-preview:-1"},"canonical":"https:\/\/midwesthis.com\/es\/","og_locale":"es_ES","og_type":"article","og_title":"Agencia de seguros de salud cerca de m\u00ed - Midwest Health Insurance Solutions","og_description":"Midwest Health Insurance en Omaha le ofrece soluciones m\u00e9dicas, conozca nuestros planes individuales o familiares aqu\u00ed o llame al (402) 972-0820.","og_url":"https:\/\/midwesthis.com\/es\/","og_site_name":"Omaha Medicare Advantage Obamacare Obama Care Midwest Health Insurance Omaha Obamacare Affordable Care Act (ACA) Obamacare Omaha Medicaid Medicare Insurance","article_modified_time":"2024-11-22T17:41:23+00:00","og_image":[{"url":"https:\/\/midwesthis.com\/wp-content\/uploads\/2020\/09\/mwh_vetrans_v1.png","type":"","width":"","height":""}],"twitter_card":"summary_large_image","twitter_misc":{"Tiempo de lectura":"4 minutos"},"schema":{"@context":"https:\/\/schema.org","@graph":[{"@type":"WebPage","@id":"https:\/\/midwesthis.com\/es\/","url":"https:\/\/midwesthis.com\/es\/","name":"Agencia de seguros de salud cerca de m\u00ed - Midwest Health Insurance Solutions","isPartOf":{"@id":"https:\/\/midwesthis.com\/es\/#website"},"primaryImageOfPage":{"@id":"https:\/\/midwesthis.com\/es\/#primaryimage"},"image":{"@id":"https:\/\/midwesthis.com\/es\/#primaryimage"},"thumbnailUrl":"https:\/\/midwesthis.com\/wp-content\/uploads\/2020\/09\/mwh_vetrans_v1.png","datePublished":"2017-11-10T20:08:51+00:00","dateModified":"2024-11-22T17:41:23+00:00","description":"Midwest Health Insurance en Omaha le ofrece soluciones m\u00e9dicas, conozca nuestros planes individuales o familiares aqu\u00ed o llame al (402) 972-0820.","breadcrumb":{"@id":"https:\/\/midwesthis.com\/es\/#breadcrumb"},"inLanguage":"es","potentialAction":[{"@type":"ReadAction","target":["https:\/\/midwesthis.com\/es\/"]}]},{"@type":"ImageObject","inLanguage":"es","@id":"https:\/\/midwesthis.com\/es\/#primaryimage","url":"https:\/\/midwesthis.com\/wp-content\/uploads\/2020\/09\/mwh_vetrans_v1.png","contentUrl":"https:\/\/midwesthis.com\/wp-content\/uploads\/2020\/09\/mwh_vetrans_v1.png"},{"@type":"BreadcrumbList","@id":"https:\/\/midwesthis.com\/es\/#breadcrumb","itemListElement":[{"@type":"ListItem","position":1,"name":"Home","item":"https:\/\/midwesthis.com\/es\/"},{"@type":"ListItem","position":2,"name":"Inicio"}]},{"@type":"WebSite","@id":"https:\/\/midwesthis.com\/es\/#website","url":"https:\/\/midwesthis.com\/es\/","name":"Omaha Medicare Advantage Obamacare Obama Care Midwest Health Insurance Omaha Obamacare Affordable Care Act (ACA) Obamacare Omaha Medicaid Medicare Insurance","description":"Medicare Advantage enrollment - Personal Health ObamaCare Insurance Plans","publisher":{"@id":"https:\/\/midwesthis.com\/es\/#organization"},"potentialAction":[{"@type":"SearchAction","target":{"@type":"EntryPoint","urlTemplate":"https:\/\/midwesthis.com\/es\/?s={search_term_string}"},"query-input":{"@type":"PropertyValueSpecification","valueRequired":true,"valueName":"search_term_string"}}],"inLanguage":"es"},{"@type":"Organization","@id":"https:\/\/midwesthis.com\/es\/#organization","name":"midwesthis.com","url":"https:\/\/midwesthis.com\/es\/","logo":{"@type":"ImageObject","inLanguage":"es","@id":"https:\/\/midwesthis.com\/es\/#\/schema\/logo\/image\/","url":"https:\/\/midwesthis.com\/wp-content\/uploads\/2022\/07\/thumbnail.jpg","contentUrl":"https:\/\/midwesthis.com\/wp-content\/uploads\/2022\/07\/thumbnail.jpg","width":600,"height":154,"caption":"midwesthis.com"},"image":{"@id":"https:\/\/midwesthis.com\/es\/#\/schema\/logo\/image\/"}}]}},"_links":{"self":[{"href":"https:\/\/midwesthis.com\/es\/wp-json\/wp\/v2\/pages\/1932","targetHints":{"allow":["GET"]}}],"collection":[{"href":"https:\/\/midwesthis.com\/es\/wp-json\/wp\/v2\/pages"}],"about":[{"href":"https:\/\/midwesthis.com\/es\/wp-json\/wp\/v2\/types\/page"}],"author":[{"embeddable":true,"href":"https:\/\/midwesthis.com\/es\/wp-json\/wp\/v2\/users\/4"}],"replies":[{"embeddable":true,"href":"https:\/\/midwesthis.com\/es\/wp-json\/wp\/v2\/comments?post=1932"}],"version-history":[{"count":6,"href":"https:\/\/midwesthis.com\/es\/wp-json\/wp\/v2\/pages\/1932\/revisions"}],"predecessor-version":[{"id":2046,"href":"https:\/\/midwesthis.com\/es\/wp-json\/wp\/v2\/pages\/1932\/revisions\/2046"}],"wp:attachment":[{"href":"https:\/\/midwesthis.com\/es\/wp-json\/wp\/v2\/media?parent=1932"}],"curies":[{"name":"wp","href":"https:\/\/api.w.org\/{rel}","templated":true}]}}